{"id":9115,"date":"2024-05-16T21:10:59","date_gmt":"2024-05-16T21:10:59","guid":{"rendered":"https:\/\/fge.usthb.dz\/?page_id=9115"},"modified":"2026-05-03T12:26:03","modified_gmt":"2026-05-03T12:26:03","slug":"laboratoire-de-recherche-en-robotique-parallelisme-et-systemes-embarques","status":"publish","type":"page","link":"https:\/\/fge.usthb.dz\/index.php\/laboratoire-de-recherche-en-robotique-parallelisme-et-systemes-embarques\/","title":{"rendered":"JLISIC\u20192026"},"content":{"rendered":"\n<p>Le laboratoire d\u2019Ing\u00e9nierie des Syst\u00e8mes Intelligents et Communicants (LISIC) de la<br>Facult\u00e9 de G\u00e9nie Electrique (FGE) de l\u2019USTHB organise le 04 Mai 2026 la 3eme Journ\u00e9e<br>Scientifique JLISIC.<\/p>\n\n\n\n<p><a href=\"https:\/\/fge.usthb.dz\/wp-content\/uploads\/2026\/05\/CFP_JLISIC2026.pdf\">JLISIC\u20192026<\/a><\/p>\n","protected":false},"excerpt":{"rendered":"<p>Le laboratoire d\u2019Ing\u00e9nierie des Syst\u00e8mes Intelligents et Communicants (LISIC) de <span class=\"readmore\"><a href=\"https:\/\/fge.usthb.dz\/index.php\/laboratoire-de-recherche-en-robotique-parallelisme-et-systemes-embarques\/\">Suite<\/a><\/span><\/p>\n","protected":false},"author":2,"featured_media":12536,"parent":0,"menu_order":0,"comment_status":"closed","ping_status":"closed","template":"","meta":{"footnotes":""},"class_list":["post-9115","page","type-page","status-publish","has-post-thumbnail","hentry"],"_links":{"self":[{"href":"https:\/\/fge.usthb.dz\/index.php\/wp-json\/wp\/v2\/pages\/9115","targetHints":{"allow":["GET"]}}],"collection":[{"href":"https:\/\/fge.usthb.dz\/index.php\/wp-json\/wp\/v2\/pages"}],"about":[{"href":"https:\/\/fge.usthb.dz\/index.php\/wp-json\/wp\/v2\/types\/page"}],"author":[{"embeddable":true,"href":"https:\/\/fge.usthb.dz\/index.php\/wp-json\/wp\/v2\/users\/2"}],"replies":[{"embeddable":true,"href":"https:\/\/fge.usthb.dz\/index.php\/wp-json\/wp\/v2\/comments?post=9115"}],"version-history":[{"count":6,"href":"https:\/\/fge.usthb.dz\/index.php\/wp-json\/wp\/v2\/pages\/9115\/revisions"}],"predecessor-version":[{"id":12531,"href":"https:\/\/fge.usthb.dz\/index.php\/wp-json\/wp\/v2\/pages\/9115\/revisions\/12531"}],"wp:featuredmedia":[{"embeddable":true,"href":"https:\/\/fge.usthb.dz\/index.php\/wp-json\/wp\/v2\/media\/12536"}],"wp:attachment":[{"href":"https:\/\/fge.usthb.dz\/index.php\/wp-json\/wp\/v2\/media?parent=9115"}],"curies":[{"name":"wp","href":"https:\/\/api.w.org\/{rel}","templated":true}]}}