{"id":9018,"date":"2024-04-16T09:03:52","date_gmt":"2024-04-16T09:03:52","guid":{"rendered":"https:\/\/fge.usthb.dz\/?page_id=9018"},"modified":"2024-12-08T10:07:28","modified_gmt":"2024-12-08T10:07:28","slug":"consultations-2024","status":"publish","type":"page","link":"https:\/\/fge.usthb.dz\/index.php\/consultations-2024\/","title":{"rendered":"Consultations 2024"},"content":{"rendered":"\n<p>Avis de consultation (N\u00b0001\/FGE\/2024) reIative  \u00e0 l&#8217;acquisition du syst\u00e8me m\u00e9catronique modulaire &#8216;lignes de production&#8217; de la FGE .<\/p>\n\n\n\n<p><a href=\"https:\/\/fge.usthb.dz\/wp-content\/uploads\/2024\/04\/consultation-N\u00b001-2024.pdf\">Consultation restreinte (N\u00b0001\/FGE\/2024)<\/a><\/p>\n\n\n\n<p>Avis de consultation (N\u00b0002\/FGE\/2024) reIative \u00e0 la prestation de gardiennage et s\u00e9curit\u00e9 au profit de la Facult\u00e9 de G\u00e9nie Electrique<\/p>\n\n\n\n<p><a href=\"https:\/\/fge.usthb.dz\/wp-content\/uploads\/2024\/04\/consultation-N\u00b0-02-2024.pdf\">Consultation restreinte (N\u00b0002\/FGE\/2024)<\/a><\/p>\n\n\n\n<p>Avis de consultation restreinte (N\u00b0016\/FGE\/2024) reIative aux travaux de nettoyage effectuer au niveau de la Facult\u00e9 de G\u00e9nie \u00c9lectrique par lot.<\/p>\n\n\n\n<p><a href=\"https:\/\/fge.usthb.dz\/wp-content\/uploads\/2024\/12\/consultation-16-traveaux-nettoyage.pdf\">Consultation restreinte (N\u00b0016\/FGE\/2024)<\/a><\/p>\n\n\n\n<p>Avis de consultation restreinte (N\u00b0017\/FGE\/2024) reIative \u00e0 acquisition du mobilier de bureau.<\/p>\n\n\n\n<p><a href=\"https:\/\/fge.usthb.dz\/wp-content\/uploads\/2024\/12\/consultation-17-aquisition-mobilier-bureau.pdf\">Consultation restreinte (N\u00b0017\/FGE\/2024)<\/a><\/p>\n\n\n\n<p>Avis de consultation restreinte (N\u00b0019\/FGE\/2024) reIative aux acquisitions du mt\u00e9riels &amp; consommables informatiques pour les laboratoires de recherche par lot &#8220;budget suppl\u00e9mentaires&#8221;.<\/p>\n\n\n\n<p><a href=\"https:\/\/fge.usthb.dz\/wp-content\/uploads\/2024\/12\/consultation19.pdf\">Consultation restreinte (N\u00b0019\/FGE\/2024)<\/a><\/p>\n\n\n\n<p>Avis de consultation restreinte (N\u00b0020\/FGE\/2024) reIative aux acquisitions du mt\u00e9riels, outils et \u00e9quipements scientifiques  pour les laboratoires de recherche par lot \u201cbudget suppl\u00e9mentaires\u201d.<\/p>\n\n\n\n<p><a href=\"https:\/\/fge.usthb.dz\/wp-content\/uploads\/2024\/12\/consultation20.pdf\">Consultation restreinte (N\u00b0020\/FGE\/2024)<\/a><\/p>\n\n\n\n<p>Avis de consultation restreinte (N\u00b0021\/FGE\/2024) reIative aux acquisitions des fournitures y compris les composants \u00e9lectroniques et m\u00e9caniques audiovisuels et accessoires et besoins des laboratoires par lot \u201cbudget suppl\u00e9mentaires\u201d.<\/p>\n\n\n\n<p><a href=\"https:\/\/fge.usthb.dz\/wp-content\/uploads\/2024\/12\/consultation21.pdf\">Consultation restreinte (N\u00b0021\/FGE\/2024)<\/a><\/p>\n","protected":false},"excerpt":{"rendered":"<p>Avis de consultation (N\u00b0001\/FGE\/2024) reIative \u00e0 l&#8217;acquisition du syst\u00e8me m\u00e9catronique <span class=\"readmore\"><a href=\"https:\/\/fge.usthb.dz\/index.php\/consultations-2024\/\">Suite<\/a><\/span><\/p>\n","protected":false},"author":2,"featured_media":10544,"parent":0,"menu_order":0,"comment_status":"closed","ping_status":"closed","template":"","meta":{"footnotes":""},"class_list":["post-9018","page","type-page","status-publish","has-post-thumbnail","hentry"],"_links":{"self":[{"href":"https:\/\/fge.usthb.dz\/index.php\/wp-json\/wp\/v2\/pages\/9018","targetHints":{"allow":["GET"]}}],"collection":[{"href":"https:\/\/fge.usthb.dz\/index.php\/wp-json\/wp\/v2\/pages"}],"about":[{"href":"https:\/\/fge.usthb.dz\/index.php\/wp-json\/wp\/v2\/types\/page"}],"author":[{"embeddable":true,"href":"https:\/\/fge.usthb.dz\/index.php\/wp-json\/wp\/v2\/users\/2"}],"replies":[{"embeddable":true,"href":"https:\/\/fge.usthb.dz\/index.php\/wp-json\/wp\/v2\/comments?post=9018"}],"version-history":[{"count":24,"href":"https:\/\/fge.usthb.dz\/index.php\/wp-json\/wp\/v2\/pages\/9018\/revisions"}],"predecessor-version":[{"id":10542,"href":"https:\/\/fge.usthb.dz\/index.php\/wp-json\/wp\/v2\/pages\/9018\/revisions\/10542"}],"wp:featuredmedia":[{"embeddable":true,"href":"https:\/\/fge.usthb.dz\/index.php\/wp-json\/wp\/v2\/media\/10544"}],"wp:attachment":[{"href":"https:\/\/fge.usthb.dz\/index.php\/wp-json\/wp\/v2\/media?parent=9018"}],"curies":[{"name":"wp","href":"https:\/\/api.w.org\/{rel}","templated":true}]}}