{"id":8474,"date":"2024-02-01T22:46:49","date_gmt":"2024-02-01T22:46:49","guid":{"rendered":"https:\/\/fge.usthb.dz\/?page_id=8474"},"modified":"2025-09-02T09:48:52","modified_gmt":"2025-09-02T09:48:52","slug":"departement-electrotechnique-2","status":"publish","type":"page","link":"https:\/\/fge.usthb.dz\/index.php\/departement-electrotechnique-2\/","title":{"rendered":"D\u00e9partement \u00c9lectrotechnique"},"content":{"rendered":"\n<p class=\"has-text-color has-link-color has-normal-font-size wp-elements-c8f4678e584113bc5c6c1b4206c128cf\" style=\"color:#461766\"><strong>PV de d\u00e9lib\u00e9ration  \u00c9lectrotechnique<strong> <\/strong> 2025-2026 <\/strong>:<\/p>\n\n\n\n<p><\/p>\n","protected":false},"excerpt":{"rendered":"<p>PV de d\u00e9lib\u00e9ration \u00c9lectrotechnique 2025-2026 :<\/p>\n","protected":false},"author":2,"featured_media":0,"parent":0,"menu_order":0,"comment_status":"closed","ping_status":"closed","template":"","meta":{"footnotes":""},"class_list":["post-8474","page","type-page","status-publish","hentry"],"_links":{"self":[{"href":"https:\/\/fge.usthb.dz\/index.php\/wp-json\/wp\/v2\/pages\/8474","targetHints":{"allow":["GET"]}}],"collection":[{"href":"https:\/\/fge.usthb.dz\/index.php\/wp-json\/wp\/v2\/pages"}],"about":[{"href":"https:\/\/fge.usthb.dz\/index.php\/wp-json\/wp\/v2\/types\/page"}],"author":[{"embeddable":true,"href":"https:\/\/fge.usthb.dz\/index.php\/wp-json\/wp\/v2\/users\/2"}],"replies":[{"embeddable":true,"href":"https:\/\/fge.usthb.dz\/index.php\/wp-json\/wp\/v2\/comments?post=8474"}],"version-history":[{"count":276,"href":"https:\/\/fge.usthb.dz\/index.php\/wp-json\/wp\/v2\/pages\/8474\/revisions"}],"predecessor-version":[{"id":11439,"href":"https:\/\/fge.usthb.dz\/index.php\/wp-json\/wp\/v2\/pages\/8474\/revisions\/11439"}],"wp:attachment":[{"href":"https:\/\/fge.usthb.dz\/index.php\/wp-json\/wp\/v2\/media?parent=8474"}],"curies":[{"name":"wp","href":"https:\/\/api.w.org\/{rel}","templated":true}]}}