{"id":8314,"date":"2024-02-01T09:02:51","date_gmt":"2024-02-01T09:02:51","guid":{"rendered":"https:\/\/fge.usthb.dz\/?page_id=8314"},"modified":"2025-09-02T09:49:37","modified_gmt":"2025-09-02T09:49:37","slug":"departement-telecommunication-2","status":"publish","type":"page","link":"https:\/\/fge.usthb.dz\/index.php\/departement-telecommunication-2\/","title":{"rendered":"D\u00e9partement T\u00e9l\u00e9communication"},"content":{"rendered":"\n<p class=\"has-text-color has-link-color has-normal-font-size wp-elements-06e2c2b7635909d546701221e17bb3a7\" style=\"color:#4c0d6b\"><strong>PV de D\u00e9lib\u00e9ration T\u00e9l\u00e9communication  2025-2026<\/strong><\/p>\n\n\n\n<p><\/p>\n","protected":false},"excerpt":{"rendered":"<p>PV de D\u00e9lib\u00e9ration T\u00e9l\u00e9communication 2025-2026<\/p>\n","protected":false},"author":2,"featured_media":0,"parent":0,"menu_order":0,"comment_status":"closed","ping_status":"closed","template":"","meta":{"footnotes":""},"class_list":["post-8314","page","type-page","status-publish","hentry"],"_links":{"self":[{"href":"https:\/\/fge.usthb.dz\/index.php\/wp-json\/wp\/v2\/pages\/8314","targetHints":{"allow":["GET"]}}],"collection":[{"href":"https:\/\/fge.usthb.dz\/index.php\/wp-json\/wp\/v2\/pages"}],"about":[{"href":"https:\/\/fge.usthb.dz\/index.php\/wp-json\/wp\/v2\/types\/page"}],"author":[{"embeddable":true,"href":"https:\/\/fge.usthb.dz\/index.php\/wp-json\/wp\/v2\/users\/2"}],"replies":[{"embeddable":true,"href":"https:\/\/fge.usthb.dz\/index.php\/wp-json\/wp\/v2\/comments?post=8314"}],"version-history":[{"count":196,"href":"https:\/\/fge.usthb.dz\/index.php\/wp-json\/wp\/v2\/pages\/8314\/revisions"}],"predecessor-version":[{"id":11440,"href":"https:\/\/fge.usthb.dz\/index.php\/wp-json\/wp\/v2\/pages\/8314\/revisions\/11440"}],"wp:attachment":[{"href":"https:\/\/fge.usthb.dz\/index.php\/wp-json\/wp\/v2\/media?parent=8314"}],"curies":[{"name":"wp","href":"https:\/\/api.w.org\/{rel}","templated":true}]}}