{"id":8302,"date":"2024-02-01T08:55:18","date_gmt":"2024-02-01T08:55:18","guid":{"rendered":"https:\/\/fge.usthb.dz\/?page_id=8302"},"modified":"2026-02-09T09:32:45","modified_gmt":"2026-02-09T09:32:45","slug":"departement-electronique-2","status":"publish","type":"page","link":"https:\/\/fge.usthb.dz\/index.php\/departement-electronique-2\/","title":{"rendered":"D\u00e9partement \u00c9lectronique S1"},"content":{"rendered":"\n<p class=\"has-small-font-size\"><strong>Licence<\/strong><\/p>\n\n\n\n<p class=\"has-small-font-size\"><a href=\"https:\/\/drive.google.com\/drive\/folders\/1fO5o-vUyH1Yo6z6Bx5ctEQ38GwpvioFk\">PV de d\u00e9lib\u00e9ration \u00e9lectronique 2025-2026<\/a><\/p>\n\n\n\n<p class=\"has-small-font-size\"><strong>Master<\/strong><\/p>\n\n\n\n<p class=\"has-small-font-size\"><a href=\"https:\/\/drive.google.com\/drive\/folders\/141HQOeKLKntzqGzZMuP8NlCovoNqPjZJ\">PV de d\u00e9lib\u00e9ration \u00e9lectronique 2025-2026<\/a><\/p>\n\n\n\n<p class=\"has-small-font-size\"><strong>Ing\u00e9niorat<\/strong><\/p>\n\n\n\n<p class=\"has-small-font-size\"><a href=\"https:\/\/drive.google.com\/drive\/folders\/1NqetfIOsqUT0mGDZAyjscr7mSGeHAaec\">PV de d\u00e9lib\u00e9ration \u00e9lectronique 2025-2026<\/a><\/p>\n\n\n\n<p><\/p>\n","protected":false},"excerpt":{"rendered":"<p>Licence PV de d\u00e9lib\u00e9ration \u00e9lectronique 2025-2026 Master PV de d\u00e9lib\u00e9ration <span class=\"readmore\"><a href=\"https:\/\/fge.usthb.dz\/index.php\/departement-electronique-2\/\">Suite<\/a><\/span><\/p>\n","protected":false},"author":2,"featured_media":0,"parent":0,"menu_order":0,"comment_status":"closed","ping_status":"closed","template":"","meta":{"footnotes":""},"class_list":["post-8302","page","type-page","status-publish","hentry"],"_links":{"self":[{"href":"https:\/\/fge.usthb.dz\/index.php\/wp-json\/wp\/v2\/pages\/8302","targetHints":{"allow":["GET"]}}],"collection":[{"href":"https:\/\/fge.usthb.dz\/index.php\/wp-json\/wp\/v2\/pages"}],"about":[{"href":"https:\/\/fge.usthb.dz\/index.php\/wp-json\/wp\/v2\/types\/page"}],"author":[{"embeddable":true,"href":"https:\/\/fge.usthb.dz\/index.php\/wp-json\/wp\/v2\/users\/2"}],"replies":[{"embeddable":true,"href":"https:\/\/fge.usthb.dz\/index.php\/wp-json\/wp\/v2\/comments?post=8302"}],"version-history":[{"count":196,"href":"https:\/\/fge.usthb.dz\/index.php\/wp-json\/wp\/v2\/pages\/8302\/revisions"}],"predecessor-version":[{"id":12323,"href":"https:\/\/fge.usthb.dz\/index.php\/wp-json\/wp\/v2\/pages\/8302\/revisions\/12323"}],"wp:attachment":[{"href":"https:\/\/fge.usthb.dz\/index.php\/wp-json\/wp\/v2\/media?parent=8302"}],"curies":[{"name":"wp","href":"https:\/\/api.w.org\/{rel}","templated":true}]}}