{"id":8272,"date":"2024-01-29T10:46:56","date_gmt":"2024-01-29T10:46:56","guid":{"rendered":"https:\/\/fge.usthb.dz\/?page_id=8272"},"modified":"2024-02-01T13:40:27","modified_gmt":"2024-02-01T13:40:27","slug":"cooperation-entre-luniversite-des-sciences-et-de-la-technologie-houari-boumedienne-usthb","status":"publish","type":"page","link":"https:\/\/fge.usthb.dz\/index.php\/cooperation-entre-luniversite-des-sciences-et-de-la-technologie-houari-boumedienne-usthb\/","title":{"rendered":"Coop\u00e9ration"},"content":{"rendered":"\n<p>Appel \u00e0 la candidature pour un stage pour les Doctorants \u00e0 l&#8217;Universit\u00e9 de technologie de Bialystok (BUT)<\/p>\n\n\n\n<p><a href=\"https:\/\/fge.usthb.dz\/wp-content\/uploads\/2024\/01\/fr_Cooperation-between-the-University-of-Science-and-Technology-Houari-Boumedienne-1.odt\"><strong>Coop\u00e9ration<\/strong> <strong>entre l&#8217;Universit\u00e9 des Sciences et de la Technologie Houari Boumedienne (USTHB),<\/strong> <strong>Alg\u00e9rie et l&#8217;Universit\u00e9 de Technologie de Bialystok (BUT), Pologne<\/strong><\/a><\/p>\n\n\n\n<p><a href=\"https:\/\/fge.usthb.dz\/wp-content\/uploads\/2024\/01\/Cooperation-between-the-University-of-Science-and-Technology-Houari-Boumedienne-1.odt\"><strong>Cooperation<\/strong> <strong>between the University of Science and Technology Houari Boumedienne (USTHB), Algeria and Bialystok University of Technology (BUT), Poland<\/strong><\/a><\/p>\n","protected":false},"excerpt":{"rendered":"<p>Appel \u00e0 la candidature pour un stage pour les Doctorants <span class=\"readmore\"><a href=\"https:\/\/fge.usthb.dz\/index.php\/cooperation-entre-luniversite-des-sciences-et-de-la-technologie-houari-boumedienne-usthb\/\">Suite<\/a><\/span><\/p>\n","protected":false},"author":2,"featured_media":8290,"parent":0,"menu_order":0,"comment_status":"closed","ping_status":"closed","template":"","meta":{"footnotes":""},"class_list":["post-8272","page","type-page","status-publish","has-post-thumbnail","hentry"],"_links":{"self":[{"href":"https:\/\/fge.usthb.dz\/index.php\/wp-json\/wp\/v2\/pages\/8272","targetHints":{"allow":["GET"]}}],"collection":[{"href":"https:\/\/fge.usthb.dz\/index.php\/wp-json\/wp\/v2\/pages"}],"about":[{"href":"https:\/\/fge.usthb.dz\/index.php\/wp-json\/wp\/v2\/types\/page"}],"author":[{"embeddable":true,"href":"https:\/\/fge.usthb.dz\/index.php\/wp-json\/wp\/v2\/users\/2"}],"replies":[{"embeddable":true,"href":"https:\/\/fge.usthb.dz\/index.php\/wp-json\/wp\/v2\/comments?post=8272"}],"version-history":[{"count":6,"href":"https:\/\/fge.usthb.dz\/index.php\/wp-json\/wp\/v2\/pages\/8272\/revisions"}],"predecessor-version":[{"id":8384,"href":"https:\/\/fge.usthb.dz\/index.php\/wp-json\/wp\/v2\/pages\/8272\/revisions\/8384"}],"wp:featuredmedia":[{"embeddable":true,"href":"https:\/\/fge.usthb.dz\/index.php\/wp-json\/wp\/v2\/media\/8290"}],"wp:attachment":[{"href":"https:\/\/fge.usthb.dz\/index.php\/wp-json\/wp\/v2\/media?parent=8272"}],"curies":[{"name":"wp","href":"https:\/\/api.w.org\/{rel}","templated":true}]}}