{"id":7902,"date":"2023-11-09T14:12:51","date_gmt":"2023-11-09T14:12:51","guid":{"rendered":"https:\/\/fge.usthb.dz\/?page_id=7902"},"modified":"2026-04-23T11:02:02","modified_gmt":"2026-04-23T11:02:02","slug":"examen","status":"publish","type":"page","link":"https:\/\/fge.usthb.dz\/index.php\/examen\/","title":{"rendered":"Examen"},"content":{"rendered":"\n<p class=\"has-luminous-dusk-gradient-background has-background\"><strong>Planning des examens S2 de l\u2019ann\u00e9e 2025-2026:<\/strong><\/p>\n\n\n\n<figure class=\"wp-block-table\"><table class=\"has-blush-light-purple-gradient-background has-background\"><tbody><tr><td><a href=\"https:\/\/fge.usthb.dz\/dept_electrotec\/index.php\/examen\/\">Planning des examens de d\u00e9partement d\u2019\u00c9lectrotechnique<\/a><\/td><\/tr><tr><td><a href=\"https:\/\/fge.usthb.dz\/dept_telecom\/index.php\/examen\/\">Planning des examens de d\u00e9partement de T\u00e9l\u00e9communication<\/a><\/td><\/tr><tr><td><a href=\"https:\/\/fge.usthb.dz\/dept_electro\/index.php\/exmens\/\">Planning des examens de d\u00e9partement d\u2019\u00c9lectronique<\/a><\/td><\/tr><tr><td><a href=\"https:\/\/fge.usthb.dz\/dept_auto\/index.php\/examen\/\">Planning des examens de d\u00e9partement d\u2019Automatique<\/a><\/td><\/tr><\/tbody><\/table><\/figure>\n\n\n\n<p><a href=\"https:\/\/fge.usthb.dz\/wp-content\/uploads\/2026\/04\/Planning-des-Examens-S2-Groupe-de-filiere_A.pdf\">Planning des Examens du 2\u00e9me Ann\u00e9e ING Groupe de fili\u00e9re A sec A-B<\/a><\/p>\n\n\n\n<p><\/p>\n\n\n\n<p><\/p>\n\n\n\n<p><\/p>\n\n\n\n<p><\/p>\n\n\n\n<p><\/p>\n","protected":false},"excerpt":{"rendered":"<p>Planning des examens S2 de l\u2019ann\u00e9e 2025-2026: Planning des examens <span class=\"readmore\"><a href=\"https:\/\/fge.usthb.dz\/index.php\/examen\/\">Suite<\/a><\/span><\/p>\n","protected":false},"author":2,"featured_media":4955,"parent":0,"menu_order":0,"comment_status":"closed","ping_status":"closed","template":"","meta":{"footnotes":""},"class_list":["post-7902","page","type-page","status-publish","has-post-thumbnail","hentry"],"_links":{"self":[{"href":"https:\/\/fge.usthb.dz\/index.php\/wp-json\/wp\/v2\/pages\/7902","targetHints":{"allow":["GET"]}}],"collection":[{"href":"https:\/\/fge.usthb.dz\/index.php\/wp-json\/wp\/v2\/pages"}],"about":[{"href":"https:\/\/fge.usthb.dz\/index.php\/wp-json\/wp\/v2\/types\/page"}],"author":[{"embeddable":true,"href":"https:\/\/fge.usthb.dz\/index.php\/wp-json\/wp\/v2\/users\/2"}],"replies":[{"embeddable":true,"href":"https:\/\/fge.usthb.dz\/index.php\/wp-json\/wp\/v2\/comments?post=7902"}],"version-history":[{"count":19,"href":"https:\/\/fge.usthb.dz\/index.php\/wp-json\/wp\/v2\/pages\/7902\/revisions"}],"predecessor-version":[{"id":12451,"href":"https:\/\/fge.usthb.dz\/index.php\/wp-json\/wp\/v2\/pages\/7902\/revisions\/12451"}],"wp:featuredmedia":[{"embeddable":true,"href":"https:\/\/fge.usthb.dz\/index.php\/wp-json\/wp\/v2\/media\/4955"}],"wp:attachment":[{"href":"https:\/\/fge.usthb.dz\/index.php\/wp-json\/wp\/v2\/media?parent=7902"}],"curies":[{"name":"wp","href":"https:\/\/api.w.org\/{rel}","templated":true}]}}