{"id":7659,"date":"2023-10-24T13:26:27","date_gmt":"2023-10-24T13:26:27","guid":{"rendered":"https:\/\/fge.usthb.dz\/?page_id=7659"},"modified":"2025-10-19T17:37:14","modified_gmt":"2025-10-19T17:37:14","slug":"formations-et-ateliers","status":"publish","type":"page","link":"https:\/\/fge.usthb.dz\/index.php\/formations-et-ateliers\/","title":{"rendered":"Formations et ateliers"},"content":{"rendered":"\n<p class=\"has-text-color\" style=\"color:#a81285\"><strong>Semaine Mondiale de l\u2019Entrepreneuriat<\/strong><\/p>\n\n\n\n<p>Le Conseil du Renouveau \u00c9conomique Alg\u00e9rien &#8211; CREA organise les 14 et&nbsp;15 novembre 2023 au CIC Abdellatif RAHAL, les journ\u00e9es de l\u2019entrepreneuriat au profit des&nbsp;jeunes porteurs de projet \u00e0 impact socio\u00e9conomique .&nbsp;<\/p>\n\n\n\n<p><a href=\"https:\/\/fge.usthb.dz\/wp-content\/uploads\/2023\/11\/Formation-CREA-14-15-Nov-2023.pdf\"> Le Conseil du Renouveau \u00c9conomique Alg\u00e9rien<\/a><\/p>\n\n\n\n<p>Le d\u00e9lai du d\u00e9p\u00f4t de la fiche technique est fix\u00e9 au plus tard au 6 novembre 2023. Les porteurs de projets de la FGE doivent se manifester au niveau de l&#8217;incubateur ou de la cellule 1275 de la fge.<\/p>\n\n\n\n<h1 class=\"wp-block-heading has-text-color has-small-font-size\" style=\"color:#960c81\">Formation sur la communication dans le monde professionnel&nbsp;<\/h1>\n\n\n\n<p>Dans le cadre des activit\u00e9s du centre de d\u00e9veloppement de l\u2019entrepreneuriat de l\u2019USTHB :<\/p>\n\n\n\n<p>Formation sur la communication dans le domaine professionnel&nbsp; qui se tiendra l<strong>e 22 novembre 23 au niveau de la salle de conf\u00e9rence du start-up\u2019s hall.<\/strong><\/p>\n\n\n\n<p><a href=\"https:\/\/forms.gle\/mLcBe4BhGePh7DvS6\">Lien d\u2019inscription<\/a><a href=\"https:\/\/fge.usthb.dz\/wp-admin\/post.php?post=7978&amp;action=edit\">Edit<\/a><\/p>\n\n\n\n<p>8888888888888888888888888888888888888888888888888888888888888888888888888888888888888888888888888888888888888888888<\/p>\n\n\n\n<p>Atelier de formation sur les brevets et l\u2019innovation<\/p>\n\n\n\n<p>A l\u2019occasion du 50\u00e8me anniversaire de l\u2019USTHB et de la journ\u00e9e mondiale de la propri\u00e9t\u00e9 intellectuelle qui co\u00efncide avec le 26 avril prochain, l\u2019\u00e9quipe du CATI organise un&nbsp;<strong><u>atelier de formation<\/u><\/strong>&nbsp;avec l\u2019expert&nbsp;<strong>Mr Chibani Azzedine<\/strong><strong>le&nbsp;<u>dimanche 21 avril 2024<\/u><\/strong>.<\/p>\n\n\n\n<p>Mr Chibani vous donnera \u00e0 cette occasion, les cl\u00e9s afin d\u2019attirer l\u2019attention de partenaires socio-\u00e9conomiques, ainsi que les cl\u00e9s de la r\u00e9ussite de ces partenariats.<\/p>\n\n\n\n<p>L\u2019atelier est destin\u00e9 aux&nbsp;<strong>enseignants-chercheurs<\/strong>, aux<strong>&nbsp;doctorants<\/strong>, ainsi qu\u2019aux&nbsp;<strong>\u00e9tudiants de tous les paliers et sp\u00e9cialit\u00e9s<\/strong>d\u00e9sireux de trouver des applications \u00e0 leurs productions technologiques acad\u00e9miques et de r\u00e9ussir leur projets en s\u2019associant \u00e0 des partenaires acad\u00e9miques et extra-acad\u00e9miques.<\/p>\n\n\n\n<p>L\u2019<strong><u>inscription<\/u><\/strong>&nbsp;est ouverte d\u00e8s aujourd\u201dhui sur le lien suivant:&nbsp;<\/p>\n\n\n\n<figure class=\"wp-block-embed\"><div class=\"wp-block-embed__wrapper\">\nhttps:\/\/docs.google.com\/forms\/d\/e\/1FAIpQLSflyD1MFM_CzCOjVuvlHR47KsW1s8_L12cX32rU26caA-xcqg\/viewform?usp=sf_link\n<\/div><\/figure>\n\n\n\n<p>En pi\u00e8ce jointe l\u2019affiche de l\u2019\u00e9v\u00e8nement que je vous prie de poster sur les pages de vos facult\u00e9s et de diffuser largement aupr\u00e8s de nos coll\u00e8gues et de nos \u00e9tudiants.<\/p>\n\n\n\n<p><\/p>\n","protected":false},"excerpt":{"rendered":"<p>Semaine Mondiale de l\u2019Entrepreneuriat Le Conseil du Renouveau \u00c9conomique Alg\u00e9rien <span class=\"readmore\"><a href=\"https:\/\/fge.usthb.dz\/index.php\/formations-et-ateliers\/\">Suite<\/a><\/span><\/p>\n","protected":false},"author":2,"featured_media":0,"parent":0,"menu_order":0,"comment_status":"closed","ping_status":"closed","template":"","meta":{"footnotes":""},"class_list":["post-7659","page","type-page","status-publish","hentry"],"_links":{"self":[{"href":"https:\/\/fge.usthb.dz\/index.php\/wp-json\/wp\/v2\/pages\/7659","targetHints":{"allow":["GET"]}}],"collection":[{"href":"https:\/\/fge.usthb.dz\/index.php\/wp-json\/wp\/v2\/pages"}],"about":[{"href":"https:\/\/fge.usthb.dz\/index.php\/wp-json\/wp\/v2\/types\/page"}],"author":[{"embeddable":true,"href":"https:\/\/fge.usthb.dz\/index.php\/wp-json\/wp\/v2\/users\/2"}],"replies":[{"embeddable":true,"href":"https:\/\/fge.usthb.dz\/index.php\/wp-json\/wp\/v2\/comments?post=7659"}],"version-history":[{"count":14,"href":"https:\/\/fge.usthb.dz\/index.php\/wp-json\/wp\/v2\/pages\/7659\/revisions"}],"predecessor-version":[{"id":11843,"href":"https:\/\/fge.usthb.dz\/index.php\/wp-json\/wp\/v2\/pages\/7659\/revisions\/11843"}],"wp:attachment":[{"href":"https:\/\/fge.usthb.dz\/index.php\/wp-json\/wp\/v2\/media?parent=7659"}],"curies":[{"name":"wp","href":"https:\/\/api.w.org\/{rel}","templated":true}]}}