{"id":7653,"date":"2023-10-24T13:23:52","date_gmt":"2023-10-24T13:23:52","guid":{"rendered":"https:\/\/fge.usthb.dz\/?page_id=7653"},"modified":"2025-03-11T11:30:44","modified_gmt":"2025-03-11T11:30:44","slug":"textes-reglementaires","status":"publish","type":"page","link":"https:\/\/fge.usthb.dz\/index.php\/textes-reglementaires\/","title":{"rendered":"Textes r\u00e9glementaires"},"content":{"rendered":"\n<p><a href=\"https:\/\/fge.usthb.dz\/wp-content\/uploads\/2023\/10\/\u0622\u0644\u064a\u0629-\u0634\u0647\u0627\u062f\u0629\u060c-\u0645\u0624\u0633\u0633\u0629-\u0646\u0627\u0634\u0626\u0629-\u0623\u0648-\u0634\u0647\u0627\u062f\u0629\u060c-\u0628\u0631\u0627\u0621\u0629-\u0627\u062e\u062a\u0631\u0627\u0639.pdf\"> M\u00e9canisme fixant les modalit\u00e9s de pr\u00e9paration d&#8217;un projet de m\u00e9moire de fin d&#8217;\u00e9tude, en vue de l&#8217;obtention d&#8217;un \u00abdipl\u00f4me-start-up\u00bb.<\/a><\/p>\n\n\n\n<p><a href=\"https:\/\/fge.usthb.dz\/wp-content\/uploads\/2025\/03\/\u0642\u0631\u0627\u0631-\u0631\u0642\u0645-1275-\u0634\u0647\u0627\u062f\u0629-\u062c\u0627\u0645\u0639\u064a\u0629-\u0645\u0624\u0633\u0633\u0629-\u0646\u0627\u0634\u0626\u0629.pdf\">Arr\u00eat\u00e9 minist\u00e9riel 1275 du 27 septembre 2022, fixant les modalit\u00e9s de pr\u00e9paration d&#8217;un projet de m\u00e9moire de fin d&#8217;\u00e9tude, en vue de l&#8217;obtention d&#8217;un \u00abdipl\u00f4me-start-up\u00bb.<\/a><\/p>\n\n\n\n<p class=\"has-text-color has-link-color wp-elements-c70405678a7a5de02d6e6f579ad8fd8d\" style=\"color:#831010\">La mise \u00e0 jour de l&#8217;arr\u00eat\u00e9 minist\u00e9riel 1275 du 27 septembre 2022 :<\/p>\n\n\n\n<p><a href=\"https:\/\/fge.usthb.dz\/wp-content\/uploads\/2025\/03\/arrete-008-du-23-fev-2025_-\u062a\u0639\u062f\u064a\u0644-\u0627\u0644\u0642\u0631\u0627\u0631-1275.pdf\">Arr\u00eat\u00e9 008 du 23 f\u00e9vrier 2025, fixant les modalit\u00e9s de pr\u00e9paration d&#8217;un projet de m\u00e9moire de fin d&#8217;\u00e9tude, en vue de l&#8217;obtention d&#8217;un \u00abdipl\u00f4me-start-up\u00bb.<\/a><\/p>\n\n\n\n<p><\/p>\n","protected":false},"excerpt":{"rendered":"<p>M\u00e9canisme fixant les modalit\u00e9s de pr\u00e9paration d&#8217;un projet de m\u00e9moire <span class=\"readmore\"><a href=\"https:\/\/fge.usthb.dz\/index.php\/textes-reglementaires\/\">Suite<\/a><\/span><\/p>\n","protected":false},"author":2,"featured_media":0,"parent":0,"menu_order":0,"comment_status":"closed","ping_status":"closed","template":"","meta":{"footnotes":""},"class_list":["post-7653","page","type-page","status-publish","hentry"],"_links":{"self":[{"href":"https:\/\/fge.usthb.dz\/index.php\/wp-json\/wp\/v2\/pages\/7653","targetHints":{"allow":["GET"]}}],"collection":[{"href":"https:\/\/fge.usthb.dz\/index.php\/wp-json\/wp\/v2\/pages"}],"about":[{"href":"https:\/\/fge.usthb.dz\/index.php\/wp-json\/wp\/v2\/types\/page"}],"author":[{"embeddable":true,"href":"https:\/\/fge.usthb.dz\/index.php\/wp-json\/wp\/v2\/users\/2"}],"replies":[{"embeddable":true,"href":"https:\/\/fge.usthb.dz\/index.php\/wp-json\/wp\/v2\/comments?post=7653"}],"version-history":[{"count":12,"href":"https:\/\/fge.usthb.dz\/index.php\/wp-json\/wp\/v2\/pages\/7653\/revisions"}],"predecessor-version":[{"id":11143,"href":"https:\/\/fge.usthb.dz\/index.php\/wp-json\/wp\/v2\/pages\/7653\/revisions\/11143"}],"wp:attachment":[{"href":"https:\/\/fge.usthb.dz\/index.php\/wp-json\/wp\/v2\/media?parent=7653"}],"curies":[{"name":"wp","href":"https:\/\/api.w.org\/{rel}","templated":true}]}}