{"id":7602,"date":"2023-10-24T09:02:21","date_gmt":"2023-10-24T09:02:21","guid":{"rendered":"https:\/\/fge.usthb.dz\/?page_id=7602"},"modified":"2025-10-06T09:51:33","modified_gmt":"2025-10-06T09:51:33","slug":"appel-a-projets-start-up-2023-2024","status":"publish","type":"page","link":"https:\/\/fge.usthb.dz\/index.php\/appel-a-projets-start-up-2023-2024\/","title":{"rendered":"Appel \u00e0 projets innovants 2025-2026"},"content":{"rendered":"\n<p class=\"has-text-color\" style=\"color:#ab1a4f\"><strong>Lancement des inscriptions pour les projets innovants 2025-2026 (Start-up, entrepreneuriat)<\/strong><\/p>\n\n\n\n<p>Les \u00e9tudiants concern\u00e9s par les projets innovants sont ceux des paliers L3- M2- ING, pour toutes les sp\u00e9cialit\u00e9s<\/p>\n\n\n\n<p>Merci de rempli le fourmulaire d\u2019inscription en cliquant sur le lien<\/p>\n\n\n\n<p><a href=\"https:\/\/forms.gle\/pLP2svyu8TS3FyL5A\">Nouveau projet innovant 2025-2026<\/a><\/p>\n","protected":false},"excerpt":{"rendered":"<p>Lancement des inscriptions pour les projets innovants 2025-2026 (Start-up, entrepreneuriat) <span class=\"readmore\"><a href=\"https:\/\/fge.usthb.dz\/index.php\/appel-a-projets-start-up-2023-2024\/\">Suite<\/a><\/span><\/p>\n","protected":false},"author":2,"featured_media":10395,"parent":0,"menu_order":0,"comment_status":"closed","ping_status":"closed","template":"","meta":{"footnotes":""},"class_list":["post-7602","page","type-page","status-publish","has-post-thumbnail","hentry"],"_links":{"self":[{"href":"https:\/\/fge.usthb.dz\/index.php\/wp-json\/wp\/v2\/pages\/7602","targetHints":{"allow":["GET"]}}],"collection":[{"href":"https:\/\/fge.usthb.dz\/index.php\/wp-json\/wp\/v2\/pages"}],"about":[{"href":"https:\/\/fge.usthb.dz\/index.php\/wp-json\/wp\/v2\/types\/page"}],"author":[{"embeddable":true,"href":"https:\/\/fge.usthb.dz\/index.php\/wp-json\/wp\/v2\/users\/2"}],"replies":[{"embeddable":true,"href":"https:\/\/fge.usthb.dz\/index.php\/wp-json\/wp\/v2\/comments?post=7602"}],"version-history":[{"count":51,"href":"https:\/\/fge.usthb.dz\/index.php\/wp-json\/wp\/v2\/pages\/7602\/revisions"}],"predecessor-version":[{"id":11737,"href":"https:\/\/fge.usthb.dz\/index.php\/wp-json\/wp\/v2\/pages\/7602\/revisions\/11737"}],"wp:featuredmedia":[{"embeddable":true,"href":"https:\/\/fge.usthb.dz\/index.php\/wp-json\/wp\/v2\/media\/10395"}],"wp:attachment":[{"href":"https:\/\/fge.usthb.dz\/index.php\/wp-json\/wp\/v2\/media?parent=7602"}],"curies":[{"name":"wp","href":"https:\/\/api.w.org\/{rel}","templated":true}]}}