{"id":7360,"date":"2023-10-08T08:47:26","date_gmt":"2023-10-08T08:47:26","guid":{"rendered":"https:\/\/fge.usthb.dz\/?page_id=7360"},"modified":"2023-10-08T08:47:26","modified_gmt":"2023-10-08T08:47:26","slug":"reinscription","status":"publish","type":"page","link":"https:\/\/fge.usthb.dz\/index.php\/reinscription\/","title":{"rendered":"R\u00e9inscription"},"content":{"rendered":"\n<h3 class=\"wp-block-heading\"><strong>Condition de r\u00e9inscription<\/strong><\/h3>\n\n\n\n<p>La r\u00e9inscription est accord\u00e9e aux candidats n\u2019ayant pas interrompue leurs inscriptions. Dans le cas contraire, ils doivent d\u00e9poser une demande de r\u00e9int\u00e9gration accompagn\u00e9e des justificatifs de l\u2019interruption des inscriptions pr\u00e9c\u00e9dentes.<\/p>\n\n\n\n<h3 class=\"wp-block-heading\"><strong>Dossier de r\u00e9inscription<\/strong><\/h3>\n\n\n\n<ul class=\"wp-block-list\">\n<li>Une demande d\u2019inscription&nbsp;(<a href=\"https:\/\/finfo.usthb.dz\/wp-content\/uploads\/2022\/10\/Demande-dinscription-Doctorat.docx\">T\u00e9l\u00e9charger<\/a>)<\/li>\n\n\n\n<li>Une autorisation d\u2019inscription en post-graduation&nbsp;(<a href=\"https:\/\/finfo.usthb.dz\/wp-content\/uploads\/2022\/10\/Autorisation-dinscription-en-Post-Graduation-Doctorat.docx\">T\u00e9l\u00e9charger<\/a>)<\/li>\n\n\n\n<li>Une demande d\u2019inscription pour les candidats hors USTHB&nbsp;(<a href=\"https:\/\/finfo.usthb.dz\/wp-content\/uploads\/2022\/10\/Demande-dinscription-HORS-USTHB-pour-les-travailleurs.docx\">T\u00e9l\u00e9charger<\/a>)<\/li>\n\n\n\n<li>Un descriptif de l\u2019\u00e9tat d\u2019avancement de la th\u00e8se de Doctorat (Pour le Doctorant)(<a href=\"https:\/\/finfo.usthb.dz\/wp-content\/uploads\/2022\/10\/Etat-avancement-doctorat-canevas.docx\">T\u00e9l\u00e9charger<\/a>)<\/li>\n\n\n\n<li>Un extrait du P.V du conseil Scientifique&nbsp;<strong>en cas de changement de sujet ou de Directeur de m\u00e9moire ou de th\u00e8se<\/strong>.<\/li>\n\n\n\n<li>Deux photographies d\u2019identit\u00e9<\/li>\n\n\n\n<li>Une d\u00e9claration sur l\u2019honneur pour les \u00e9tudiants n\u2019exer\u00e7ant aucune activit\u00e9 r\u00e9mun\u00e9r\u00e9e&nbsp;(<a href=\"https:\/\/finfo.usthb.dz\/wp-content\/uploads\/2022\/10\/Declaration-sur-lhonneur-Pour-les-non-Travailleurs.docx\">T\u00e9l\u00e9charger<\/a>)<\/li>\n\n\n\n<li>Une attestation de fonction pour l\u2019ann\u00e9e universitaire en cours<\/li>\n\n\n\n<li>Une fiche d\u2019\u00e9tat civil en cas de changement d\u2019\u00e9tat civil.<\/li>\n\n\n\n<li>R\u00e9c\u00e9piss\u00e9 portant paiement des droits d\u2019inscription 200 DA (pour les candidats hors USTHB, et pour ceux qui n\u2019exercent pas une fonction r\u00e9mun\u00e9r\u00e9e).<\/li>\n<\/ul>\n","protected":false},"excerpt":{"rendered":"<p>Condition de r\u00e9inscription La r\u00e9inscription est accord\u00e9e aux candidats n\u2019ayant <span class=\"readmore\"><a href=\"https:\/\/fge.usthb.dz\/index.php\/reinscription\/\">Suite<\/a><\/span><\/p>\n","protected":false},"author":2,"featured_media":0,"parent":0,"menu_order":0,"comment_status":"closed","ping_status":"closed","template":"","meta":{"footnotes":""},"class_list":["post-7360","page","type-page","status-publish","hentry"],"_links":{"self":[{"href":"https:\/\/fge.usthb.dz\/index.php\/wp-json\/wp\/v2\/pages\/7360","targetHints":{"allow":["GET"]}}],"collection":[{"href":"https:\/\/fge.usthb.dz\/index.php\/wp-json\/wp\/v2\/pages"}],"about":[{"href":"https:\/\/fge.usthb.dz\/index.php\/wp-json\/wp\/v2\/types\/page"}],"author":[{"embeddable":true,"href":"https:\/\/fge.usthb.dz\/index.php\/wp-json\/wp\/v2\/users\/2"}],"replies":[{"embeddable":true,"href":"https:\/\/fge.usthb.dz\/index.php\/wp-json\/wp\/v2\/comments?post=7360"}],"version-history":[{"count":1,"href":"https:\/\/fge.usthb.dz\/index.php\/wp-json\/wp\/v2\/pages\/7360\/revisions"}],"predecessor-version":[{"id":7361,"href":"https:\/\/fge.usthb.dz\/index.php\/wp-json\/wp\/v2\/pages\/7360\/revisions\/7361"}],"wp:attachment":[{"href":"https:\/\/fge.usthb.dz\/index.php\/wp-json\/wp\/v2\/media?parent=7360"}],"curies":[{"name":"wp","href":"https:\/\/api.w.org\/{rel}","templated":true}]}}