{"id":647,"date":"2022-02-22T09:58:48","date_gmt":"2022-02-22T09:58:48","guid":{"rendered":"http:\/\/193.194.89.192\/?page_id=647"},"modified":"2026-04-28T09:15:51","modified_gmt":"2026-04-28T09:15:51","slug":"post-graduation","status":"publish","type":"page","link":"https:\/\/fge.usthb.dz\/index.php\/post-graduation\/","title":{"rendered":"Post-Graduation"},"content":{"rendered":"\n<p><a href=\"https:\/\/fge.usthb.dz\/index.php\/proces-verbaux-2\/\">Proc\u00e8s-Verbaux<\/a><\/p>\n\n\n\n<p><a href=\"https:\/\/fge.usthb.dz\/wp-content\/uploads\/2024\/03\/Reglement-Interieur-du-CSF-2024.pdf\">R\u00e8glement Int\u00e9rieur du CSF 2024<\/a><\/p>\n\n\n\n<p>FORMATION DOCTORALE<\/p>\n\n\n\n<ul class=\"wp-block-list\">\n<li><a href=\"https:\/\/fge.usthb.dz\/index.php\/recevabilite-du-dossier-de-soutenance-de-these-de-doctort-et-designation-des-experts\/\">Recevabilit\u00e9 du Dossier de Soutenance de Th\u00e8se de Doctorat et d\u2019Asignation des Experts<\/a><\/li>\n\n\n\n<li><a href=\"https:\/\/fge.usthb.dz\/index.php\/revues-ineligibles\/\">Revues In\u00e9ligibles<\/a><\/li>\n\n\n\n<li><a href=\"https:\/\/fge.usthb.dz\/index.php\/doctorat-lmd\/\">Doctorat LMD&nbsp;<\/a><\/li>\n\n\n\n<li><a href=\"https:\/\/fge.usthb.dz\/index.php\/habilitation-p-g-et-e-d\/\">Habilitation P.G. et E.D.<\/a><\/li>\n<\/ul>\n\n\n\n<ul class=\"wp-block-list\">\n<li><a href=\"https:\/\/fge.usthb.dz\/index.php\/inscription\/\">Inscription<\/a><\/li>\n\n\n\n<li><a href=\"https:\/\/fge.usthb.dz\/index.php\/reinscription\/\">R\u00e9inscription<\/a><\/li>\n\n\n\n<li><a href=\"https:\/\/fge.usthb.dz\/index.php\/changement-de-directeur\/\">Changement de Directeur<\/a><\/li>\n\n\n\n<li><a href=\"https:\/\/fge.usthb.dz\/index.php\/changement-de-sujet\/\">Changement de sujet<\/a><\/li>\n\n\n\n<li><a href=\"https:\/\/fge.usthb.dz\/index.php\/changement-de-directeur-et-de-sujet\/\">Changement de directeur et de sujet<\/a><\/li>\n\n\n\n<li><a href=\"https:\/\/fge.usthb.dz\/index.php\/reintegration\/\">R\u00e9int\u00e9gration<\/a><\/li>\n\n\n\n<li><a href=\"https:\/\/fge.usthb.dz\/index.php\/conditions-de-proposition-de-sujet\/\">Proposition de sujet<\/a><\/li>\n\n\n\n<li><a href=\"https:\/\/fge.usthb.dz\/index.php\/modalites-de-soutenance\/\">Modalit\u00e9s de soutenance<\/a><\/li>\n\n\n\n<li><a href=\"https:\/\/fge.usthb.dz\/index.php\/gel-de-reinscription\/\">Gel de r\u00e9inscription<\/a><\/li>\n\n\n\n<li><a href=\"https:\/\/fge.usthb.dz\/index.php\/cotutelle\/\">Cotutelle<\/a><\/li>\n<\/ul>\n\n\n\n<p class=\"has-text-color\" style=\"color:#822121\"><strong>FORMATION \u00c0 L\u2019\u00c9TRANGER<\/strong><\/p>\n\n\n\n<ul class=\"wp-block-list\">\n<li><a href=\"https:\/\/fge.usthb.dz\/index.php\/critaires-pfd-2018\/\">Critaires PFD 2018<\/a><\/li>\n\n\n\n<li><a href=\"https:\/\/fge.usthb.dz\/index.php\/plan-de-formation\/\">Plan de Formation<\/a><\/li>\n\n\n\n<li><a href=\"https:\/\/fge.usthb.dz\/index.php\/conditions-dadmissibilite\/\">Conditions d\u2019Admisssibilit\u00e9<\/a><\/li>\n\n\n\n<li><a href=\"https:\/\/fge.usthb.dz\/index.php\/repartition-budgetaire\/\">R\u00e9partition budg\u00e9taire<\/a><\/li>\n\n\n\n<li><a href=\"https:\/\/fge.usthb.dz\/index.php\/conferences-ineligibles\/\">Conf\u00e9rences in\u00e9ligibles<\/a><\/li>\n\n\n\n<li><a href=\"https:\/\/fge.usthb.dz\/index.php\/constitution-du-dossier\/\">Constitution du Dossier<\/a><\/li>\n\n\n\n<li><a href=\"https:\/\/fge.usthb.dz\/index.php\/remboursement-des-frais-daeassurance-et-de-visa\/\">Remboursement des Frais d\u2019Assurance et de Visa<\/a><\/li>\n<\/ul>\n\n\n\n<p><a href=\"https:\/\/fge.usthb.dz\/index.php\/cooperation-entre-luniversite-des-sciences-et-de-la-technologie-houari-boumedienne-usthb\/\">Appel \u00e0 la candidature pour un stage pour les Doctorants \u00e0 l\u2019Universit\u00e9 de technologie de Bialystok (BUT)<\/a><\/p>\n\n\n\n<p><a href=\"https:\/\/fge.usthb.dz\/index.php\/conseil-scientifique-3\/\"> Archive CSF<\/a><\/p>\n\n\n\n<p><\/p>\n","protected":false},"excerpt":{"rendered":"<p>Proc\u00e8s-Verbaux R\u00e8glement Int\u00e9rieur du CSF 2024 FORMATION DOCTORALE FORMATION \u00c0 <span class=\"readmore\"><a href=\"https:\/\/fge.usthb.dz\/index.php\/post-graduation\/\">Suite<\/a><\/span><\/p>\n","protected":false},"author":2,"featured_media":0,"parent":0,"menu_order":0,"comment_status":"closed","ping_status":"closed","template":"","meta":{"footnotes":""},"class_list":["post-647","page","type-page","status-publish","hentry"],"_links":{"self":[{"href":"https:\/\/fge.usthb.dz\/index.php\/wp-json\/wp\/v2\/pages\/647","targetHints":{"allow":["GET"]}}],"collection":[{"href":"https:\/\/fge.usthb.dz\/index.php\/wp-json\/wp\/v2\/pages"}],"about":[{"href":"https:\/\/fge.usthb.dz\/index.php\/wp-json\/wp\/v2\/types\/page"}],"author":[{"embeddable":true,"href":"https:\/\/fge.usthb.dz\/index.php\/wp-json\/wp\/v2\/users\/2"}],"replies":[{"embeddable":true,"href":"https:\/\/fge.usthb.dz\/index.php\/wp-json\/wp\/v2\/comments?post=647"}],"version-history":[{"count":34,"href":"https:\/\/fge.usthb.dz\/index.php\/wp-json\/wp\/v2\/pages\/647\/revisions"}],"predecessor-version":[{"id":12506,"href":"https:\/\/fge.usthb.dz\/index.php\/wp-json\/wp\/v2\/pages\/647\/revisions\/12506"}],"wp:attachment":[{"href":"https:\/\/fge.usthb.dz\/index.php\/wp-json\/wp\/v2\/media?parent=647"}],"curies":[{"name":"wp","href":"https:\/\/api.w.org\/{rel}","templated":true}]}}