{"id":63,"date":"2022-01-24T10:12:59","date_gmt":"2022-01-24T10:12:59","guid":{"rendered":"http:\/\/193.194.89.192\/?page_id=63"},"modified":"2025-10-20T12:39:37","modified_gmt":"2025-10-20T12:39:37","slug":"vie-etudiants","status":"publish","type":"page","link":"https:\/\/fge.usthb.dz\/index.php\/vie-etudiants\/","title":{"rendered":"Vie Estudiantine"},"content":{"rendered":"\n<p><strong>Pr\u00e9sentation du Club CELEC \u2013 USTHB<\/strong><\/p>\n\n\n\n<p class=\"has-text-align-left\">Fond\u00e9 en 1987, le <strong>CELEC<\/strong> (Club d&#8217;\u00c9lectronique et d&#8217;Informatique) est un club scientifique actif au sein de l&#8217;<strong>USTHB<\/strong> (Universit\u00e9 des Sciences et de la Technologie Houari-Boumediene). Il s&#8217;agit d&#8217;une organisation \u00e0 but non lucratif, \u0153uvrant dans le secteur de l\u2019administration scolaire et universitaire, avec pour mission principale la vulgarisation des technologies \u00e9lectroniques et informatiques aupr\u00e8s des \u00e9tudiants.<\/p>\n\n\n\n<p>Depuis plus de trois d\u00e9cennies, CELEC est un espace d\u2019apprentissage, d\u2019innovation et de partage de connaissances. Le club est enti\u00e8rement anim\u00e9 par des \u00e9tudiants passionn\u00e9s, qui s&#8217;investissent dans le d\u00e9veloppement de projets technologiques, la formation continue et l\u2019organisation d&#8217;\u00e9v\u00e9nements \u00e0 caract\u00e8re scientifique.<\/p>\n\n\n<div class=\"wp-block-image\">\n<figure class=\"aligncenter size-full is-resized\"><img loading=\"lazy\" decoding=\"async\" width=\"672\" height=\"427\" src=\"https:\/\/fge.usthb.dz\/wp-content\/uploads\/2025\/10\/image.png\" alt=\"\" class=\"wp-image-11803\" style=\"width:489px;height:auto\" srcset=\"https:\/\/fge.usthb.dz\/wp-content\/uploads\/2025\/10\/image.png 672w, https:\/\/fge.usthb.dz\/wp-content\/uploads\/2025\/10\/image-300x191.png 300w\" sizes=\"auto, (max-width: 672px) 100vw, 672px\" \/><\/figure>\n<\/div>\n\n\n<p><strong>Domaines d&#8217;activit\u00e9<\/strong><\/p>\n\n\n\n<p>Le Club CELEC se distingue par la diversit\u00e9 de ses domaines de comp\u00e9tences, notamment :<\/p>\n\n\n\n<ul class=\"wp-block-list\">\n<li><strong>\u00c9lectronique<\/strong> : Conception et r\u00e9alisation de circuits \u00e9lectroniques, prototypage, maintenance, etc.<\/li>\n\n\n\n<li><strong>Arduino<\/strong> : Initiation et projets autour de la plateforme Arduino, utilis\u00e9e dans des applications de domotique, robotique, IoT, etc.<\/li>\n\n\n\n<li><strong>PCB (Printed Circuit Board)<\/strong> : Conception de circuits imprim\u00e9s \u00e0 l\u2019aide de logiciels sp\u00e9cialis\u00e9s, fabrication et assemblage.<\/li>\n\n\n\n<li><strong>PIC (Peripheral Interface Controller)<\/strong> : Programmation de microcontr\u00f4leurs PIC pour le contr\u00f4le de syst\u00e8mes \u00e9lectroniques embarqu\u00e9s.<\/li>\n\n\n\n<li><strong>Programmation<\/strong> : Apprentissage de langages de programmation (C\/C++, Python, etc.) et d\u00e9veloppement d&#8217;applications orient\u00e9es vers l\u2019\u00e9lectronique.<\/li>\n<\/ul>\n\n\n\n<p><strong>Objectifs et vision<\/strong><\/p>\n\n\n\n<p>CELEC vise \u00e0 :<\/p>\n\n\n\n<ul class=\"wp-block-list\">\n<li>Promouvoir la culture scientifique et technique aupr\u00e8s des \u00e9tudiants.<\/li>\n\n\n\n<li>Encourager l&#8217;apprentissage par la pratique.<\/li>\n\n\n\n<li>Cr\u00e9er un environnement collaboratif pour d\u00e9velopper des projets concrets.<\/li>\n\n\n\n<li>Pr\u00e9parer les \u00e9tudiants aux d\u00e9fis du monde professionnel \u00e0 travers la ma\u00eetrise de comp\u00e9tences techniques pointues.<\/li>\n<\/ul>\n\n\n\n<p>Gr\u00e2ce \u00e0 son engagement continu et \u00e0 l&#8217;implication de ses membres, le Club CELEC est devenu une r\u00e9f\u00e9rence dans le domaine de l\u2019\u00e9lectronique et de l\u2019informatique \u00e0 l\u2019USTHB, formant des g\u00e9n\u00e9rations de passionn\u00e9s et de futurs ing\u00e9nieurs.<\/p>\n\n\n\n<p><strong><em><u>NB&nbsp;:<\/u><\/em><\/strong><\/p>\n\n\n\n<ul class=\"wp-block-list\">\n<li>Pour rester sur la m\u00eame longueur d&#8217;onde et \u00eatre inform\u00e9s des derni\u00e8res actualit\u00e9s et \u00e9v\u00e9nements de notre club CELEC \u2013 USTHB, nous vous invitons \u00e0 consulter r\u00e9guli\u00e8rement notre page <a href=\"https:\/\/www.facebook.com\/CELECUSTHB\">Facebook<\/a>. C&#8217;est un excellent moyen de rester connect\u00e9s,  de partager vos id\u00e9es et de participer activement \u00e0 la vie du club.<\/li>\n<\/ul>\n\n\n\n<style>\n    .contact li {<br \/>\n        text-decoration:none;<br \/>\n        list-style:none;<br \/>\n        margin:6px 0;<br \/>\n        color:#fff;<br \/>\n        padding-left:5px;<br \/>\n    }<br \/>\n    .contact li:before{<br \/>\n        content:\">\";<br \/>\n    font-style:bold;<br \/>\n        font-size:12px;<br \/>\n        margin-right:10px;<br \/>\n        font-weight: 200;<br \/>\n    }<br \/>\n<\/style>\n<p><big>Page Facebook<\/big><\/p>\n<a href=\"https:\/\/www.facebook.com\/CELECUSTHB\"><img loading=\"lazy\" decoding=\"async\" src=\"https:\/\/fge.usthb.dz\/wp-content\/uploads\/2025\/10\/facebook.png\" width=\"110\" height=\"150\"><\/a>\n\n\n\n<figure class=\"wp-block-image size-full is-resized\"><img loading=\"lazy\" decoding=\"async\" width=\"204\" height=\"192\" src=\"https:\/\/fge.usthb.dz\/wp-content\/uploads\/2025\/10\/image-1.png\" alt=\"\" class=\"wp-image-11805\" style=\"width:137px;height:auto\"\/><\/figure>\n\n\n\n<ul class=\"wp-block-list\">\n<li>Pour toute information suppl\u00e9mentaire, n&#8217;h\u00e9sitez pas \u00e0 nous contacter \u00e0 l&#8217;adresse e-mail suivante : [usthb.celec@gmail.com<strong>]<\/strong>. Nous sommes l\u00e0 pour r\u00e9pondre \u00e0 vos questions et vous aider !<\/li>\n<\/ul>\n\n\n\n<p><\/p>\n","protected":false},"excerpt":{"rendered":"<p>Pr\u00e9sentation du Club CELEC \u2013 USTHB Fond\u00e9 en 1987, le <span class=\"readmore\"><a href=\"https:\/\/fge.usthb.dz\/index.php\/vie-etudiants\/\">Suite<\/a><\/span><\/p>\n","protected":false},"author":1,"featured_media":11374,"parent":0,"menu_order":0,"comment_status":"closed","ping_status":"closed","template":"","meta":{"footnotes":""},"class_list":["post-63","page","type-page","status-publish","has-post-thumbnail","hentry"],"_links":{"self":[{"href":"https:\/\/fge.usthb.dz\/index.php\/wp-json\/wp\/v2\/pages\/63","targetHints":{"allow":["GET"]}}],"collection":[{"href":"https:\/\/fge.usthb.dz\/index.php\/wp-json\/wp\/v2\/pages"}],"about":[{"href":"https:\/\/fge.usthb.dz\/index.php\/wp-json\/wp\/v2\/types\/page"}],"author":[{"embeddable":true,"href":"https:\/\/fge.usthb.dz\/index.php\/wp-json\/wp\/v2\/users\/1"}],"replies":[{"embeddable":true,"href":"https:\/\/fge.usthb.dz\/index.php\/wp-json\/wp\/v2\/comments?post=63"}],"version-history":[{"count":55,"href":"https:\/\/fge.usthb.dz\/index.php\/wp-json\/wp\/v2\/pages\/63\/revisions"}],"predecessor-version":[{"id":11849,"href":"https:\/\/fge.usthb.dz\/index.php\/wp-json\/wp\/v2\/pages\/63\/revisions\/11849"}],"wp:featuredmedia":[{"embeddable":true,"href":"https:\/\/fge.usthb.dz\/index.php\/wp-json\/wp\/v2\/media\/11374"}],"wp:attachment":[{"href":"https:\/\/fge.usthb.dz\/index.php\/wp-json\/wp\/v2\/media?parent=63"}],"curies":[{"name":"wp","href":"https:\/\/api.w.org\/{rel}","templated":true}]}}