{"id":5974,"date":"2023-04-10T10:13:28","date_gmt":"2023-04-10T10:13:28","guid":{"rendered":"https:\/\/fge.usthb.dz\/?page_id=5974"},"modified":"2023-11-17T18:37:41","modified_gmt":"2023-11-17T18:37:41","slug":"consultation-2023","status":"publish","type":"page","link":"https:\/\/fge.usthb.dz\/index.php\/consultation-2023\/","title":{"rendered":"Consultations 2023"},"content":{"rendered":"\n<p>Avis de consultation (N\u00b0001\/FGE\/2023) reIative aux travaux d&#8217;am\u00e9nagement de l&#8217;espace vert <\/p>\n\n\n\n<p><a href=\"https:\/\/fge.usthb.dz\/wp-content\/uploads\/2023\/04\/consultation-N\u00b0-01-relative-aux-travaux-damenagement-de-lespace-vert.pdf\">Consultation restreinte (N\u00b0001\/FGE\/2023) <\/a><\/p>\n\n\n\n<p>Avis de consultation (N\u00b0002\/FGE\/2023) reIative aux divers travaux d&#8217;entretien par lot  <\/p>\n\n\n\n<p><a href=\"https:\/\/fge.usthb.dz\/wp-content\/uploads\/2023\/04\/consultation-N\u00b0-02-relative-aux-divers-travaux-dentretien-par-lot-1.pdf\">Consultation restreinte (N\u00b0002\/FGE\/2023)<\/a><\/p>\n\n\n\n<p>Avis de consultation (N\u00b0003\/FGE\/2023) reIative aux travaux de rafistolage d&#8217;\u00e9tanch\u00e9it\u00e9 <\/p>\n\n\n\n<p><a href=\"https:\/\/fge.usthb.dz\/wp-content\/uploads\/2023\/04\/consultation-N\u00b0-03-relative-aux-travaux-de-rafistolage-detancheite.pdf\">Consultation restreinte (N\u00b0003\/FGE\/2023)<\/a><\/p>\n\n\n\n<p>Avis de consultation (N\u00b0004\/FGE\/2023) reIative aux travaux de r\u00e9novation des sanitaires au profit des \u00e9tudiants<\/p>\n\n\n\n<p><a href=\"https:\/\/fge.usthb.dz\/wp-content\/uploads\/2023\/04\/consultation-N\u00b0-04-relative-aux-renovation-des-sanitaires-au-profit-des-etudiants.pdf\">Consultation restreinte (N\u00b0004\/FGE\/2023)<\/a><\/p>\n\n\n\n<p>Consultation restreinte (N\u00b0005\/FGE\/ 2023)relative aux acquisitions du mat\u00e8riel informatique<\/p>\n\n\n\n<p><a href=\"https:\/\/fge.usthb.dz\/wp-content\/uploads\/2023\/06\/consultation-N\u00b0-05.pdf\">Consultation restreinte (N\u00b0005\/FGE\/2023)<\/a><\/p>\n\n\n\n<p>Consultation restreinte (N\u00b0006\/FGE\/ 2023)relative aux travaux de peinture du couloir RDC de la FGE<\/p>\n\n\n\n<p><a href=\"https:\/\/fge.usthb.dz\/wp-content\/uploads\/2023\/09\/consultation-restreinte-n\u00b0006.pdf\">Consultation restreinte (N\u00b0006\/FGE\/2023)<\/a><\/p>\n\n\n\n<p>restreinteConsultation restreinte (N\u00b0007\/FGE\/ 2023)relative au nettoyage des vitres int\u00e9rieures et ext\u00e9rieures de la FGE<\/p>\n\n\n\n<p><a href=\"https:\/\/fge.usthb.dz\/wp-content\/uploads\/2023\/09\/consultation-restreinte-n\u00b0007.pdf\">Consultation restreinte (N\u00b0007\/FGE\/2023)<\/a><\/p>\n\n\n\n<p>Consultation restreinte (N\u00b0008\/FGE\/2023) reIative aux acquisitions des besoins de labo de TP par lot<\/p>\n\n\n\n<p><a href=\"https:\/\/fge.usthb.dz\/wp-content\/uploads\/2023\/10\/N8.pdf\">Consultation restreinte (N\u00b0008\/FGE\/2023)<\/a><\/p>\n\n\n\n<p>Consultation restreinte (N\u00b0009\/FGE\/2023) reIative aux acquisitions des composants<\/p>\n\n\n\n<p><a href=\"https:\/\/fge.usthb.dz\/wp-content\/uploads\/2023\/10\/N9.pdf\">Consultation restreinte (N\u00b0009\/FGE\/2023)<\/a><\/p>\n\n\n\n<p>Consultation restreinte (N\u00b0011\/FGE\/2023) reIative aux acquisitions du projet formation doctorale par lot<\/p>\n\n\n\n<p><a href=\"https:\/\/fge.usthb.dz\/wp-content\/uploads\/2023\/10\/N11.pdf\">Consultation restreinte (N\u00b0011\/FGE\/2023)<\/a><\/p>\n\n\n\n<p>Consultation restreinte (N\u00b0015\/FGE\/2023) reIative aux acquisitions des ouvrages pour la biblioth\u00e8que de la FGE<\/p>\n\n\n\n<p><a href=\"https:\/\/fge.usthb.dz\/wp-content\/uploads\/2023\/11\/consultation-restreinte-N\u00b0015.pdf\">Consultation restreinte (N\u00b0015\/FGE\/2023) <\/a><\/p>\n\n\n\n<p>Consultation restreinte (N\u00b0017\/FGE\/ 2023) les  acquisitions des fournitures relatives aux projets socio-economique par lot. <\/p>\n\n\n\n<p><a href=\"https:\/\/fge.usthb.dz\/wp-content\/uploads\/2023\/11\/cons-17.pdf\">Consultation restreinte (N\u00b0017\/FGE\/2023)<\/a><\/p>\n","protected":false},"excerpt":{"rendered":"<p>Avis de consultation (N\u00b0001\/FGE\/2023) reIative aux travaux d&#8217;am\u00e9nagement de l&#8217;espace <span class=\"readmore\"><a href=\"https:\/\/fge.usthb.dz\/index.php\/consultation-2023\/\">Suite<\/a><\/span><\/p>\n","protected":false},"author":2,"featured_media":4187,"parent":0,"menu_order":0,"comment_status":"closed","ping_status":"closed","template":"","meta":{"footnotes":""},"class_list":["post-5974","page","type-page","status-publish","has-post-thumbnail","hentry"],"_links":{"self":[{"href":"https:\/\/fge.usthb.dz\/index.php\/wp-json\/wp\/v2\/pages\/5974","targetHints":{"allow":["GET"]}}],"collection":[{"href":"https:\/\/fge.usthb.dz\/index.php\/wp-json\/wp\/v2\/pages"}],"about":[{"href":"https:\/\/fge.usthb.dz\/index.php\/wp-json\/wp\/v2\/types\/page"}],"author":[{"embeddable":true,"href":"https:\/\/fge.usthb.dz\/index.php\/wp-json\/wp\/v2\/users\/2"}],"replies":[{"embeddable":true,"href":"https:\/\/fge.usthb.dz\/index.php\/wp-json\/wp\/v2\/comments?post=5974"}],"version-history":[{"count":54,"href":"https:\/\/fge.usthb.dz\/index.php\/wp-json\/wp\/v2\/pages\/5974\/revisions"}],"predecessor-version":[{"id":7951,"href":"https:\/\/fge.usthb.dz\/index.php\/wp-json\/wp\/v2\/pages\/5974\/revisions\/7951"}],"wp:featuredmedia":[{"embeddable":true,"href":"https:\/\/fge.usthb.dz\/index.php\/wp-json\/wp\/v2\/media\/4187"}],"wp:attachment":[{"href":"https:\/\/fge.usthb.dz\/index.php\/wp-json\/wp\/v2\/media?parent=5974"}],"curies":[{"name":"wp","href":"https:\/\/api.w.org\/{rel}","templated":true}]}}