{"id":56,"date":"2022-01-24T10:12:59","date_gmt":"2022-01-24T10:12:59","guid":{"rendered":"http:\/\/193.194.89.192\/?page_id=56"},"modified":"2023-01-09T11:52:19","modified_gmt":"2023-01-09T11:52:19","slug":"faculte","status":"publish","type":"page","link":"https:\/\/fge.usthb.dz\/index.php\/faculte\/","title":{"rendered":"Facult\u00e9"},"content":{"rendered":"\n<ul class=\"wp-block-list\"><li><a href=\"https:\/\/fge.usthb.dz\/index.php\/presentation\/\">Pr\u00e9sentation<\/a><\/li><li><a href=\"https:\/\/fge.usthb.dz\/index.php\/organisation\/\">Organisation<\/a><\/li><li><a href=\"https:\/\/fge.usthb.dz\/index.php\/departements\/\">D\u00e9partements<\/a><\/li><li><a href=\"https:\/\/fge.usthb.dz\/index.php\/les-organes-de-la-faculte\/\">Les Organes de la Facult\u00e9<\/a><\/li><\/ul>\n\n\n\n<p><\/p>\n\n\n\n<p><\/p>\n","protected":false},"excerpt":{"rendered":"<p>Pr\u00e9sentation Organisation D\u00e9partements Les Organes de la Facult\u00e9<\/p>\n","protected":false},"author":1,"featured_media":0,"parent":0,"menu_order":0,"comment_status":"closed","ping_status":"closed","template":"","meta":{"footnotes":""},"class_list":["post-56","page","type-page","status-publish","hentry"],"_links":{"self":[{"href":"https:\/\/fge.usthb.dz\/index.php\/wp-json\/wp\/v2\/pages\/56","targetHints":{"allow":["GET"]}}],"collection":[{"href":"https:\/\/fge.usthb.dz\/index.php\/wp-json\/wp\/v2\/pages"}],"about":[{"href":"https:\/\/fge.usthb.dz\/index.php\/wp-json\/wp\/v2\/types\/page"}],"author":[{"embeddable":true,"href":"https:\/\/fge.usthb.dz\/index.php\/wp-json\/wp\/v2\/users\/1"}],"replies":[{"embeddable":true,"href":"https:\/\/fge.usthb.dz\/index.php\/wp-json\/wp\/v2\/comments?post=56"}],"version-history":[{"count":15,"href":"https:\/\/fge.usthb.dz\/index.php\/wp-json\/wp\/v2\/pages\/56\/revisions"}],"predecessor-version":[{"id":5018,"href":"https:\/\/fge.usthb.dz\/index.php\/wp-json\/wp\/v2\/pages\/56\/revisions\/5018"}],"wp:attachment":[{"href":"https:\/\/fge.usthb.dz\/index.php\/wp-json\/wp\/v2\/media?parent=56"}],"curies":[{"name":"wp","href":"https:\/\/api.w.org\/{rel}","templated":true}]}}