{"id":5051,"date":"2023-01-15T10:14:03","date_gmt":"2023-01-15T10:14:03","guid":{"rendered":"https:\/\/fge.usthb.dz\/?page_id=5051"},"modified":"2026-01-26T13:40:01","modified_gmt":"2026-01-26T13:40:01","slug":"conseil-scientifique-de-la-faculte-csf-3","status":"publish","type":"page","link":"https:\/\/fge.usthb.dz\/index.php\/conseil-scientifique-de-la-faculte-csf-3\/","title":{"rendered":"Conseil Scientifique de la Facult\u00e9 (CSF) Derni\u00e8re Mise \u00e0 jour des Membres de Droit du CSF FGE"},"content":{"rendered":"\n<p><a href=\"https:\/\/fge.usthb.dz\/wp-content\/uploads\/2026\/01\/FGE_Arretes_Organes-1.pdf\">Arr\u00eat\u00e9 N\u00b01815, 1816, 1817, 1818, 1819 pour le mandat 2025-2028 <\/a>.<\/p>\n\n\n\n<p>1- <strong>Membres du conseil scientifique de la facult\u00e9<\/strong><\/p>\n\n\n\n<figure class=\"wp-block-table is-style-stripes\"><table class=\"has-medium-black-color has-text-color has-background has-fixed-layout\" style=\"background-color:#547b92\"><tbody><tr><td>                               <strong><b><\/b>Nom &amp; Pr\u00e9nom<b><\/b><\/strong><\/td><td>                                               <strong>Qualit\u00e9<\/strong><b><\/b><\/td><\/tr><tr><td>Pr.TELLACHE Mohamed<\/td><td>Pr\u00e9sident<\/td><\/tr><tr><td>Pr.BOUDJIT Kamel<\/td><td>Doyen<\/td><\/tr><tr><td>Dr.MAZIGHI Khaled Houssameddine<\/td><td><b><\/b>Vice Doyen Post-Graduation<b><\/b><\/td><\/tr><tr><td>Dr.BOURIACHI Fares<br><\/td><td>Vice Doyen de la Scolarit\u00e9<\/td><\/tr><tr><td>Dr.BOUIBED Mohamed Lamine<\/td><td><b><\/b>Chef de d\u00e9partement T\u00e9l\u00e9communication (TEL)<\/td><\/tr><tr><td>Dr.AMRANI Mohamed Lamine<\/td><td>Chef de d\u00e9partement \u00c9lectrotechnique (ELT)<\/td><\/tr><tr><td>Dr.DJELAL Nacereddine<\/td><td>Chef de d\u00e9partement Automatique (AUTO)<\/td><\/tr><tr><td>Dr.MAHFOUDI Hichem <\/td><td>Chef de d\u00e9partement \u00c9lectronique (ELN)<\/td><\/tr><tr><td>Pr.HAMZA Abdelkrim<\/td><td>Pr\u00e9sident CSD. TEL<\/td><\/tr><tr><td>Pr.YAZID Krim<\/td><td>Pr\u00e9sident CSD. ELT<\/td><\/tr><tr><td>Pr.FERGANI Lamya<\/td><td>Pr\u00e9sidente CSD. AUTO<\/td><\/tr><tr><td>Pr.BERBAR Tarik Bouzian<\/td><td>Pr\u00e9sident CSD. ELN<\/td><\/tr><tr><td>Pr.SERIR Amina<\/td><td>Repr\u00e9sentante enseignant RM.TEL<\/td><\/tr><tr><td>Pr.MEKAOUI Slimane<\/td><td>Repr\u00e9sentant enseignant RM. TEL<\/td><\/tr><tr><td>Pr.BOUAZABIA Slimane<\/td><td>Repr\u00e9sentant enseignant RM. ELT<\/td><\/tr><tr><td>Pr.HADJOUT Larbi<\/td><td>Repr\u00e9sentant enseignant RM. ELT<\/td><\/tr><tr><td>Pr.MANSOUR Moufid <\/td><td>Repr\u00e9sentant enseignant RM. AUTO<\/td><\/tr><tr><td>Pr.MOULAI Hocine<\/td><td>Repr\u00e9sentant enseignant RM. AUTO<\/td><\/tr><tr><td>Pr.CHEKIR Amira<\/td><td>Repr\u00e9sentante enseignant RM. ELN<\/td><\/tr><tr><td>Pr.FERGANI Belkacem <\/td><td>Directeur Labo LISIC<\/td><\/tr><tr><td>Pr.CHELALI Fatma Zohra<\/td><td>Directrice Labo LCPTS<\/td><\/tr><tr><td>Pr.OUARZEDDINE Mounira<\/td><td>Directrice Labo LTIR<\/td><\/tr><tr><td>Pr.MENAA Mohamed <\/td><td>Directeur Labo LSEI<\/td><\/tr><tr><td>Pr.NACER Azzeddine<\/td><td>Directeur Labo LCDEP<\/td><\/tr><tr><td>Pr.ACHOUR Noura <\/td><td>Directrice Labo LRPE<\/td><\/tr><tr><td>Pr.BAZI Lynda<\/td><td>Directrice Labo LINS<\/td><\/tr><tr><td>Mr.FARAH Farid<\/td><td>Repr\u00e9sentant MA.FGE<\/td><\/tr><tr><td>Mr.OUNAS Mouloud <\/td><td>Repr\u00e9sentant MA.FGE<\/td><\/tr><tr><td>Mr.NAAMANE Ahmed <\/td><td>Conservateur de la biblioth\u00e8que<\/td><\/tr><\/tbody><\/table><\/figure>\n\n\n\n<p><\/p>\n","protected":false},"excerpt":{"rendered":"<p>Arr\u00eat\u00e9 N\u00b01815, 1816, 1817, 1818, 1819 pour le mandat 2025-2028 <span class=\"readmore\"><a href=\"https:\/\/fge.usthb.dz\/index.php\/conseil-scientifique-de-la-faculte-csf-3\/\">Suite<\/a><\/span><\/p>\n","protected":false},"author":2,"featured_media":0,"parent":0,"menu_order":0,"comment_status":"closed","ping_status":"closed","template":"","meta":{"footnotes":""},"class_list":["post-5051","page","type-page","status-publish","hentry"],"_links":{"self":[{"href":"https:\/\/fge.usthb.dz\/index.php\/wp-json\/wp\/v2\/pages\/5051","targetHints":{"allow":["GET"]}}],"collection":[{"href":"https:\/\/fge.usthb.dz\/index.php\/wp-json\/wp\/v2\/pages"}],"about":[{"href":"https:\/\/fge.usthb.dz\/index.php\/wp-json\/wp\/v2\/types\/page"}],"author":[{"embeddable":true,"href":"https:\/\/fge.usthb.dz\/index.php\/wp-json\/wp\/v2\/users\/2"}],"replies":[{"embeddable":true,"href":"https:\/\/fge.usthb.dz\/index.php\/wp-json\/wp\/v2\/comments?post=5051"}],"version-history":[{"count":53,"href":"https:\/\/fge.usthb.dz\/index.php\/wp-json\/wp\/v2\/pages\/5051\/revisions"}],"predecessor-version":[{"id":12265,"href":"https:\/\/fge.usthb.dz\/index.php\/wp-json\/wp\/v2\/pages\/5051\/revisions\/12265"}],"wp:attachment":[{"href":"https:\/\/fge.usthb.dz\/index.php\/wp-json\/wp\/v2\/media?parent=5051"}],"curies":[{"name":"wp","href":"https:\/\/api.w.org\/{rel}","templated":true}]}}