{"id":4998,"date":"2023-01-09T09:07:53","date_gmt":"2023-01-09T09:07:53","guid":{"rendered":"https:\/\/fge.usthb.dz\/?page_id=4998"},"modified":"2023-01-09T09:07:53","modified_gmt":"2023-01-09T09:07:53","slug":"authentification-2","status":"publish","type":"page","link":"https:\/\/fge.usthb.dz\/index.php\/authentification-2\/","title":{"rendered":"AUTHENTIFICATION"},"content":{"rendered":"\n<p>NOTE<br>Nous informons l\u2019ensemble des \u00e9tudiants, qu\u2019ils doivent scanner<br>leurs documents \u00e0 authentifier, les envoyer sur la plateforme du<br>minist\u00e8re de l\u2019enseignement sup\u00e9rieur et de la recherche<br>scientifique, direction g\u00e9n\u00e9rale des enseignements et de la<br>formation sup\u00e9rieure.<br>D\u00e9poser les documents suivant \u00e0 la scolarit\u00e9 de la FGE, service<br>AUTHENTIFICATION :<\/p>\n\n\n\n<ul class=\"wp-block-list\"><li>Imprimer le r\u00e9c\u00e9piss\u00e9<\/li><li>Copie du BAC<\/li><li>Relev\u00e9s et dipl\u00f4mes originaux.<\/li><\/ul>\n","protected":false},"excerpt":{"rendered":"<p>NOTENous informons l\u2019ensemble des \u00e9tudiants, qu\u2019ils doivent scannerleurs documents \u00e0 <span class=\"readmore\"><a href=\"https:\/\/fge.usthb.dz\/index.php\/authentification-2\/\">Suite<\/a><\/span><\/p>\n","protected":false},"author":2,"featured_media":4999,"parent":0,"menu_order":0,"comment_status":"closed","ping_status":"closed","template":"","meta":{"footnotes":""},"class_list":["post-4998","page","type-page","status-publish","has-post-thumbnail","hentry"],"_links":{"self":[{"href":"https:\/\/fge.usthb.dz\/index.php\/wp-json\/wp\/v2\/pages\/4998","targetHints":{"allow":["GET"]}}],"collection":[{"href":"https:\/\/fge.usthb.dz\/index.php\/wp-json\/wp\/v2\/pages"}],"about":[{"href":"https:\/\/fge.usthb.dz\/index.php\/wp-json\/wp\/v2\/types\/page"}],"author":[{"embeddable":true,"href":"https:\/\/fge.usthb.dz\/index.php\/wp-json\/wp\/v2\/users\/2"}],"replies":[{"embeddable":true,"href":"https:\/\/fge.usthb.dz\/index.php\/wp-json\/wp\/v2\/comments?post=4998"}],"version-history":[{"count":1,"href":"https:\/\/fge.usthb.dz\/index.php\/wp-json\/wp\/v2\/pages\/4998\/revisions"}],"predecessor-version":[{"id":5000,"href":"https:\/\/fge.usthb.dz\/index.php\/wp-json\/wp\/v2\/pages\/4998\/revisions\/5000"}],"wp:featuredmedia":[{"embeddable":true,"href":"https:\/\/fge.usthb.dz\/index.php\/wp-json\/wp\/v2\/media\/4999"}],"wp:attachment":[{"href":"https:\/\/fge.usthb.dz\/index.php\/wp-json\/wp\/v2\/media?parent=4998"}],"curies":[{"name":"wp","href":"https:\/\/api.w.org\/{rel}","templated":true}]}}