{"id":4910,"date":"2022-12-21T13:47:57","date_gmt":"2022-12-21T13:47:57","guid":{"rendered":"https:\/\/fge.usthb.dz\/?page_id=4910"},"modified":"2026-01-22T09:14:07","modified_gmt":"2026-01-22T09:14:07","slug":"conseil-scientifique-cf","status":"publish","type":"page","link":"https:\/\/fge.usthb.dz\/index.php\/conseil-scientifique-cf\/","title":{"rendered":"Conseil Scientifique (CF)"},"content":{"rendered":"\n\n\n<figure class=\"wp-block-table is-style-stripes\"><table class=\"has-background\" style=\"background-color:#5589ac\"><tbody><tr><td><strong>Nom &amp; Pr\u00e9nom<\/strong><\/td><td><strong>Qualit\u00e9<\/strong><\/td><\/tr><tr><td>Dr.BOUDJIT Kamel<\/td><td>Doyen Pr\u00e9sident<\/td><\/tr><tr><td>Mme.MERHOUNE REZIG Rima <\/td><td>S\u00e9critaire G\u00e9n\u00e9ral<\/td><\/tr><tr><td>Dr.MAZIGHI Khaled Houssameddine<\/td><td>Vice Doyen Post-Graduation<\/td><\/tr><tr><td>Dr.BOURIACHI Fares<\/td><td>Vice Doyen de la Scolarit\u00e9<\/td><\/tr><tr><td>Dr.BOUIBED Mohamed Lamine<\/td><td>Chef de d\u00e9partement T\u00e9l\u00e9communication (TEL)<\/td><\/tr><tr><td>Dr.AMRANI Mohamed Lamine<\/td><td>Chef de d\u00e9partement \u00c9lectrotechnique (ELT)<\/td><\/tr><tr><td>Dr.DJELAL Nacereddine<\/td><td>Chef de d\u00e9partement Automatique (AUTO)<\/td><\/tr><tr><td>Dr.MAHFOUDI Hichem <\/td><td>Chef de d\u00e9partement \u00c9lectronique (ELN)<\/td><\/tr><tr><td>Pr.FERGANI Lamya <\/td><td>Repr\u00e9sentant RM. TEL<\/td><\/tr><tr><td>Pr.BERBAR Tarek bouziane<\/td><td>Repr\u00e9sentant RM. ELN<\/td><\/tr><tr><td>Pr.BOUCHFA Farid <\/td><td>Repr\u00e9sentant RM. AUTO<\/td><\/tr><tr><td>Pr.HADJOUT Larbi <\/td><td>Repr\u00e9sentant RM. ELT<\/td><\/tr><tr><td>Pr.HAMDANI Samir<\/td><td>Repr\u00e9sentant RM. ELT<\/td><\/tr><tr><td>Dr.NACER Djellal<\/td><td>Repr\u00e9sentant MA<\/td><\/tr><tr><td>Mr.OUNAS Mouloud <\/td><td>Repr\u00e9sentant MA<\/td><\/tr><tr><td>Mme BRAHIMI Houria <\/td><td>Repr\u00e9sentant ATS<\/td><\/tr><tr><td>Mme MAHFOUD Kheira <\/td><td>Repr\u00e9sentant ATS<\/td><\/tr><\/tbody><\/table><\/figure>\n","protected":false},"excerpt":{"rendered":"<p>Nom &amp; Pr\u00e9nom Qualit\u00e9 Dr.BOUDJIT Kamel Doyen Pr\u00e9sident Mme.MERHOUNE REZIG <span class=\"readmore\"><a href=\"https:\/\/fge.usthb.dz\/index.php\/conseil-scientifique-cf\/\">Suite<\/a><\/span><\/p>\n","protected":false},"author":2,"featured_media":0,"parent":0,"menu_order":0,"comment_status":"closed","ping_status":"closed","template":"","meta":{"footnotes":""},"class_list":["post-4910","page","type-page","status-publish","hentry"],"_links":{"self":[{"href":"https:\/\/fge.usthb.dz\/index.php\/wp-json\/wp\/v2\/pages\/4910","targetHints":{"allow":["GET"]}}],"collection":[{"href":"https:\/\/fge.usthb.dz\/index.php\/wp-json\/wp\/v2\/pages"}],"about":[{"href":"https:\/\/fge.usthb.dz\/index.php\/wp-json\/wp\/v2\/types\/page"}],"author":[{"embeddable":true,"href":"https:\/\/fge.usthb.dz\/index.php\/wp-json\/wp\/v2\/users\/2"}],"replies":[{"embeddable":true,"href":"https:\/\/fge.usthb.dz\/index.php\/wp-json\/wp\/v2\/comments?post=4910"}],"version-history":[{"count":16,"href":"https:\/\/fge.usthb.dz\/index.php\/wp-json\/wp\/v2\/pages\/4910\/revisions"}],"predecessor-version":[{"id":12237,"href":"https:\/\/fge.usthb.dz\/index.php\/wp-json\/wp\/v2\/pages\/4910\/revisions\/12237"}],"wp:attachment":[{"href":"https:\/\/fge.usthb.dz\/index.php\/wp-json\/wp\/v2\/media?parent=4910"}],"curies":[{"name":"wp","href":"https:\/\/api.w.org\/{rel}","templated":true}]}}