{"id":4834,"date":"2022-12-14T12:37:28","date_gmt":"2022-12-14T12:37:28","guid":{"rendered":"https:\/\/fge.usthb.dz\/?page_id=4834"},"modified":"2026-01-26T13:39:04","modified_gmt":"2026-01-26T13:39:04","slug":"conseil-scientifique-de-la-faculte-csf-2","status":"publish","type":"page","link":"https:\/\/fge.usthb.dz\/index.php\/conseil-scientifique-de-la-faculte-csf-2\/","title":{"rendered":"Conseil Scientifique des D\u00e9partements (CSD)"},"content":{"rendered":"\n<figure class=\"wp-block-table is-style-stripes\"><table class=\"has-black-color has-text-color has-background\" style=\"background-color:#447a9b\"><tbody><tr><td><strong>CSD T\u00e9l\u00e9communication<\/strong><\/td><td><\/td><\/tr><tr><td><li>Pr.HAMZA Abdelkrim<\/li><\/td><td>Pr\u00e9sident CSD<\/td><\/tr><tr><td><li>Dr.BOUIBED Mohamed Lamine <\/li><\/td><td>Chef de d\u00e9partement T\u00e9l\u00e9communication (TEL)<\/td><\/tr><tr><td><li>Pr.KOURGLI Assia<\/li><\/td><td>Repr\u00e9sentante -Profs-<\/td><\/tr><tr><td><li>Pr.KHEDDAM Radja<\/li><\/td><td>Repr\u00e9sentante -Profs-<\/td><\/tr><tr><td><li>Dr.RAAF Ouarda<\/li><\/td><td>Repr\u00e9sentante MCA<\/td><\/tr><tr><td><li>Dr.HEMIS Mustapha <\/li><\/td><td>Repr\u00e9sentant MCB<\/td><\/tr><tr><td><li>Mr LABANDJI Samy <\/li><\/td><td>Repr\u00e9sentant MAA<\/td><\/tr><tr><td><strong>CSD \u00c9lectrotechnique<\/strong><\/td><td><\/td><\/tr><tr><td><li><\/li><li>Pr.YAZID Krim <\/li><\/td><td>Pr\u00e9sident<\/td><\/tr><tr><td><li>Dr.AMRANI Mohamed Lamine<\/li><\/td><td>Chef de d\u00e9partement \u00c9lectrotechnique (ELT)<\/td><\/tr><tr><td><li>Pr.GUENFAF LAKHDAR<\/li><\/td><td>Repr\u00e9sentant -Profs-<\/td><\/tr><tr><td><li>Pr.NAIT SEGHIR Amirouche     <\/li><\/td><td>Repr\u00e9sentant -Profs-<\/td><\/tr><tr><td>Dr.KHELLIL DJAZIA<\/td><td>Repr\u00e9sentante MCA<\/td><\/tr><tr><td>Dr.ABDI Ammar<\/td><td>Repr\u00e9sentant MCA<\/td><\/tr><tr><td>Mr BENCHEIKH YOUCEF<\/td><td>Repr\u00e9sentant MAA<\/td><\/tr><tr><td>Mr BENHARRAT Samira<\/td><td>Repr\u00e9sentante MAB<\/td><\/tr><tr><td><strong>CSD \u00c9lectronique<\/strong><\/td><td><\/td><\/tr><tr><td>Pr.BERBAR Tarek bouziane<\/td><td>Pr\u00e9sident<\/td><\/tr><tr><td><li>Dr.MAHFOUDI Hichem <\/li><\/td><td>Chef de d\u00e9partement \u00c9lectronique (ELN)<\/td><\/tr><tr><td>Pr.TOUNSI Mohamed Lamine <\/td><td>Repr\u00e9sentant -Profs-<\/td><\/tr><tr><td>Dr.HAMDI Farah<\/td><td>Repr\u00e9sentante MCB<\/td><\/tr><tr><td>Dr.DROUICHE IMANE<\/td><td>Repr\u00e9sentante MCB<\/td><\/tr><tr><td>Mr KORAICHI MOHAMED<\/td><td>Repr\u00e9sentant MAA<\/td><\/tr><tr><td><strong>CSD Automatique<\/strong><\/td><td><\/td><\/tr><tr><td>Pr.FERGANI Lamya<\/td><td>Pr\u00e9sident<\/td><\/tr><tr><td><li>Dr.DJELAL Nacereddine<\/li><\/td><td>Chef de d\u00e9partement Automatique (AUTO)<\/td><\/tr><tr><td>Dr.BOUDJEDIR Chemssedine<\/td><td>Repr\u00e9sentante MCA<\/td><\/tr><tr><td>Dr.CHAABNA Ameur<\/td><td>Repr\u00e9sentant MCB<\/td><\/tr><tr><td>Dr.MECHAT Nabil<\/td><td>Repr\u00e9sentant MAA<\/td><\/tr><tr><td>Dr.BENKERCHA Rabeh<\/td><td>Repr\u00e9sentant MAB<\/td><\/tr><\/tbody><\/table><\/figure>\n","protected":false},"excerpt":{"rendered":"<p>CSD T\u00e9l\u00e9communication Pr.HAMZA Abdelkrim Pr\u00e9sident CSD Dr.BOUIBED Mohamed Lamine Chef <span class=\"readmore\"><a href=\"https:\/\/fge.usthb.dz\/index.php\/conseil-scientifique-de-la-faculte-csf-2\/\">Suite<\/a><\/span><\/p>\n","protected":false},"author":2,"featured_media":0,"parent":0,"menu_order":0,"comment_status":"closed","ping_status":"closed","template":"","meta":{"footnotes":""},"class_list":["post-4834","page","type-page","status-publish","hentry"],"_links":{"self":[{"href":"https:\/\/fge.usthb.dz\/index.php\/wp-json\/wp\/v2\/pages\/4834","targetHints":{"allow":["GET"]}}],"collection":[{"href":"https:\/\/fge.usthb.dz\/index.php\/wp-json\/wp\/v2\/pages"}],"about":[{"href":"https:\/\/fge.usthb.dz\/index.php\/wp-json\/wp\/v2\/types\/page"}],"author":[{"embeddable":true,"href":"https:\/\/fge.usthb.dz\/index.php\/wp-json\/wp\/v2\/users\/2"}],"replies":[{"embeddable":true,"href":"https:\/\/fge.usthb.dz\/index.php\/wp-json\/wp\/v2\/comments?post=4834"}],"version-history":[{"count":41,"href":"https:\/\/fge.usthb.dz\/index.php\/wp-json\/wp\/v2\/pages\/4834\/revisions"}],"predecessor-version":[{"id":12264,"href":"https:\/\/fge.usthb.dz\/index.php\/wp-json\/wp\/v2\/pages\/4834\/revisions\/12264"}],"wp:attachment":[{"href":"https:\/\/fge.usthb.dz\/index.php\/wp-json\/wp\/v2\/media?parent=4834"}],"curies":[{"name":"wp","href":"https:\/\/api.w.org\/{rel}","templated":true}]}}