{"id":4645,"date":"2022-11-30T09:06:38","date_gmt":"2022-11-30T09:06:38","guid":{"rendered":"https:\/\/fge.usthb.dz\/?page_id=4645"},"modified":"2026-01-27T10:23:54","modified_gmt":"2026-01-27T10:23:54","slug":"bibliotheque-2","status":"publish","type":"page","link":"https:\/\/fge.usthb.dz\/index.php\/bibliotheque-2\/","title":{"rendered":"Biblioth\u00e8que"},"content":{"rendered":"\n<div class=\"wp-block-media-text is-stacked-on-mobile\" style=\"grid-template-columns:20% auto\"><figure class=\"wp-block-media-text__media\"><img loading=\"lazy\" decoding=\"async\" width=\"562\" height=\"1000\" src=\"https:\/\/fge.usthb.dz\/wp-content\/uploads\/2025\/09\/IMG-20250914-WA0002.jpg\" alt=\"\" class=\"wp-image-11502 size-full\" srcset=\"https:\/\/fge.usthb.dz\/wp-content\/uploads\/2025\/09\/IMG-20250914-WA0002.jpg 562w, https:\/\/fge.usthb.dz\/wp-content\/uploads\/2025\/09\/IMG-20250914-WA0002-169x300.jpg 169w\" sizes=\"auto, (max-width: 562px) 100vw, 562px\" \/><\/figure><div class=\"wp-block-media-text__content\">\n<p><a href=\"https:\/\/research.ebsco.com\/c\/2jworc\/search?db=nlebk\"><strong>Acc\u00e8s \u00e0 la Biblioth\u00e8que Num\u00e9rique \u02ba EBSCO \u02ba<\/strong><\/a><\/p>\n\n\n\n<p><\/p>\n<\/div><\/div>\n\n\n\n<p class=\"has-text-color\" style=\"color:#3800a3\"><strong><\/strong><\/p><u><center><strong>Pr\u00e9sentation de la biblioth\u00e8que de la facult\u00e9 de g\u00e9nie \u00e9lectrique<\/strong><\/center><\/u><p><\/p>\n\n\n\n<p>La mission essentielle de la Biblioth\u00e8que de la Facult\u00e9 de G\u00e9nie \u00c9lectrique est de fournir \u00e0 la communaut\u00e9 universitaire les ressources et les services documentaires n\u00e9cessaires \u00e0 l&#8217;enseignement et \u00e0 la recherche.<\/p>\n\n\n\n<p>La Biblioth\u00e8que de la facult\u00e9 de g\u00e9nie \u00e9lectrique dispose d&#8217;un fond cons\u00e9dirable d&#8217;ouvrages scientifiques et techniques dans des fili\u00e8res dont la formation est assur\u00e9e au sein de la facult\u00e9. En l&#8217;occurrence, il s&#8217;agit d&#8217;ouvrages des T\u00e9l\u00e9communications, \u00c9lectronique, \u00c9lectrotechnique, et de l\u2019Automatique.<\/p>\n\n\n\n<p class=\"has-text-color\" style=\"color:#9f1618\">Ses objectifs sont les suivants :<\/p>\n\n\n\n<ul class=\"wp-block-list\">\n<li>D\u00e9velopper et maintenir un ensemble de ressources et de services visant \u00e0 optimiser l\u2019exploitation de l\u2019information documentaire, sur tous supports, disponible localement.<\/li>\n\n\n\n<li>Rendre accessibles ces ressources et services aux diverses composantes de la communaut\u00e9 universitaire.<\/li>\n\n\n\n<li>Participer \u00e0 la formation de l\u2019usager par la mise en place et le maintien de services visant \u00e0 d\u00e9velopper sa comp\u00e9tence informationnelle.<\/li>\n\n\n\n<li>Participer \u00e0 l\u2019enrichissement, \u00e0 l\u2019exploitation et \u00e0 la conservation du patrimoine documentaire.<\/li>\n<\/ul>\n\n\n\n<p class=\"has-text-color\" style=\"color:#2b00a3\"><strong>Inscription \u00e0 la Biblioth\u00e8que de la Facult\u00e9 de G\u00e9nie \u00c9lectrique<\/strong><\/p>\n\n\n\n<figure class=\"wp-block-gallery has-nested-images columns-default is-cropped wp-block-gallery-1 is-layout-flex wp-block-gallery-is-layout-flex\">\n<figure class=\"wp-block-image size-large is-style-rounded\"><img loading=\"lazy\" decoding=\"async\" width=\"562\" height=\"1000\" data-id=\"11510\" src=\"https:\/\/fge.usthb.dz\/wp-content\/uploads\/2025\/09\/IMG-20250914-WA0000-2.jpg\" alt=\"\" class=\"wp-image-11510\" srcset=\"https:\/\/fge.usthb.dz\/wp-content\/uploads\/2025\/09\/IMG-20250914-WA0000-2.jpg 562w, https:\/\/fge.usthb.dz\/wp-content\/uploads\/2025\/09\/IMG-20250914-WA0000-2-169x300.jpg 169w\" sizes=\"auto, (max-width: 562px) 100vw, 562px\" \/><\/figure>\n\n\n\n<figure class=\"wp-block-image size-large is-style-rounded\"><img loading=\"lazy\" decoding=\"async\" width=\"562\" height=\"1000\" data-id=\"11511\" src=\"https:\/\/fge.usthb.dz\/wp-content\/uploads\/2025\/09\/IMG-20250914-WA0006.jpg\" alt=\"\" class=\"wp-image-11511\" srcset=\"https:\/\/fge.usthb.dz\/wp-content\/uploads\/2025\/09\/IMG-20250914-WA0006.jpg 562w, https:\/\/fge.usthb.dz\/wp-content\/uploads\/2025\/09\/IMG-20250914-WA0006-169x300.jpg 169w\" sizes=\"auto, (max-width: 562px) 100vw, 562px\" \/><\/figure>\n\n\n\n<figure class=\"wp-block-image size-large is-style-rounded\"><img loading=\"lazy\" decoding=\"async\" width=\"1000\" height=\"562\" data-id=\"11514\" src=\"https:\/\/fge.usthb.dz\/wp-content\/uploads\/2025\/09\/IMG-20250914-WA0014.jpg\" alt=\"\" class=\"wp-image-11514\" srcset=\"https:\/\/fge.usthb.dz\/wp-content\/uploads\/2025\/09\/IMG-20250914-WA0014.jpg 1000w, https:\/\/fge.usthb.dz\/wp-content\/uploads\/2025\/09\/IMG-20250914-WA0014-300x169.jpg 300w, https:\/\/fge.usthb.dz\/wp-content\/uploads\/2025\/09\/IMG-20250914-WA0014-768x432.jpg 768w\" sizes=\"auto, (max-width: 1000px) 100vw, 1000px\" \/><\/figure>\n<\/figure>\n\n\n\n<p class=\"has-text-color\" style=\"color:#0e6511\">La Biblioth\u00e8que est accessible :<\/p>\n\n\n\n<ul class=\"wp-block-list\">\n<li>Aux \u00e9tudiants, enseignants-chercheurs, chercheurs et personnels de la facult\u00e9.<\/li>\n\n\n\n<li>Aux \u00e9tudiants inscrits en Licence et Master \u00e0 la Facult\u00e9 de G\u00e9nie \u00c9lectrique.<\/li>\n<\/ul>\n\n\n\n<p class=\"has-text-color\" style=\"color:#165b2f\">Pi\u00e8ces \u00e0 fournir pour l&#8217;inscription :<\/p>\n\n\n\n<p>Les enseignants sont inscrits.<\/p>\n\n\n\n<p>Pour les \u00e9tudiants:<\/p>\n\n\n\n<ol class=\"wp-block-list\">\n<li>Certificat de scolarit\u00e9.<\/li>\n\n\n\n<li>Une (01) photo d&#8217;identit\u00e9.<\/li>\n<\/ol>\n\n\n\n<p class=\"has-text-color\" style=\"color:#2600a3\"><strong>Les services de pr\u00eat<\/strong><\/p>\n\n\n\n<p class=\"has-text-color\" style=\"color:#0e6637\">Les conditions de pr\u00eat :<\/p>\n\n\n\n<p>L&#8217;emprunt des documents de la biblioth\u00e8que se fait par la carte de lecteur.<\/p>\n\n\n\n<figure class=\"wp-block-table is-style-stripes\"><table class=\"has-black-color has-text-color\"><tbody><tr><td><strong>Qualit\u00e9 du lecteur<\/strong><\/td><td><strong>Nombre de livres<\/strong><\/td><td><strong>Dur\u00e9e de l\u2019emprunt<\/strong><\/td><\/tr><tr><td>Etudiant en Licence<\/td><td>02<\/td><td>15 jours<\/td><\/tr><tr><td>Etudiant en Master<\/td><td>03<\/td><td>15 jours<\/td><\/tr><tr><td>Etudiant en Post Graduation<\/td><td>04<\/td><td>21 jours<\/td><\/tr><tr><td>Enseignant<\/td><td>05<\/td><td>15 jours renouvelable<\/td><\/tr><\/tbody><\/table><\/figure>\n\n\n\n<p class=\"has-text-color\" style=\"color:#125c33\">Les prolongations&nbsp;:<\/p>\n\n\n\n<p>Il est possible de prolonger l&#8217;emprunt d&#8217;un document en faisant la demande aupr\u00e8s du personnel de la biblioth\u00e8que. Cette prolongation se fera selon les conditions d\u00e9finies par l&#8217;\u00e9tablissement et au maximum pour une dur\u00e9e \u00e9gale \u00e0 celle du pr\u00eat initial. Les documents r\u00e9serv\u00e9s par d&#8217;autres lecteurs, comme ceux d\u00e9j\u00e0 en retard, ne peuvent pas faire l&#8217;objet de prolongations.<\/p>\n\n\n\n<p class=\"has-text-color\" style=\"color:#0b542d\">Les horaires de pr\u00eat et d\u2019ouverture de la Biblioth\u00e8que&nbsp;:<\/p>\n\n\n\n<p>La Biblioth\u00e8que est ouverte de Dimanche \u00e0 Jeudi et de 8h:30 \u00e0 16h:30.<\/p>\n\n\n\n<p class=\"has-text-color has-link-color wp-elements-d009c8506dc2107e490cbbd43a7cce9e\" style=\"color:#58804a\"><br><em><strong>Mise en service de la Biblioth\u00e8que Num\u00e9rique<\/strong><\/em> <em><strong>\u02ba EBSCO \u02ba<\/strong><\/em><\/p>\n\n\n\n<p><a href=\"https:\/\/fge.usthb.dz\/wp-content\/uploads\/2025\/03\/Mise-en-Service-de-la-Bibliotheque-Numerique-FGE-\u02baEBSCO\u02ba3-2.pdf\"><em> La Biblioth\u00e8que Num\u00e9rique<\/em> <\/a><\/p>\n\n\n\n<p class=\"has-text-color\" style=\"color:#3d00a3\"><strong>Contacts<\/strong><\/p>\n\n\n\n<p>Pour toutes renseignements veuillez contactez :<\/p>\n\n\n\n<p>Le Conservateur de la Biblioth\u00e8que&nbsp;: Mr NAMANE Ahmed<\/p>\n\n\n\n<p class=\"has-black-color has-text-color\">Email&nbsp;: hmdnamane@gmail.com<\/p>\n\n\n\n<p>Chef service des acquisitions\u00a0: Mahfoud kheira<\/p>\n\n\n\n<p>Email&nbsp;: mahkheira06@yahoo.com<\/p>\n\n\n\n<p><\/p>\n","protected":false},"excerpt":{"rendered":"<p>Acc\u00e8s \u00e0 la Biblioth\u00e8que Num\u00e9rique \u02ba EBSCO \u02ba Pr\u00e9sentation de <span class=\"readmore\"><a href=\"https:\/\/fge.usthb.dz\/index.php\/bibliotheque-2\/\">Suite<\/a><\/span><\/p>\n","protected":false},"author":2,"featured_media":0,"parent":0,"menu_order":0,"comment_status":"closed","ping_status":"closed","template":"","meta":{"footnotes":""},"class_list":["post-4645","page","type-page","status-publish","hentry"],"_links":{"self":[{"href":"https:\/\/fge.usthb.dz\/index.php\/wp-json\/wp\/v2\/pages\/4645","targetHints":{"allow":["GET"]}}],"collection":[{"href":"https:\/\/fge.usthb.dz\/index.php\/wp-json\/wp\/v2\/pages"}],"about":[{"href":"https:\/\/fge.usthb.dz\/index.php\/wp-json\/wp\/v2\/types\/page"}],"author":[{"embeddable":true,"href":"https:\/\/fge.usthb.dz\/index.php\/wp-json\/wp\/v2\/users\/2"}],"replies":[{"embeddable":true,"href":"https:\/\/fge.usthb.dz\/index.php\/wp-json\/wp\/v2\/comments?post=4645"}],"version-history":[{"count":64,"href":"https:\/\/fge.usthb.dz\/index.php\/wp-json\/wp\/v2\/pages\/4645\/revisions"}],"predecessor-version":[{"id":12266,"href":"https:\/\/fge.usthb.dz\/index.php\/wp-json\/wp\/v2\/pages\/4645\/revisions\/12266"}],"wp:attachment":[{"href":"https:\/\/fge.usthb.dz\/index.php\/wp-json\/wp\/v2\/media?parent=4645"}],"curies":[{"name":"wp","href":"https:\/\/api.w.org\/{rel}","templated":true}]}}