{"id":4614,"date":"2022-11-29T08:09:48","date_gmt":"2022-11-29T08:09:48","guid":{"rendered":"https:\/\/fge.usthb.dz\/?page_id=4614"},"modified":"2023-01-16T11:59:13","modified_gmt":"2023-01-16T11:59:13","slug":"les-organes-de-la-faculte","status":"publish","type":"page","link":"https:\/\/fge.usthb.dz\/index.php\/les-organes-de-la-faculte\/","title":{"rendered":"Les Organes de la Facult\u00e9"},"content":{"rendered":"\n<ul class=\"wp-block-list\"><li><a href=\"https:\/\/fge.usthb.dz\/index.php\/conseil-scientifique-de-la-faculte-csf-3\/\">Conseil Scientifique de la Facult\u00e9 (CSF)<\/a><\/li><li><a href=\"https:\/\/fge.usthb.dz\/index.php\/conseil-scientifique-de-la-faculte-csf-2\/\">Comit\u00e9 Scientifique des D\u00e9partements (CSD)<\/a><\/li><li><a href=\"https:\/\/fge.usthb.dz\/index.php\/conseil-scientifique-cf\/\">Conseil de Facult\u00e9 (CF)<\/a><\/li><\/ul>\n\n\n\n<p><\/p>\n","protected":false},"excerpt":{"rendered":"<p>Conseil Scientifique de la Facult\u00e9 (CSF) Comit\u00e9 Scientifique des D\u00e9partements <span class=\"readmore\"><a href=\"https:\/\/fge.usthb.dz\/index.php\/les-organes-de-la-faculte\/\">Suite<\/a><\/span><\/p>\n","protected":false},"author":2,"featured_media":0,"parent":0,"menu_order":0,"comment_status":"closed","ping_status":"closed","template":"","meta":{"footnotes":""},"class_list":["post-4614","page","type-page","status-publish","hentry"],"_links":{"self":[{"href":"https:\/\/fge.usthb.dz\/index.php\/wp-json\/wp\/v2\/pages\/4614","targetHints":{"allow":["GET"]}}],"collection":[{"href":"https:\/\/fge.usthb.dz\/index.php\/wp-json\/wp\/v2\/pages"}],"about":[{"href":"https:\/\/fge.usthb.dz\/index.php\/wp-json\/wp\/v2\/types\/page"}],"author":[{"embeddable":true,"href":"https:\/\/fge.usthb.dz\/index.php\/wp-json\/wp\/v2\/users\/2"}],"replies":[{"embeddable":true,"href":"https:\/\/fge.usthb.dz\/index.php\/wp-json\/wp\/v2\/comments?post=4614"}],"version-history":[{"count":9,"href":"https:\/\/fge.usthb.dz\/index.php\/wp-json\/wp\/v2\/pages\/4614\/revisions"}],"predecessor-version":[{"id":5118,"href":"https:\/\/fge.usthb.dz\/index.php\/wp-json\/wp\/v2\/pages\/4614\/revisions\/5118"}],"wp:attachment":[{"href":"https:\/\/fge.usthb.dz\/index.php\/wp-json\/wp\/v2\/media?parent=4614"}],"curies":[{"name":"wp","href":"https:\/\/api.w.org\/{rel}","templated":true}]}}