{"id":2754,"date":"2022-06-19T08:46:59","date_gmt":"2022-06-19T08:46:59","guid":{"rendered":"https:\/\/fge.usthb.dz\/?page_id=2754"},"modified":"2023-02-15T12:32:33","modified_gmt":"2023-02-15T12:32:33","slug":"consultation","status":"publish","type":"page","link":"https:\/\/fge.usthb.dz\/index.php\/consultation\/","title":{"rendered":"Consultations 2022"},"content":{"rendered":"\n<p>La facult\u00e9 de G\u00e9nie \u00c9lectrique \u2013 USTHB lance une consultation (N\u00b0001\/FGE\/25\/052022) pour les travaux d\u2019am\u00e9nagement<\/p>\n\n\n\n<p><a href=\"https:\/\/fge.usthb.dz\/wp-content\/uploads\/2022\/05\/consultation.pdf\">Consultation (N\u00b0001\/FGE\/2022)<\/a><\/p>\n\n\n\n<p>Consultation (N\u00b0002\/FGE\/14\/07\/2022 ) relative aux Travaux d&#8217;entretiens de la FGE par nature:<\/p>\n\n\n\n<p><a href=\"https:\/\/fge.usthb.dz\/wp-content\/uploads\/2022\/07\/consult-02-22.pdf\">Consultation (N\u00b0002\/FGE\/2022)<\/a><\/p>\n\n\n\n<p>Consultation (N\u00b0003\/FGE\/17\/07\/2022) reIative aux acquisitions lies \u00e0 la post graduation:<\/p>\n\n\n\n<p><a href=\"https:\/\/fge.usthb.dz\/wp-content\/uploads\/2022\/07\/consultation-n\u00b03-acquisitions-lies-a-la-post-graduation.pdf\">Consultation (N\u00b0003\/FGE\/2022)<\/a><\/p>\n\n\n\n<p>Consultation (N\u00b0004\/FGE\/17\/07\/2022) reIative aux acquisitions du mat\u00e9riel et mobilier p\u00e9dagogique:<\/p>\n\n\n\n<p><a href=\"https:\/\/fge.usthb.dz\/wp-content\/uploads\/2022\/07\/consultation-n-\u00b04-Acquisitions-du-materiel-et-mobilier-pedagogique.pdf\">Consultation (N\u00b0004\/FGE\/2022)<\/a><\/p>\n\n\n\n<p>NOTE: Consultation N\u00b0: 03\/FGE\/2022 Lot N\u00b0: 02 acquisition du materiel p\u00e9dagogique est d\u00e9clar\u00e9e infructueuse.<\/p>\n\n\n\n<p><a href=\"https:\/\/fge.usthb.dz\/wp-content\/uploads\/2022\/09\/2022-09-29_11-32-15_winscan_to_pdfrym-2.pdf\">Consultation (N\u00b0: 03\/FGE\/2022)<\/a><\/p>\n\n\n\n<p>Avis de consultation (N\u00b0005\/FGE\/02\/10\/2022) reIative aux acquisitions des ouvrages scientifiques pour la biblioth\u00e8que de la facult\u00e9.<\/p>\n\n\n\n<p><a href=\"https:\/\/fge.usthb.dz\/wp-content\/uploads\/2022\/10\/consultation-n\u00b05-acquisition-des-ouvrages-scientifiques-2.pdf\">Consultation (N\u00b0005\/FGE\/2022)<\/a><\/p>\n\n\n\n<p>Consultation N\u00b0 006\/ FGE\/ LSEI \/2022 relative \u00e0 l\u2019acquisition des Fournitures au profit<br>du projet \u00e0 Impact Socio-Economique intitul\u00e9 \u00ab&nbsp;Conception Impl\u00e9mentation d\u2019Un Emulateur<br>d\u2019Eomien Sur FPGA Base Sur Hardwarde-In-The-Loop&nbsp;\u00bb pour le laboratoire LSEI conform\u00e9ment \u00e0 l\u2019\u00e9tat Descriptif et quantitatif joint en annexe.<\/p>\n\n\n\n<p><a href=\"https:\/\/fge.usthb.dz\/wp-content\/uploads\/2022\/11\/avis-de-consultation-\u00b06.pdf\">Consultation restreinte<\/a> <a href=\"https:\/\/fge.usthb.dz\/wp-content\/uploads\/2022\/11\/avis-de-consultation-\u00b06.pdf\">(N\u00b0006\/FGE\/LSEI\/2022)<\/a><\/p>\n\n\n\n<p>Consultation N\u00b0007\/FGE<strong>\/<\/strong>2022 relative aux acquisitions du mat\u00e9riels et fournitures pour les formations li\u00e9es \u00e0 la post graduation<\/p>\n\n\n\n<p> <a href=\"https:\/\/fge.usthb.dz\/wp-content\/uploads\/2022\/11\/avis-de-consultation-n\u00b07.pdf\">Consultation restreinte<\/a> <a href=\"https:\/\/fge.usthb.dz\/wp-content\/uploads\/2022\/11\/avis-de-consultation-n\u00b07.pdf\">(N\u00b0007\/FGE\/2022) <\/a> <\/p>\n\n\n\n<p>Consultation (N\u00b0008\/FGE\/2022) reIative aux frais des \u00e9tudiants \u00e9trangers en Alg\u00e9rie<\/p>\n\n\n\n<p><a href=\"https:\/\/fge.usthb.dz\/wp-content\/uploads\/2022\/12\/consultation-n\u00b08-1.pdf\">Consultation restreinte<\/a> <a href=\"https:\/\/fge.usthb.dz\/wp-content\/uploads\/2022\/12\/consultation-n\u00b08-1.pdf\">(N\u00b0008\/FGE\/2022)<\/a><\/p>\n\n\n\n<p>Consultation (N\u00b0009\/FGE\/LINS\/2022) relative \u00e0 l\u2019acquisition des Fournitures au profit du projet \u00e0 Impact Socio-Economique intitul\u00e9 \u00ab d\u00e9veloppement et r\u00e9alisation des convertisseurs destin\u00e9s au syst\u00e8mes de production multi sources \u00bb du laboratoire LINS conform\u00e9ment \u00e0 l\u2019\u00e9tat Descriptif et quantitatif joint en annexe.<\/p>\n\n\n\n<p><a href=\"https:\/\/fge.usthb.dz\/wp-content\/uploads\/2023\/02\/consultation-N\u00b09.pdf\">Consultation restreinte (N\u00b0009\/FGE\/LINS\/2022)<\/a><\/p>\n\n\n\n<p>Consultation (N\u00b0010\/FGE\/LINS\/2022) relative \u00e0 l\u2019acquisition des Fournitures au profit du projet \u00e0 Impact Socio-Economique intitul\u00e9 \u00ab d\u00e9veloppement et r\u00e9alisation des convertisseurs destin\u00e9s au syst\u00e8mes de production multi sources \u00bb du laboratoire LINS conform\u00e9ment \u00e0 l\u2019\u00e9tat Descriptif et quantitatif joint en annexe.<\/p>\n\n\n\n<p><a href=\"https:\/\/fge.usthb.dz\/wp-content\/uploads\/2023\/02\/consultation-N\u00b010.pdf\">Consultation restreinte<\/a> <a href=\"https:\/\/fge.usthb.dz\/wp-content\/uploads\/2023\/02\/consultation-N\u00b010.pdf\">(N\u00b0010\/FGE\/LINS\/2022)<\/a><\/p>\n\n\n\n<p>Consultation (N\u00b0011\/FGE\/LCDEP\/2022) relative \u00e0 l\u2019acquisition des Fournitures au profit du laboratoire caract\u00e9risation et diagnostic des \u00e9quipements de puissance LCDEP  dans le cadre du projet formation doctoral conform\u00e9ment \u00e0 l\u2019\u00e9tat Descriptif et quantitatif joint en annexe.<\/p>\n\n\n\n<p><a href=\"https:\/\/fge.usthb.dz\/wp-content\/uploads\/2023\/02\/consultation-N\u00b011.pdf\">Consultation restreinte<\/a> <a href=\"https:\/\/fge.usthb.dz\/wp-content\/uploads\/2023\/02\/consultation-N\u00b011.pdf\">(N\u00b0011\/FGE\/LCDEP\/2022)<\/a><\/p>\n\n\n\n<p>Consultation (N\u00b0012\/FGE\/LINS\/2022) relative \u00e0 l\u2019acquisition des Fournitures au profit du laboratoire d&#8217;Instrumentation- LINS dans le cadre du projet formation doctoral conform\u00e9ment \u00e0 l\u2019\u00e9tat Descriptif et quantitatif joint en annexe.<\/p>\n\n\n\n<p><a href=\"https:\/\/fge.usthb.dz\/wp-content\/uploads\/2023\/02\/consultation-N\u00b012.pdf\">Consultation restreinte (N\u00b0012\/FGE\/LINS\/2022)<\/a><\/p>\n\n\n\n<p>Consultation (N\u00b0013\/FGE\/LINS\/2022) relative \u00e0 l\u2019acquisition des Fournitures au profit du projet \u00e0 Impact Socio-Economique intitul\u00e9 \u00ab d\u00e9veloppement et r\u00e9alisation des convertisseurs destin\u00e9s au syst\u00e8mes de production multi sources \u00bb du laboratoire LINS conform\u00e9ment \u00e0 l\u2019\u00e9tat Descriptif et quantitatif joint en annexe.<\/p>\n\n\n\n<p><a href=\"https:\/\/fge.usthb.dz\/wp-content\/uploads\/2023\/02\/consultation-N\u00b013.pdf\">Consultation restreinte (N\u00b0013\/FGE\/LINS\/2022)<\/a><\/p>\n\n\n\n<p>Consultation (N\u00b0014\/FGE\/LINS\/2022) relative \u00e0 l\u2019acquisition des Fournitures au profit du projet \u00e0 Impact Socio-Economique intitul\u00e9 \u00ab d\u00e9veloppement et r\u00e9alisation des convertisseurs destin\u00e9s au syst\u00e8mes de production multi sources \u00bb du laboratoire LINS conform\u00e9ment \u00e0 l\u2019\u00e9tat Descriptif et quantitatif joint en annexe.<\/p>\n\n\n\n<p><a href=\"https:\/\/fge.usthb.dz\/wp-content\/uploads\/2023\/02\/consultation-N\u00b014.pdf\">Consultation restreinte (N\u00b0014\/FGE\/LINS\/2022)<\/a><\/p>\n\n\n\n<p><\/p>\n\n\n\n<p><\/p>\n\n\n\n<p><\/p>\n\n\n\n<p><\/p>\n\n\n\n<p><\/p>\n\n\n\n<p><\/p>\n","protected":false},"excerpt":{"rendered":"<p>La facult\u00e9 de G\u00e9nie \u00c9lectrique \u2013 USTHB lance une consultation <span class=\"readmore\"><a href=\"https:\/\/fge.usthb.dz\/index.php\/consultation\/\">Suite<\/a><\/span><\/p>\n","protected":false},"author":2,"featured_media":4187,"parent":0,"menu_order":0,"comment_status":"closed","ping_status":"closed","template":"","meta":{"footnotes":""},"class_list":["post-2754","page","type-page","status-publish","has-post-thumbnail","hentry"],"_links":{"self":[{"href":"https:\/\/fge.usthb.dz\/index.php\/wp-json\/wp\/v2\/pages\/2754","targetHints":{"allow":["GET"]}}],"collection":[{"href":"https:\/\/fge.usthb.dz\/index.php\/wp-json\/wp\/v2\/pages"}],"about":[{"href":"https:\/\/fge.usthb.dz\/index.php\/wp-json\/wp\/v2\/types\/page"}],"author":[{"embeddable":true,"href":"https:\/\/fge.usthb.dz\/index.php\/wp-json\/wp\/v2\/users\/2"}],"replies":[{"embeddable":true,"href":"https:\/\/fge.usthb.dz\/index.php\/wp-json\/wp\/v2\/comments?post=2754"}],"version-history":[{"count":57,"href":"https:\/\/fge.usthb.dz\/index.php\/wp-json\/wp\/v2\/pages\/2754\/revisions"}],"predecessor-version":[{"id":5602,"href":"https:\/\/fge.usthb.dz\/index.php\/wp-json\/wp\/v2\/pages\/2754\/revisions\/5602"}],"wp:featuredmedia":[{"embeddable":true,"href":"https:\/\/fge.usthb.dz\/index.php\/wp-json\/wp\/v2\/media\/4187"}],"wp:attachment":[{"href":"https:\/\/fge.usthb.dz\/index.php\/wp-json\/wp\/v2\/media?parent=2754"}],"curies":[{"name":"wp","href":"https:\/\/api.w.org\/{rel}","templated":true}]}}