{"id":2083,"date":"2022-04-20T07:46:20","date_gmt":"2022-04-20T07:46:20","guid":{"rendered":"https:\/\/fge.usthb.dz\/?page_id=2083"},"modified":"2022-04-20T08:25:45","modified_gmt":"2022-04-20T08:25:45","slug":"recevabilite-du-dossier-de-soutenance-de-these-de-doctort-et-designation-des-experts","status":"publish","type":"page","link":"https:\/\/fge.usthb.dz\/index.php\/recevabilite-du-dossier-de-soutenance-de-these-de-doctort-et-designation-des-experts\/","title":{"rendered":"Recevabilit\u00e9 du Dossier de Soutenance de th\u00e8se de Doctort et d\u00e9signation des experts"},"content":{"rendered":"\n<h3 class=\"wp-block-heading\"><strong>Crit\u00e8res de recevabilit\u00e9 de la revue<\/strong><\/h3>\n\n\n\n<ol class=\"wp-block-list\"><li>La Revue doit \u00eatre&nbsp;<strong>de sp\u00e9cialit\u00e9<\/strong>&nbsp;: Compatibilit\u00e9 entre le contenu de la publication et la ligne \u00e9ditoriale de la revue (ce qui exclut d\u2019embl\u00e9e la revue g\u00e9n\u00e9raliste ou de vulgarisation)&nbsp;;<\/li><li>Le Comit\u00e9 de lecture ou de R\u00e9daction doit \u00eatre constitu\u00e9 de sp\u00e9cialistes internationaux reconnus dans la discipline&nbsp;;<\/li><li>La revue doit \u00eatre r\u00e9pertori\u00e9e dans&nbsp;<strong>Web of Science<\/strong>&nbsp;ou&nbsp;<strong>Scopus<\/strong>&nbsp;avec un facteur d\u2019impact (Impact factor ou SRJ)&nbsp;<strong>strictement positif<\/strong>.<\/li><li>La revue doit avoir une&nbsp;<strong>anciennet\u00e9 d\u2019au moins 5 ans<\/strong>&nbsp;en tenant compte de son historique (ex. changement de titre de la revue) et de p\u00e9riodicit\u00e9 r\u00e9guli\u00e8re.<\/li><li>L\u2019<strong>existence d\u2019un processus de reviewing<\/strong>&nbsp;avec un examen scientifique des travaux. Le processus de review n\u2019est pas exig\u00e9 pour les revues de<strong>&nbsp;classe A<\/strong>.<\/li><li>La revue ne doit pas \u00eatre payante, cependant, les revues exigeant des frais pour des services suppl\u00e9mentaires optionnels (couleurs, pages suppl\u00e9mentaires) sont accept\u00e9es. Il en est de m\u00eame pour les revues proposant l\u2019Open Access en option.. Les revues qui n\u2019offrent que l\u2019option open access ne sont pas accept\u00e9es. Les revues qui offrent l\u2019open access en option sont accept\u00e9es.<\/li><li>Le doctorant doit \u00eatre auteur principal (premier cit\u00e9) et le directeur de th\u00e8se doit \u00eatre parmi les co-auteurs de la publication. Pour les revues adoptant l\u2019ordre alphab\u00e9tique des auteurs, le CSF se prononce sur ces cas.<\/li><li>La publication doit \u00eatre en relation avec le travail de th\u00e8se et r\u00e9cente (moins de cinq (05) ans pour le doctorat 98). Au-del\u00e0&nbsp;de ce d\u00e9lai, le CSF examinera les justificatifs du Directeur de Th\u00e8se ou de l\u2019imp\u00e9trant. La soutenance doit avoir lieu au maximum 06 mois apr\u00e8s l\u2019avis favorable du CSF sinon un autre dossier doit \u00eatre reconstitu\u00e9 et r\u00e9introduit pour examen par le CSF.<\/li><li>La publication n\u2019est utilis\u00e9e qu\u2019une seule fois.<\/li><\/ol>\n\n\n\n<h3 class=\"wp-block-heading\"><strong>Crit\u00e8res de recevabilit\u00e9 du dossier de soutenance du Doctorat<\/strong><\/h3>\n\n\n\n<ol class=\"wp-block-list\"><li>Manuscrit de th\u00e8se finalis\u00e9<\/li><li>Ad\u00e9quation de la publication avec le contenu de la th\u00e8se<\/li><li>Parcours scientifique \u00e9tay\u00e9 par des participations \u00e0 des manifestations scientifiques<\/li><\/ol>\n\n\n\n<h4 class=\"wp-block-heading\"><strong>Pour la publication&nbsp;<\/strong>&nbsp;:<\/h4>\n\n\n\n<p>(**). Le candidat doit \u00eatre premier ou bien le deuxi\u00e8me auteur dans le cas o\u00f9 le premier est le directeur de th\u00e8se (pour les publications soumises avant 17 Mars 2014)<br>Pour les publications&nbsp;soumises apr\u00e8s le 17 Mars 2014, le doctorant doit \u00eatre auteur principal (premier cit\u00e9) et le directeur de th\u00e8se doit \u00eatre parmi les co-auteurs de la publication. Pour les revues adoptant l\u2019ordre alphab\u00e9tique des auteurs, le CSF se prononce sur ces cas.<\/p>\n\n\n\n<h5 class=\"wp-block-heading\">Premi\u00e8re variante :<\/h5>\n\n\n\n<ol class=\"wp-block-list\"><li>Une publication selon (**)<\/li><li>Une publication internationale<\/li><li>Une communication internationale<\/li><\/ol>\n\n\n\n<h5 class=\"wp-block-heading\">Deuxi\u00e8me variante :<\/h5>\n\n\n\n<ol class=\"wp-block-list\"><li>Une publication selon (**)<\/li><li>Deux communications internationales<\/li><\/ol>\n\n\n\n<h5 class=\"wp-block-heading\">Troisi\u00e8me variante :<\/h5>\n\n\n\n<ol class=\"wp-block-list\"><li>Une publication selon (**)<\/li><li>Une communication internationale<\/li><li>Deux communications nationales<\/li><\/ol>\n\n\n\n<h5 class=\"wp-block-heading\">D\u00e9signation des experts<\/h5>\n\n\n\n<p>Le processus d\u2019expertise est maintenu uniquement pour les dossiers n\u2019cessitant une \u00e9tude approfondie, des experts sont alors d\u00e9sign\u00e9s<br>Le CSF, sur proposition du CSD d\u00e9signe deux ou trois experts pour \u00e9tudier la recevabilit\u00e9 du dossier de soutenance.&nbsp;<a href=\"https:\/\/finfo.usthb.dz\/wp-content\/uploads\/2022\/03\/model_expertise.doc\">(T\u00e9l\u00e9charger le rapport \u00e0 remplir par l\u2019expert)<\/a> <\/p>\n\n\n\n<h2 class=\"wp-block-heading\"><\/h2>\n","protected":false},"excerpt":{"rendered":"<p>Crit\u00e8res de recevabilit\u00e9 de la revue La Revue doit \u00eatre&nbsp;de <span class=\"readmore\"><a href=\"https:\/\/fge.usthb.dz\/index.php\/recevabilite-du-dossier-de-soutenance-de-these-de-doctort-et-designation-des-experts\/\">Suite<\/a><\/span><\/p>\n","protected":false},"author":2,"featured_media":0,"parent":0,"menu_order":0,"comment_status":"closed","ping_status":"closed","template":"","meta":{"footnotes":""},"class_list":["post-2083","page","type-page","status-publish","hentry"],"_links":{"self":[{"href":"https:\/\/fge.usthb.dz\/index.php\/wp-json\/wp\/v2\/pages\/2083","targetHints":{"allow":["GET"]}}],"collection":[{"href":"https:\/\/fge.usthb.dz\/index.php\/wp-json\/wp\/v2\/pages"}],"about":[{"href":"https:\/\/fge.usthb.dz\/index.php\/wp-json\/wp\/v2\/types\/page"}],"author":[{"embeddable":true,"href":"https:\/\/fge.usthb.dz\/index.php\/wp-json\/wp\/v2\/users\/2"}],"replies":[{"embeddable":true,"href":"https:\/\/fge.usthb.dz\/index.php\/wp-json\/wp\/v2\/comments?post=2083"}],"version-history":[{"count":2,"href":"https:\/\/fge.usthb.dz\/index.php\/wp-json\/wp\/v2\/pages\/2083\/revisions"}],"predecessor-version":[{"id":2086,"href":"https:\/\/fge.usthb.dz\/index.php\/wp-json\/wp\/v2\/pages\/2083\/revisions\/2086"}],"wp:attachment":[{"href":"https:\/\/fge.usthb.dz\/index.php\/wp-json\/wp\/v2\/media?parent=2083"}],"curies":[{"name":"wp","href":"https:\/\/api.w.org\/{rel}","templated":true}]}}