{"id":2024,"date":"2022-04-13T08:11:04","date_gmt":"2022-04-13T08:11:04","guid":{"rendered":"https:\/\/fge.usthb.dz\/?page_id=2024"},"modified":"2022-04-21T09:22:48","modified_gmt":"2022-04-21T09:22:48","slug":"mutation-intra-ou-inter-universite","status":"publish","type":"page","link":"https:\/\/fge.usthb.dz\/index.php\/mutation-intra-ou-inter-universite\/","title":{"rendered":"Mutation intra ou inter-universit\u00e9"},"content":{"rendered":"\n<p>La demande de mutation intra ou inter-universit\u00e9 est accord\u00e9e aux candidats enseignants-chercheurs en position d\u2019activit\u00e9 au sein d\u2019un m\u00eame \u00e9tablissement (d\u2019une facult\u00e9 vers une autre facult\u00e9) ou d\u2019un \u00e9tablissement vers un autre \u00e9tablissement. La demande est examin\u00e9e durant la session ordinaire du CSF<a href=\"https:\/\/fge.usthb.dz\/index.php\/calendrier-des-sessions\/\">\u00a0(Voir calendrier des sessions).<\/a><\/p>\n\n\n\n<h3 class=\"wp-block-heading\">Constitution du dossier<\/h3>\n\n\n\n<ul class=\"wp-block-list\"><li>Une demande adress\u00e9e au pr\u00e9sident du conseil scientifique au cours de la session ordinaire du CSF <a href=\"https:\/\/fge.usthb.dz\/index.php\/calendrier-des-sessions\/\">(Voir calendrier des sessions)<\/a><\/li><li>Copies des documents justifiant la mutation accompagn\u00e9es d\u2019un curriculum vitae d\u00e9taill\u00e9.<\/li><li>La demande de mutation doit suivre la voie hi\u00e9rarchique.<\/li><\/ul>\n","protected":false},"excerpt":{"rendered":"<p>La demande de mutation intra ou inter-universit\u00e9 est accord\u00e9e aux <span class=\"readmore\"><a href=\"https:\/\/fge.usthb.dz\/index.php\/mutation-intra-ou-inter-universite\/\">Suite<\/a><\/span><\/p>\n","protected":false},"author":2,"featured_media":0,"parent":0,"menu_order":0,"comment_status":"closed","ping_status":"closed","template":"","meta":{"footnotes":""},"class_list":["post-2024","page","type-page","status-publish","hentry"],"_links":{"self":[{"href":"https:\/\/fge.usthb.dz\/index.php\/wp-json\/wp\/v2\/pages\/2024","targetHints":{"allow":["GET"]}}],"collection":[{"href":"https:\/\/fge.usthb.dz\/index.php\/wp-json\/wp\/v2\/pages"}],"about":[{"href":"https:\/\/fge.usthb.dz\/index.php\/wp-json\/wp\/v2\/types\/page"}],"author":[{"embeddable":true,"href":"https:\/\/fge.usthb.dz\/index.php\/wp-json\/wp\/v2\/users\/2"}],"replies":[{"embeddable":true,"href":"https:\/\/fge.usthb.dz\/index.php\/wp-json\/wp\/v2\/comments?post=2024"}],"version-history":[{"count":2,"href":"https:\/\/fge.usthb.dz\/index.php\/wp-json\/wp\/v2\/pages\/2024\/revisions"}],"predecessor-version":[{"id":2112,"href":"https:\/\/fge.usthb.dz\/index.php\/wp-json\/wp\/v2\/pages\/2024\/revisions\/2112"}],"wp:attachment":[{"href":"https:\/\/fge.usthb.dz\/index.php\/wp-json\/wp\/v2\/media?parent=2024"}],"curies":[{"name":"wp","href":"https:\/\/api.w.org\/{rel}","templated":true}]}}