{"id":2011,"date":"2022-04-12T11:26:41","date_gmt":"2022-04-12T11:26:41","guid":{"rendered":"https:\/\/fge.usthb.dz\/?page_id=2011"},"modified":"2023-06-04T10:14:18","modified_gmt":"2023-06-04T10:14:18","slug":"promotion-academique-2","status":"publish","type":"page","link":"https:\/\/fge.usthb.dz\/index.php\/promotion-academique-2\/","title":{"rendered":"Promotion acad\u00e9mique"},"content":{"rendered":"\n<h3 class=\"wp-block-heading\"><strong>Ma\u00eetre Assistant Classe B<\/strong><\/h3>\n\n\n\n<p>Sont recrut\u00e9s en qualit\u00e9 de ma\u00eetres-assistants classe B, par d\u00e9cision du responsable de l\u2019\u00e9tablissement&nbsp;:<\/p>\n\n\n\n<ul class=\"wp-block-list\">\n<li>Sur titres, les titulaires du doctorat d\u2019Etat ou du dipl\u00f4me de docteur en sciences ou d\u2019un dipl\u00f4me reconnu \u00e9quivalent&nbsp;;<\/li>\n\n\n\n<li>Par voie de concours sur titres, les titulaires du dipl\u00f4me de magister ou d\u2019un dipl\u00f4me reconnu \u00e9quivalent.<\/li>\n<\/ul>\n\n\n\n<p>Par ailleurs, les assistants sont promus en qualit\u00e9 de ma\u00eetres-assistants classe B ayant obtenu, apr\u00e8s leur recrutement sur titres, le dipl\u00f4me de magister ou un dipl\u00f4me reconnu \u00e9quivalent.<\/p>\n\n\n\n<hr class=\"wp-block-separator has-css-opacity\"\/>\n\n\n\n<h3 class=\"wp-block-heading\"><strong>Ma\u00eetre Assistant Classe A<\/strong><\/h3>\n\n\n\n<h4 class=\"wp-block-heading\"><strong>Crit\u00e8res de recevabilit\u00e9<\/strong><\/h4>\n\n\n\n<p>La promotion au grade de ma\u00eetre-assistant classe A est accord\u00e9e aux candidats ma\u00eetres-assistants classe B<\/p>\n\n\n\n<ul class=\"wp-block-list\">\n<li>Titulaires d\u2019un Magister ou d\u2019un dipl\u00f4me reconnu \u00e9quivalent<\/li>\n\n\n\n<li>Justifiant de&nbsp;<strong>trois (3)<\/strong>&nbsp;inscriptions cons\u00e9cutives en doctorat (incluant l\u2019ann\u00e9e en cours)<\/li>\n<\/ul>\n\n\n\n<h4 class=\"wp-block-heading\"><strong>Dossier de candidature<\/strong><\/h4>\n\n\n\n<ul class=\"wp-block-list\">\n<li>Demande de promotion adress\u00e9e au Pr\u00e9sident du Conseil Scientifique de Facult\u00e9<\/li>\n\n\n\n<li>CV du postulant faisant ressortir l\u2019activit\u00e9 scientifique accompagn\u00e9 des justificatifs des travaux r\u00e9alis\u00e9s depuis sa derni\u00e8re promotion.<\/li>\n\n\n\n<li>Copie du dipl\u00f4me de Magister.<\/li>\n\n\n\n<li>Copie de l\u2019arr\u00eat\u00e9 de nomination au grade de Ma\u00eetre Assistant de classe B<\/li>\n\n\n\n<li>Copies des certificats de scolarit\u00e9 des&nbsp;<strong>trois (3)<\/strong>&nbsp;derni\u00e8res inscriptions en Doctorat.<\/li>\n\n\n\n<li>Rapport p\u00e9dagogique avec l\u2019avis motiv\u00e9 du chef de d\u00e9partement ou du vice-doyen charg\u00e9 de la scolarit\u00e9.<\/li>\n<\/ul>\n\n\n\n<hr class=\"wp-block-separator has-css-opacity\"\/>\n\n\n\n<h3 class=\"wp-block-heading\"><strong>Ma\u00eetre de conf\u00e9rences classe B<\/strong><\/h3>\n\n\n\n<p>La promotion au grade de Ma\u00eetre de conf\u00e9rences classe B est accord\u00e9e aux candidats&nbsp;:<\/p>\n\n\n\n<ul class=\"wp-block-list\">\n<li>Ma\u00eetres-assistants classe B titulaires, justifiant du dipl\u00f4me de doctorat en sciences ou d\u2019un dipl\u00f4me reconnu \u00e9quivalent,<\/li>\n\n\n\n<li>Ma\u00eetres-assistants classe A ayant obtenu le dipl\u00f4me de doctorat en sciences ou un dipl\u00f4me reconnu \u00e9quivalent.<\/li>\n<\/ul>\n\n\n\n<hr class=\"wp-block-separator has-css-opacity\"\/>\n\n\n\n<h3 class=\"wp-block-heading\"><strong>Ma\u00eetre de conf\u00e9rences classe A<\/strong><\/h3>\n\n\n\n<p>La promotion au grade de Ma\u00eetre de conf\u00e9rences classe A est accord\u00e9e aux candidats titulaires&nbsp;:<\/p>\n\n\n\n<ul class=\"wp-block-list\">\n<li>D\u2019un Doctorat d\u2019\u00e9tat en position d\u2019activit\u00e9 d\u2019enseignant-chercheur au sein d\u2019un \u00e9tablissement universitaire national plus de&nbsp;<strong>trois<\/strong>&nbsp;ann\u00e9es.<\/li>\n\n\n\n<li>D\u2019un Doctorat et d\u2019une habilitation universitaire en position d\u2019activit\u00e9 d\u2019enseignant-chercheur au sein d\u2019un \u00e9tablissement universitaire national plus de trois ann\u00e9es.<\/li>\n<\/ul>\n\n\n\n<hr class=\"wp-block-separator has-css-opacity\"\/>\n\n\n\n<h3 class=\"wp-block-heading\"><strong>Professeur<\/strong><\/h3>\n\n\n\n<h4 class=\"wp-block-heading\"><strong>Conditions de recevabilit\u00e9<\/strong><\/h4>\n\n\n\n<p>Les crit\u00e8res de recevabilit\u00e9 scientifique fix\u00e9es par la Commission Universitaire Nationale (CUN) pour postuler au grade de Professeur sont les suivants&nbsp;:<\/p>\n\n\n\n<ol class=\"wp-block-list\">\n<li>Tout dossier de promotion ne peut \u00eatre \u00e9tudi\u00e9 que si l\u2019int\u00e9ress\u00e9 se trouve en exercice dans son universit\u00e9 ou dans son \u00e9tablissement au moment de l\u2019examen de la candidature.<\/li>\n\n\n\n<li>Les conditions minimales de&nbsp;<strong>recevabilit\u00e9<\/strong>&nbsp;des dossiers pour le passage au grade de professeur sont&nbsp;:<\/li>\n<\/ol>\n\n\n\n<ul class=\"wp-block-list\">\n<li><strong>Cinq (05)<\/strong>&nbsp;ann\u00e9es d\u2019exercice dans le corps des ma\u00eetres de conf\u00e9rence classe A&nbsp;;<\/li>\n\n\n\n<li>Enseignement dans l\u2019enseignement sup\u00e9rieur&nbsp;;<\/li>\n\n\n\n<li>Deux (02) encadrements de magister ou de master soutenus&nbsp;;<\/li>\n<\/ul>\n\n\n\n<ol class=\"wp-block-list\" start=\"3\">\n<li>Pour les travaux scientifiques, quatre variantes sont propos\u00e9es&nbsp;:<\/li>\n<\/ol>\n\n\n\n<ul class=\"wp-block-list\">\n<li><strong>Premi\u00e8re variante&nbsp;<\/strong>&nbsp;:<br>Deux (02) publications&nbsp;<strong>internationales<\/strong>&nbsp;dans une revue de renomm\u00e9e \u00e9tablie o\u00f9 le candidat doit figurer comme auteur principal ou en 2eme ou 3eme position.<\/li>\n\n\n\n<li><strong>Deuxi\u00e8me variante<\/strong>\u00a0:\n<ul class=\"wp-block-list\">\n<li>Une (01) publication dans une revue scientifique de renomm\u00e9e internationale o\u00f9 le candidat doit figurer comme auteur principal ou en 2eme ou 3eme position.<\/li>\n\n\n\n<li>Deux (02) publications dans une revue scientifique de renomm\u00e9e nationale o\u00f9 le candidat doit figurer comme auteur principal ou en 2eme ou 3eme position.<\/li>\n<\/ul>\n<\/li>\n\n\n\n<li><strong>Troisi\u00e8me variante&nbsp;<\/strong>\u00a0:\n<ul class=\"wp-block-list\">\n<li>Une (01) publication dans une revue scientifique de renomm\u00e9e internationale o\u00f9 le candidat doit figurer comme auteur principal ou en 2eme ou 3eme position.<\/li>\n\n\n\n<li>Deux (02) actes ou proceedings \u00e9dit\u00e9s.<\/li>\n<\/ul>\n<\/li>\n\n\n\n<li><strong>Quatri\u00e8me variante<\/strong>\u00a0:\n<ul class=\"wp-block-list\">\n<li>Une (01) publication dans une revue scientifique de renomm\u00e9e internationale o\u00f9 le candidat doit figurer comme auteur principal ou en 2eme ou 3eme position.<\/li>\n\n\n\n<li>Une (01) publication dans une revue scientifique de renomm\u00e9e nationale o\u00f9 le candidat doit figurer comme auteur principal ou en 2eme ou 3eme position.<\/li>\n\n\n\n<li>Un (01) acte ou proceeding \u00e9dit\u00e9.<\/li>\n<\/ul>\n<\/li>\n<\/ul>\n\n\n\n<h4 class=\"wp-block-heading\"><strong>Dossier de candidature<\/strong><br><br><a href=\"https:\/\/fge.usthb.dz\/wp-content\/uploads\/2022\/04\/cun_32_-2014-2.pdf\">(T\u00e9l\u00e9charger fiche de candidature)<\/a><\/h4>\n\n\n\n<ul class=\"wp-block-list\">\n<li>Demande de promotion adress\u00e9e au Pr\u00e9sident de la Commission Universitaire Nationale.<\/li>\n<\/ul>\n\n\n\n<ul class=\"wp-block-list\">\n<li><strong>Dossier administratif (un seul exemplaire)<\/strong>\n<ul class=\"wp-block-list\">\n<li>Demande manuscrite adress\u00e9e au Pr\u00e9sident de la Commission universitaire nationale.<\/li>\n\n\n\n<li>Attestation de travail r\u00e9cente.<\/li>\n\n\n\n<li>Copie du dipl\u00f4me de doctorat d\u2019Etat ou du titre d\u2019habilitation universitaire.<\/li>\n\n\n\n<li>Copie de l\u2019attestation d\u2019\u00e9quivalence (dans le cas d\u2019un dipl\u00f4me \u00e9tranger).<\/li>\n\n\n\n<li>Copie de l\u2019arr\u00eat\u00e9 de ma\u00eetre de conf\u00e9rences classe A.<\/li>\n\n\n\n<li>Curriculum vitae d\u00e9taill\u00e9.<\/li>\n\n\n\n<li>Copies des d\u00e9crets et\/ou des arr\u00eat\u00e9s de nomination \u00e0&nbsp;des fonctions ou postes sup\u00e9rieurs (organiques ou fonctionnels).<\/li>\n\n\n\n<li>Copie de la th\u00e8se de Doctorat.<\/li>\n<\/ul>\n<\/li>\n\n\n\n<li><strong>Dossier des Activit\u00e9s Scientifiques et P\u00e9dagogiques (01 seul exemplaire)<\/strong>\n<ul class=\"wp-block-list\">\n<li>Compte rendu des activit\u00e9s p\u00e9dagogiques et scientifiques depuis la date d\u2019acc\u00e8s au grade de ma\u00eetre de conf\u00e9rences classe A&nbsp;<strong>(vis\u00e9 par le chef de d\u00e9partement)<\/strong>.<\/li>\n\n\n\n<li>Copies des pages de garde des m\u00e9moires de magister et\/ou th\u00e8ses de doctorats ou doctorats d\u2019Etat dirig\u00e9s et soutenus accompagn\u00e9es de copies des autorisations et des proc\u00e8s-verbaux de soutenance.<\/li>\n\n\n\n<li>Copies des pages de garde des m\u00e9moires de fin d\u2019\u00e9tudes de masters encadr\u00e9s et soutenus.<\/li>\n\n\n\n<li>Exemplaires des ouvrages p\u00e9dagogiques \u00e9dit\u00e9s.<\/li>\n\n\n\n<li>Exemplaires des manuels p\u00e9dagogiques \u00e9dit\u00e9s.<\/li>\n\n\n\n<li>Exemplaires des polycopi\u00e9s \u00e9dit\u00e9s.<\/li>\n\n\n\n<li>Publications internationales (revues, p\u00e9riodiques, ouvrages, actes et proceedings \u00e9dit\u00e9s), exemplaires originaux -tir\u00e9 \u00e0&nbsp;part-<\/li>\n\n\n\n<li>Brevet d\u2019invention \u00e9ventuellement.<\/li>\n\n\n\n<li>Publications nationales (revues, p\u00e9riodiques, ouvrages, actes et proceedings \u00e9dit\u00e9s),<br>exemplaires originaux -tir\u00e9 \u00e0&nbsp;part-<\/li>\n\n\n\n<li>Communications internationales, exemplaires originaux -tir\u00e9 \u00e0&nbsp;part-<\/li>\n\n\n\n<li>Communications nationales, exemplaires originaux -tir\u00e9 \u00e0&nbsp;part-<\/li>\n\n\n\n<li>Activit\u00e9s d\u2019animation scientifique (organisation de colloques, expertise, membre de comit\u00e9 de lecture, chef ou membre d\u2019un projet de recherche)<\/li>\n<\/ul>\n<\/li>\n<\/ul>\n\n\n\n<ul class=\"wp-block-list\">\n<li>N.B.&nbsp;: Les publications \u2013 de parutions post\u00e9rieures \u00e0&nbsp;l\u2019obtention du grade de ma\u00eetre de conf\u00e9rences \u00ab&nbsp;A &nbsp;\u00bb doivent avoir pour supports des revues r\u00e9f\u00e9renc\u00e9es dans&nbsp;<strong>le Journal of Citation Reports (JCR) de THOMSON REUTERS<\/strong>.<\/li>\n\n\n\n<li>Le postulant doit \u00eatre au plus le troisi\u00e8me co-auteur des publications pr\u00e9sent\u00e9es.<\/li>\n\n\n\n<li>Un brevet d\u00e9livr\u00e9 par les organismes internationaux habilit\u00e9s (Us Patent, l\u2019Office Europ\u00e9en des Brevets, Offices Nationaux et R\u00e9gionaux fran\u00e7ais des brevets) est consid\u00e9r\u00e9 comme \u00e9quivalent \u00e0&nbsp;une publication internationale dans une revue index\u00e9e dans le JCR.<\/li>\n<\/ul>\n","protected":false},"excerpt":{"rendered":"<p>Ma\u00eetre Assistant Classe B Sont recrut\u00e9s en qualit\u00e9 de ma\u00eetres-assistants <span class=\"readmore\"><a href=\"https:\/\/fge.usthb.dz\/index.php\/promotion-academique-2\/\">Suite<\/a><\/span><\/p>\n","protected":false},"author":2,"featured_media":0,"parent":0,"menu_order":0,"comment_status":"closed","ping_status":"closed","template":"","meta":{"footnotes":""},"class_list":["post-2011","page","type-page","status-publish","hentry"],"_links":{"self":[{"href":"https:\/\/fge.usthb.dz\/index.php\/wp-json\/wp\/v2\/pages\/2011","targetHints":{"allow":["GET"]}}],"collection":[{"href":"https:\/\/fge.usthb.dz\/index.php\/wp-json\/wp\/v2\/pages"}],"about":[{"href":"https:\/\/fge.usthb.dz\/index.php\/wp-json\/wp\/v2\/types\/page"}],"author":[{"embeddable":true,"href":"https:\/\/fge.usthb.dz\/index.php\/wp-json\/wp\/v2\/users\/2"}],"replies":[{"embeddable":true,"href":"https:\/\/fge.usthb.dz\/index.php\/wp-json\/wp\/v2\/comments?post=2011"}],"version-history":[{"count":4,"href":"https:\/\/fge.usthb.dz\/index.php\/wp-json\/wp\/v2\/pages\/2011\/revisions"}],"predecessor-version":[{"id":6274,"href":"https:\/\/fge.usthb.dz\/index.php\/wp-json\/wp\/v2\/pages\/2011\/revisions\/6274"}],"wp:attachment":[{"href":"https:\/\/fge.usthb.dz\/index.php\/wp-json\/wp\/v2\/media?parent=2011"}],"curies":[{"name":"wp","href":"https:\/\/api.w.org\/{rel}","templated":true}]}}