{"id":2001,"date":"2022-04-12T10:51:11","date_gmt":"2022-04-12T10:51:11","guid":{"rendered":"https:\/\/fge.usthb.dz\/?page_id=2001"},"modified":"2022-04-21T08:57:08","modified_gmt":"2022-04-21T08:57:08","slug":"proposition-douverture-de-laboratoire-de-recherche","status":"publish","type":"page","link":"https:\/\/fge.usthb.dz\/index.php\/proposition-douverture-de-laboratoire-de-recherche\/","title":{"rendered":"Proposition d\u2019ouverture de laboratoire de recherche"},"content":{"rendered":"\n<p>Les r\u00e8gles de cr\u00e9ation, d\u2019organisation et de fonctionnement du laboratoire de recherche sont fix\u00e9es par le D\u00e9cret ex\u00e9cutif n\u00b099-244 du 21rajab 1420 correspondant au 31 octobre 1999.<br><a href=\"https:\/\/finfo.usthb.dz\/wp-content\/uploads\/2022\/03\/canevas_labo_fr_2014.doc\">(T\u00e9l\u00e9charger canevas cr\u00e9ation laboratoire de recherche)<\/a><\/p>\n\n\n\n<p>De plus informations, visitez le site de la&nbsp;<a href=\"http:\/\/www.nasr.dz\/\">DGRSDT<\/a><\/p>\n\n\n\n<h3 class=\"wp-block-heading\">Chapitre I<\/h3>\n\n\n\n<h4 class=\"wp-block-heading\">Dispositions g\u00e9n\u00e9rales<\/h4>\n\n\n\n<p><strong>Art.1<\/strong>&nbsp;En application des dispositions De l\u2019article 19 de la loi n\u00b0 98-11 du 29 Rabie Ethani 1419 correspondant au 22 ao\u00fbt 1998 susvis\u00e9e, le pr\u00e9sent d\u00e9cret a pour objet de fixer les r\u00e8gles de cr\u00e9ation, d\u2019organisation et de fonctionnement du laboratoire de recherche propre ou associ\u00e9 cr\u00e9\u00e9 au sein des \u00e9tablissements d\u2019enseignement et de formation sup\u00e9rieurs ainsi que d\u2019autres \u00e9tablissements publics.<\/p>\n\n\n\n<p><strong>Art.2<\/strong>&nbsp;Le laboratoire de recherche propre est cr\u00e9\u00e9 dans le cadre de la mise en \u0153uvre du programme de recherche de l\u2019\u00e9tablissement de rattachement.<br>Le laboratoire de recherche associ\u00e9 est cr\u00e9\u00e9 dans le cadre de la mise en \u0153uvre d\u2019un programme commun \u00e0&nbsp;deux (2) ou plusieurs \u00e9tablissements<br>Les modalit\u00e9s d\u2019association sont fix\u00e9es par voie de convention.<\/p>\n\n\n\n<p><strong>Art.3<\/strong>&nbsp;Le laboratoire de recherche, propre ou associ\u00c3\u00a9, est charg\u00c3\u00a9 de la mise en \u00c5\u201cuvre d\u00e2\u20ac\u2122un ou de plusieurs th\u00c3\u00a8mes de recherche scientifique et de d\u00c3\u00a9veloppement technologique.<\/p>\n\n\n\n<p><strong>Art.4<\/strong>&nbsp;En application des dispositions de l\u2019article 12 de la loi n\u00b098-11 du 29 Rabi Ethani 1419 correspondant au 22 ao\u00fbt 1998 susvis\u00e9e, le laboratoire de recherche a pour missions notamment de&nbsp;:<\/p>\n\n\n\n<ul class=\"wp-block-list\"><li>R\u00e9aliser des objectifs de recherche scientifique et de d\u00e9veloppement technologique dans un domaine scientifique pr\u00e9cis&nbsp;;<\/li><li>Ex\u00e9cuter des \u00e9tudes et travaux de recherche en rapport avec son objet&nbsp;;<\/li><li>Contribuer \u00e0 l\u2019\u00e9laboration des programmes de recherche dans le domaine de ses activit\u00e9s&nbsp;;<\/li><li>Contribuer \u00e0&nbsp;l\u2019acquisition, \u00e0&nbsp;la ma\u00eetrise et au d\u00e9veloppement de nouvelles connaissances scientifique et technologique&nbsp;;<\/li><li>Participer \u00e0&nbsp;l\u2019am\u00e9lioration et au d\u00e9veloppement, \u00e0 son \u00e9chelle, des techniques et proc\u00e8des de production ainsi que des produits et des biens et services&nbsp;;<\/li><li>Contribuer \u00e0&nbsp;la formation par et pour la recherche&nbsp;;<\/li><li>Promouvoir et diffuser les r\u00e9sultats de sa recherche&nbsp;;<\/li><li>Collecter, traiter et capitaliser l\u2019information scientifique et technologique en rapport avec son objet et en faciliter la consultation&nbsp;;<\/li><li>Contribuer \u00c3&nbsp;la mise en place de r\u00e9seaux de recherche appropri\u00e9s.<\/li><\/ul>\n\n\n\n<hr class=\"wp-block-separator\"\/>\n\n\n\n<h3 class=\"wp-block-heading\">Chapitre II<\/h3>\n\n\n\n<h4 class=\"wp-block-heading\">R\u00e8gle de cr\u00e9ation<\/h4>\n\n\n\n<p><strong>Art.5<\/strong>&nbsp;La cr\u00e9ation du laboratoire de recherche est d\u00e9cid\u00e9e sur la base des crit\u00e8res suivants&nbsp;:<\/p>\n\n\n\n<ul class=\"wp-block-list\"><li>Importance des activit\u00e9s de recherche par rapport aux besoins du d\u00e9veloppement socio-\u00e9conomique, culturel, scientifique et technologique du pays&nbsp;;<\/li><li>Ampleur et permanence du programme scientifique et \/ou technologique dans lequel sont ins\u00e9r\u00e9s ses activit\u00e9s de recherche&nbsp;;<\/li><li>Impact des r\u00e9sultats attendus sur le d\u00e9veloppement des connaissances scientifiques et technologique&nbsp;;<\/li><li>Qualit\u00e9 et effectif du potentiel scientifique et technique disponible et\/ou mobilisable&nbsp;;<\/li><li>Moyens mat\u00e9riels et financiers existants et\/ou \u00e0 acqu\u00e9rir.<\/li><\/ul>\n\n\n\n<p><strong>Art.6<\/strong>&nbsp;Outre les crit\u00e8res cit\u00e9s \u00e0&nbsp;l\u2019article 5 ci-dessus, le laboratoire de recherche doit \u00eatre constitu\u00e9 d\u2019au moins quatre (4) \u00e9quipes de recherche au sens de l\u2019article 11 ci-dessous<\/p>\n\n\n\n<p><strong>Art.7<\/strong>&nbsp;Dans les \u00e9tablissements d\u2019enseignement et de formation sup\u00e9rieurs, la cr\u00e9ation du laboratoire de recherche intervient par arr\u00eat\u00e9 de l\u2019autorit\u00e9 de tutelle, sur proposition de l\u2019\u00e9tablissement de rattachement, apr\u00e8s avis du comit\u00e9 sectoriel permanent concern\u00e9, conform\u00e9ment \u00e0&nbsp;l\u2019article 19 ,(alin\u00e9a 1er ) de la loi n\u00b098-11 du 29 Rabi Ethani 1419 correspondant au 22 ao\u00fbt 1998 susvis\u00e9e.<\/p>\n\n\n\n<p><strong>Art.8<\/strong>&nbsp;Dans les autres \u00e9tablissements publics, la cr\u00e9ation du laboratoire de recherche intervient par arr\u00eat\u00e9 conjoint de l\u2019autorit\u00e9 de tutelle et du ministre charg\u00e9 de la recherche, apr\u00e8s avis de la commission intersectorielle de promotion, de programmation et d\u2019\u00e9valuation de la recherche scientifique et technique concern\u00e9e, conform\u00e9ment \u00e0&nbsp;l\u2019article 19 (alin\u00e9a 2) de la loi n\u00b0 98-11 du 29 Rabi ethani 1419 correspondant au 22 ao\u00fbt 1998 susvis\u00e9e.<\/p>\n\n\n\n<p><strong>Art.9<\/strong>&nbsp;Lorsque le laboratoire de recherche ne r\u00e9unit plus les conditions ayant pr\u00e9sid\u00e9 \u00e0&nbsp;sa cr\u00e9ation, il est proc\u00e9d\u00e9 \u00e0&nbsp;sa dissolution dans les m\u00eame formes.<\/p>\n\n\n\n<hr class=\"wp-block-separator\"\/>\n\n\n\n<h3 class=\"wp-block-heading\">Chapitre III<\/h3>\n\n\n\n<h4 class=\"wp-block-heading\">Organisation et fonctionnement<\/h4>\n\n\n\n<p><strong>Art.10<\/strong>&nbsp;Le laboratoire de recherche est dirig\u00e9 par un directeur et est dot\u00e9 d\u2019un conseil de laboratoire compos\u00e9 des responsables d\u2019\u00e9quipes de recherche et des chefs des projets de recherche.<\/p>\n\n\n\n<p><strong>Art.11<\/strong>&nbsp;L\u2019\u00e9quipe de recherche, dirig\u00e9e par un chercheur qualifi\u00e9, comprendra au minimum trois (3) chercheurs. Elle a pour mission principale d\u2019ex\u00e9cuter un ou plusieurs projets de recherche entrant dans le cadre du programme du laboratoire.<\/p>\n\n\n\n<p>Chaque projet de recherche est conduit par un responsable de projet.<\/p>\n\n\n\n<p>Le chef d\u2019\u00e9quipe peut \u00e9galement \u00eatre chef de projet de recherche.<\/p>\n\n\n\n<p><strong>Art.12<\/strong>&nbsp;Le directeur du laboratoire de recherche est nomm\u00e9 pour une dur\u00e9e de trois (3) ann\u00e9e, renouvelable par l\u2019autorit\u00e9 de tutelle, sur proposition du responsable de l\u2019institution de rattachement, parmi deux (2) candidats ayant le grade le plus \u00e9lev\u00e9, \u00e9lus en son sein par les membres du conseil de laboratoire.<\/p>\n\n\n\n<p>Il est mis fin \u00e0&nbsp;ses fonctions dans les m\u00eames formes. Il est tenu de pr\u00e9senter un bilan des activit\u00e9s de recherche et de gestion au conseil de laboratoire dans un d\u00e9lai n\u2019exc\u00e9dant pas au mois \u00e0 compter de la date de sa fin de fonctions.<\/p>\n\n\n\n<p><strong>Art.13<\/strong>&nbsp;Le directeur du laboratoire de recherche assure la direction scientifique et de la gestion financi\u00e8re du laboratoire.<\/p>\n\n\n\n<p>Il est ordonnateur des cr\u00e9dits allou\u00e9s au laboratoire.<\/p>\n\n\n\n<p>Il est responsable du bon fonctionnement du laboratoire de recherche et exerce l\u2019autorit\u00e9 hi\u00e9rarchique sur l\u2019ensemble des personnels de recherche et de soutien affect\u00e9s au laboratoire.<\/p>\n\n\n\n<p><strong>Art.14<\/strong>&nbsp;Les personnels de recherche et de soutien affect\u00e9s au laboratoire de recherche sont g\u00e9r\u00e9s par l\u2019institution de rattachement.<\/p>\n\n\n\n<p><strong>Art.15<\/strong>&nbsp;Le directeur du laboratoire de recherche peut, par d\u00e9l\u00e9gation du chef de l\u2019\u00e9tablissement de rattachement, initier et engager des contrats et des conventions pour la r\u00e9alisation des travaux de recherche, les \u00e9tudes ou les prestations de services avec des organismes nationaux et\/ou internationaux en rapport avec les missions du laboratoire et conform\u00e9ment \u00e0&nbsp;la r\u00e9glementation en vigueur.<\/p>\n\n\n\n<p><strong>Art.16<\/strong>&nbsp;Le directeur du laboratoire de recherche soumet ses programmes et ses bilans \u00e0&nbsp;l\u2019examen des organes d\u2019\u00e9valuation de l\u2019institution de rattachement.<\/p>\n\n\n\n<p><strong>Art.17<\/strong>&nbsp;Pr\u00e9sid\u00e9 par le directeur du laboratoire, le conseil de laboratoire est charg\u00e9 notamment&nbsp;:<\/p>\n\n\n\n<ul class=\"wp-block-list\"><li>De contribuer \u00e0&nbsp;l\u2019\u00e9laboration des programmes&nbsp;;<\/li><li>D\u2019\u00e9valuer, p\u00e9riodiquement, les activit\u00e9s de recherche&nbsp;;<\/li><li>D\u2019examiner et d\u2019approuver le bilan des activit\u00e9s de recherche et de gestion&nbsp;;<\/li><li>De veiller \u00e0 l\u2019utilisation rationnelle des moyens humains, mat\u00e9riels et financiers&nbsp;;<\/li><li>D\u2019\u00e9laborer et d\u2019adopter son r\u00e8glement int\u00e9rieur.<\/li><\/ul>\n\n\n\n<p><strong>Art.18<\/strong>&nbsp;Le directeur du laboratoire de recherche peut faire appel, apr\u00e8s avis du conseil du laboratoire et dans le cadre des missions du laboratoire \u00e0&nbsp;des chercheurs \u00e0&nbsp;temps partiel.<\/p>\n\n\n\n<hr class=\"wp-block-separator\"\/>\n\n\n\n<h3 class=\"wp-block-heading\">Chapitre IV<\/h3>\n\n\n\n<h4 class=\"wp-block-heading\">Dispositions financi\u00e8res<\/h4>\n\n\n\n<p><strong>Art.19<\/strong>&nbsp;Le laboratoire de recherche est dot\u00e9 de l\u2019autonomie de gestion et est soumis au contr\u00f4le financier \u00e0&nbsp;posteriori.<\/p>\n\n\n\n<p><strong>Art.20<\/strong>&nbsp;Il est ouvert dans le budget des \u00e9tablissements d\u2019enseignement et de formation sup\u00e9rieurs de rattachement, une subvention pour chaque laboratoire de recherche.<\/p>\n\n\n\n<p>Il est ouvert dans l\u2019\u00e9tat pr\u00e9visionnel des \u00e9tablissements publics concern\u00e9s, une ligne subvention pour chaque laboratoire de recherche.<\/p>\n\n\n\n<p><strong>Art.21<\/strong>&nbsp;Les ressources du laboratoire de recherche reviennent&nbsp;:<\/p>\n\n\n\n<ul class=\"wp-block-list\"><li>Des contributions du fonds national de la recherche scientifique et du d\u00e9veloppement \u00e9cologique&nbsp;;<\/li><li>Des cr\u00e9dits de fonctionnement d\u00e9l\u00e9gu\u00e9s par lev responsable de l\u2019\u00e9tablissement de rattachement&nbsp;;<\/li><li>Des activit\u00e9s de prestation de services et des contrats<\/li><li>Des brevets et publications&nbsp;;<\/li><li>Des contributions d\u2019organismes nationaux et\/ou internationaux&nbsp;;<\/li><li>Des dons et legs.<\/li><\/ul>\n\n\n\n<p><strong>Art.22<\/strong>&nbsp;Les d\u00e9penses du laboratoire de recherche se r\u00e9partissent en d\u00e9penses d\u2019\u00e9quipements et en d\u00e9penses de fonctionnement conform\u00e9ment \u00e0 la r\u00e9glementation en rigueur.<\/p>\n\n\n\n<p><strong>Art.23<\/strong>&nbsp;L\u2019\u00e9tat pr\u00e9visionnel des recettes et d\u00e9penses du laboratoire de recherche est \u00e9tabli par le directeur du laboratoire qui le soumet pour adoption au conseil de laboratoire .il est transmis par la suite pour approbation \u00e0&nbsp;l\u2019\u00e9tablissement de rattachement.<\/p>\n\n\n\n<p><strong>Art.24<\/strong>&nbsp;Les \u00e9critures comptables de l\u2019\u00e9tablissement de rattachement retracent d\u2019une mani\u00e8re distincte les op\u00e9rations de d\u00e9penses et de recettes aff\u00e9rentes \u00e0&nbsp;l\u2019activit\u00e9 du laboratoire de recherche.<\/p>\n\n\n\n<p><strong>Art.25<\/strong>&nbsp;Les ressources g\u00e9n\u00e9r\u00e9es par les activit\u00e9s contractuelles et de prestation de service du laboratoire de recherche ne peuvent, en aucun cas, faire l\u2019objet d\u2019une destination autre que les besoins du laboratoire.<\/p>\n\n\n\n<p><strong>Art.26<\/strong>&nbsp;Les moyens mat\u00e9riels du laboratoire de recherche font partie du patrimoine de la structure au sein de laquelle il est cr\u00e9\u00e9.<\/p>\n\n\n\n<p><strong>Art.27<\/strong>&nbsp;Le pr\u00e9sent d\u00e9cret sera publi\u00e9 au journal officiel de la r\u00e9publique alg\u00e9rienne d\u00e9mocratique et populaire.<\/p>\n\n\n\n<p>Fait \u00e0\u00a0Alger, le 21 Rajab 1420 correspondant au 31 octobre 1999. <\/p>\n","protected":false},"excerpt":{"rendered":"<p>Les r\u00e8gles de cr\u00e9ation, d\u2019organisation et de fonctionnement du laboratoire <span class=\"readmore\"><a href=\"https:\/\/fge.usthb.dz\/index.php\/proposition-douverture-de-laboratoire-de-recherche\/\">Suite<\/a><\/span><\/p>\n","protected":false},"author":2,"featured_media":0,"parent":0,"menu_order":0,"comment_status":"closed","ping_status":"closed","template":"","meta":{"footnotes":""},"class_list":["post-2001","page","type-page","status-publish","hentry"],"_links":{"self":[{"href":"https:\/\/fge.usthb.dz\/index.php\/wp-json\/wp\/v2\/pages\/2001","targetHints":{"allow":["GET"]}}],"collection":[{"href":"https:\/\/fge.usthb.dz\/index.php\/wp-json\/wp\/v2\/pages"}],"about":[{"href":"https:\/\/fge.usthb.dz\/index.php\/wp-json\/wp\/v2\/types\/page"}],"author":[{"embeddable":true,"href":"https:\/\/fge.usthb.dz\/index.php\/wp-json\/wp\/v2\/users\/2"}],"replies":[{"embeddable":true,"href":"https:\/\/fge.usthb.dz\/index.php\/wp-json\/wp\/v2\/comments?post=2001"}],"version-history":[{"count":2,"href":"https:\/\/fge.usthb.dz\/index.php\/wp-json\/wp\/v2\/pages\/2001\/revisions"}],"predecessor-version":[{"id":2097,"href":"https:\/\/fge.usthb.dz\/index.php\/wp-json\/wp\/v2\/pages\/2001\/revisions\/2097"}],"wp:attachment":[{"href":"https:\/\/fge.usthb.dz\/index.php\/wp-json\/wp\/v2\/media?parent=2001"}],"curies":[{"name":"wp","href":"https:\/\/api.w.org\/{rel}","templated":true}]}}