{"id":1963,"date":"2022-04-11T08:59:16","date_gmt":"2022-04-11T08:59:16","guid":{"rendered":"https:\/\/fge.usthb.dz\/?page_id=1963"},"modified":"2022-04-11T08:59:17","modified_gmt":"2022-04-11T08:59:17","slug":"gel-de-reinscription","status":"publish","type":"page","link":"https:\/\/fge.usthb.dz\/index.php\/gel-de-reinscription\/","title":{"rendered":"Gel de r\u00e9inscription"},"content":{"rendered":"\n<p>La demande de gel de r\u00e9inscription est accord\u00e9e aux \u00e9tudiants magist\u00e9raux ou doctorants apr\u00e8s autorisation par le directeur de m\u00e9moire de Magister ou de th\u00e8se de Doctorat d\u00fbment justifi\u00e9 pour des raisons m\u00e9dicales ou familiales. La demande, adress\u00e9e au pr\u00e9sident du Conseil Scientifique, doit \u00e8tre vis\u00e9e par le directeur de m\u00e9moire ou de th\u00e8se accompagn\u00e9e des pi\u00e8ces justificatives.<\/p>\n","protected":false},"excerpt":{"rendered":"<p>La demande de gel de r\u00e9inscription est accord\u00e9e aux \u00e9tudiants <span class=\"readmore\"><a href=\"https:\/\/fge.usthb.dz\/index.php\/gel-de-reinscription\/\">Suite<\/a><\/span><\/p>\n","protected":false},"author":2,"featured_media":0,"parent":0,"menu_order":0,"comment_status":"closed","ping_status":"closed","template":"","meta":{"footnotes":""},"class_list":["post-1963","page","type-page","status-publish","hentry"],"_links":{"self":[{"href":"https:\/\/fge.usthb.dz\/index.php\/wp-json\/wp\/v2\/pages\/1963","targetHints":{"allow":["GET"]}}],"collection":[{"href":"https:\/\/fge.usthb.dz\/index.php\/wp-json\/wp\/v2\/pages"}],"about":[{"href":"https:\/\/fge.usthb.dz\/index.php\/wp-json\/wp\/v2\/types\/page"}],"author":[{"embeddable":true,"href":"https:\/\/fge.usthb.dz\/index.php\/wp-json\/wp\/v2\/users\/2"}],"replies":[{"embeddable":true,"href":"https:\/\/fge.usthb.dz\/index.php\/wp-json\/wp\/v2\/comments?post=1963"}],"version-history":[{"count":1,"href":"https:\/\/fge.usthb.dz\/index.php\/wp-json\/wp\/v2\/pages\/1963\/revisions"}],"predecessor-version":[{"id":1964,"href":"https:\/\/fge.usthb.dz\/index.php\/wp-json\/wp\/v2\/pages\/1963\/revisions\/1964"}],"wp:attachment":[{"href":"https:\/\/fge.usthb.dz\/index.php\/wp-json\/wp\/v2\/media?parent=1963"}],"curies":[{"name":"wp","href":"https:\/\/api.w.org\/{rel}","templated":true}]}}