{"id":1946,"date":"2022-04-11T08:35:52","date_gmt":"2022-04-11T08:35:52","guid":{"rendered":"https:\/\/fge.usthb.dz\/?page_id=1946"},"modified":"2025-09-08T08:07:43","modified_gmt":"2025-09-08T08:07:43","slug":"reintegration","status":"publish","type":"page","link":"https:\/\/fge.usthb.dz\/index.php\/reintegration\/","title":{"rendered":"R\u00e9int\u00e9gration PG"},"content":{"rendered":"\n<p><strong>Condition de r\u00e9int\u00e9gration<\/strong><\/p>\n\n\n\n<p>La demande de r\u00e9int\u00e9gration en m\u00e9moire de Magister ou th\u00e8se de Doctorat est accord\u00e9e au candidat lorsque celui-ci pr\u00e9sente les justificatifs de l&#8217;interruption de l&#8217;inscription.<br><strong>Remarque&nbsp;:<\/strong> Les ann\u00e9es d&#8217;inscription sont pr\u00e9serv\u00e9es.<\/p>\n\n\n\n<p>Pour le dossier de r\u00e9inscription, voir <a href=\"https:\/\/fge.usthb.dz\/index.php\/reinscription\/\">R\u00e9inscription<\/a><\/p>\n","protected":false},"excerpt":{"rendered":"<p>Condition de r\u00e9int\u00e9gration La demande de r\u00e9int\u00e9gration en m\u00e9moire de <span class=\"readmore\"><a href=\"https:\/\/fge.usthb.dz\/index.php\/reintegration\/\">Suite<\/a><\/span><\/p>\n","protected":false},"author":2,"featured_media":0,"parent":0,"menu_order":0,"comment_status":"closed","ping_status":"closed","template":"","meta":{"footnotes":""},"class_list":["post-1946","page","type-page","status-publish","hentry"],"_links":{"self":[{"href":"https:\/\/fge.usthb.dz\/index.php\/wp-json\/wp\/v2\/pages\/1946","targetHints":{"allow":["GET"]}}],"collection":[{"href":"https:\/\/fge.usthb.dz\/index.php\/wp-json\/wp\/v2\/pages"}],"about":[{"href":"https:\/\/fge.usthb.dz\/index.php\/wp-json\/wp\/v2\/types\/page"}],"author":[{"embeddable":true,"href":"https:\/\/fge.usthb.dz\/index.php\/wp-json\/wp\/v2\/users\/2"}],"replies":[{"embeddable":true,"href":"https:\/\/fge.usthb.dz\/index.php\/wp-json\/wp\/v2\/comments?post=1946"}],"version-history":[{"count":3,"href":"https:\/\/fge.usthb.dz\/index.php\/wp-json\/wp\/v2\/pages\/1946\/revisions"}],"predecessor-version":[{"id":11461,"href":"https:\/\/fge.usthb.dz\/index.php\/wp-json\/wp\/v2\/pages\/1946\/revisions\/11461"}],"wp:attachment":[{"href":"https:\/\/fge.usthb.dz\/index.php\/wp-json\/wp\/v2\/media?parent=1946"}],"curies":[{"name":"wp","href":"https:\/\/api.w.org\/{rel}","templated":true}]}}