{"id":180,"date":"2022-02-08T10:14:04","date_gmt":"2022-02-08T10:14:04","guid":{"rendered":"http:\/\/193.194.89.192\/?page_id=180"},"modified":"2026-03-18T11:49:28","modified_gmt":"2026-03-18T11:49:28","slug":"organisation","status":"publish","type":"page","link":"https:\/\/fge.usthb.dz\/index.php\/organisation\/","title":{"rendered":"Organisation"},"content":{"rendered":"\n<p class=\"has-text-color\" style=\"color:#1f054e\">DOYEN DE LA FACULT\u00c9 :<\/p>\n\n\n\n<p><strong>Dr.BOUDJIT Kamel<\/strong><\/p>\n\n\n\n<p class=\"has-text-color\" style=\"color:#e70808\">Contact secretariat de doyen:<\/p>\n\n\n\n<p>T\u00e9l\u00e9phone : 023.93.40.65   Poste <strong>:<\/strong> 002<\/p>\n\n\n\n<p>E-Mail&nbsp;: decanat_fge@usthb.dz<\/p>\n\n\n\n<p class=\"has-text-color\" style=\"color:#1e0248\">VICE DOYEN CHARGE DE LA POST-GRADUATION DE LA RECHERCHE SCIENTIFIQUE ET DES RELATIONS EXT\u00c9RIEURS :<\/p>\n\n\n\n<p>Dr.MAZIGHI Khaled Houssam Eddine<\/p>\n\n\n\n<p>E-Mail&nbsp;: pgfge2022@gmail.com<\/p>\n\n\n\n<p class=\"has-text-color\" style=\"color:#1e0337\">VICE DOYEN CHARG\u00c9 DES \u00c9TUDES ET DES QUESTIONS LI\u00c9ES AUX \u00c9TUDIANTS : <\/p>\n\n\n\n<p>Dr.BOURIACHI Fares<\/p>\n\n\n\n<p class=\"has-text-color\" style=\"color:#220440\">SECR\u00c9TARIAT G\u00c9N\u00c9RALE :<\/p>\n\n\n\n<p>Mme.REZIG Marhoun Rima<\/p>\n\n\n\n<ul class=\"wp-block-list has-black-color has-text-color\">\n<li><a href=\"https:\/\/fge.usthb.dz\/wp-content\/uploads\/2022\/12\/Organigramme-de-la-faculte.pdf\">Organigramme G\u00e9n\u00e9ral de la Facult\u00e9 de G\u00e9nie \u00c9lectrique<\/a><\/li>\n<\/ul>\n\n\n\n<p><\/p>\n\n\n\n<p><\/p>\n\n\n\n<p><\/p>\n\n\n\n<p><\/p>\n\n\n\n<p><\/p>\n","protected":false},"excerpt":{"rendered":"<p>DOYEN DE LA FACULT\u00c9 : Dr.BOUDJIT Kamel Contact secretariat de <span class=\"readmore\"><a href=\"https:\/\/fge.usthb.dz\/index.php\/organisation\/\">Suite<\/a><\/span><\/p>\n","protected":false},"author":2,"featured_media":0,"parent":0,"menu_order":0,"comment_status":"closed","ping_status":"closed","template":"","meta":{"footnotes":""},"class_list":["post-180","page","type-page","status-publish","hentry"],"_links":{"self":[{"href":"https:\/\/fge.usthb.dz\/index.php\/wp-json\/wp\/v2\/pages\/180","targetHints":{"allow":["GET"]}}],"collection":[{"href":"https:\/\/fge.usthb.dz\/index.php\/wp-json\/wp\/v2\/pages"}],"about":[{"href":"https:\/\/fge.usthb.dz\/index.php\/wp-json\/wp\/v2\/types\/page"}],"author":[{"embeddable":true,"href":"https:\/\/fge.usthb.dz\/index.php\/wp-json\/wp\/v2\/users\/2"}],"replies":[{"embeddable":true,"href":"https:\/\/fge.usthb.dz\/index.php\/wp-json\/wp\/v2\/comments?post=180"}],"version-history":[{"count":56,"href":"https:\/\/fge.usthb.dz\/index.php\/wp-json\/wp\/v2\/pages\/180\/revisions"}],"predecessor-version":[{"id":12372,"href":"https:\/\/fge.usthb.dz\/index.php\/wp-json\/wp\/v2\/pages\/180\/revisions\/12372"}],"wp:attachment":[{"href":"https:\/\/fge.usthb.dz\/index.php\/wp-json\/wp\/v2\/media?parent=180"}],"curies":[{"name":"wp","href":"https:\/\/api.w.org\/{rel}","templated":true}]}}