{"id":1775,"date":"2022-03-31T08:50:45","date_gmt":"2022-03-31T08:50:45","guid":{"rendered":"https:\/\/fge.usthb.dz\/?page_id=1775"},"modified":"2022-04-11T11:13:46","modified_gmt":"2022-04-11T11:13:46","slug":"cotutelle","status":"publish","type":"page","link":"https:\/\/fge.usthb.dz\/index.php\/cotutelle\/","title":{"rendered":"Cotutelle"},"content":{"rendered":"\n<p><strong>Pr\u00e9ambule<\/strong><\/p>\n\n\n\n<p>La cotutelle de pr\u00e9paration de th\u00e8se de Doctorat s&#8217;inscrit dans le cadre de la r\u00e9glementation en vigueur et vise \u00e0\u00a0instaure et d\u00e9velopper une coop\u00e9ration scientifique entre les \u00e9quipes de recherche alg\u00e9riennes et \u00e9trang\u00e9es. Le candidat, \u00e0\u00a0la r\u00e9alisation d&#8217;une th\u00e8se de Doctorat en cotutelle, prend une double inscription en Doctorat dans chacune des deux universit\u00e9s concern\u00e9es.<\/p>\n\n\n\n<p>Le candidat \u00e0 une pr\u00e9paration de doctorat en cotutelle effectue ses travaux sous le contr\u00f4le et la responsabilit\u00e9 d\u2019un directeur de recherche dans chacun des deux pays concern\u00e9s. Les deux co-directeurs de th\u00e8se s\u2019engagent \u00e0 exercer pleinement leur fonction de tuteur aupr\u00e8s du doctorant.nt.<\/p>\n\n\n\n<p><strong>Conditions de cotutelle<\/strong><\/p>\n\n\n\n<p>La cotutelle de th\u00e8se se d\u00e9roule dans le cadre d\u2019une convention liant deux \u00e9tablissements universitaires. La convention pr\u00e9cise, sur la base du principe de r\u00e9ciprocit\u00e9, l\u2019ensemble des modalit\u00e9s administratives, p\u00e9dagogiques et financi\u00e8res de la cotutelle de th\u00e8se.<br>Le projet de convention de cotutelle, pr\u00e9alablement examin\u00e9e et approuv\u00e9 par le conseil scientifique, est sign\u00e9 par le doctorant et les deux responsables engag\u00e9s par la cotutelle, avant d\u2019\u00eatre soumis \u00e0&nbsp;la signature du chef d\u2019\u00e9tablissement.<\/p>\n\n\n\n<h3 class=\"wp-block-heading\"><strong>Conditions d\u2019inscription<\/strong><\/h3>\n\n\n\n<p>Les conditions d\u2019inscription ont \u00e9t\u00e9 d\u00e9finies dans le cadre d\u2019une commission ad-hoc au sein de l\u2019USTHB. Les conditions requises pour l\u2019inscription \u00c3&nbsp;une th\u00e8se en-cotutelle sont&nbsp;:<\/p>\n\n\n\n<ul class=\"wp-block-list\"><li>Rattachement \u00e0&nbsp;un laboratoire de recherche de l\u2019USTHB<\/li><li>Candidats nouvellement inscrits en premi\u00e8re ann\u00e9e et exceptionnellement en deuxi\u00e8me ann\u00e9e.<\/li><\/ul>\n\n\n\n<h3 class=\"wp-block-heading\"><strong>Dispositions financi\u00e8res<\/strong><\/h3>\n\n\n\n<p>Le candidat inscrit en th\u00e8se de Doctorat en cotutelle peut pr\u00e9tendre \u00e0 un stage de trois (3) mois par ann\u00e9e dans l\u2019un des deux laboratoires d\u2019accueil. Les frais de d\u00e9placements et l\u2019h\u00e9bergement, dans l\u2019une des deux universit\u00e9s, du candidat sont pris en charge dans le cadre du financement \u00e9manant&nbsp;:<\/p>\n\n\n\n<ul class=\"wp-block-list\"><li>Projet CMEP<\/li><li>Bourse AUF<\/li><li>Budget propre au laboratoire (d\u2019accueil ou d\u2019envoi)<\/li><li>Budget sp\u00e9cifique pour la cotutelle notifi\u00e9 par le minist\u00e8re de l\u2019enseignement sup\u00e9rieure et de la recherche scientifique (MESRS) de la R\u00e9publique Alg\u00e9rienne<\/li><li>Partenariat entreprise-universit\u00e9 (Doctorat en entreprise)<\/li><\/ul>\n\n\n\n<h3 class=\"wp-block-heading\"><strong>Conditions de soutenance<\/strong><\/h3>\n\n\n\n<p>La th\u00e8se donne lieu \u00e0&nbsp;une soutenance unique reconnue par les deux parties concern\u00e9es. Cette disposition devant faire l\u2019objet d\u2019une clause inscrite dans la convention liant les deux \u00e9tablissements. Le lieu de la soutenance est arr\u00eat\u00e9 par les deux directeurs de th\u00e8se apr\u00e8s avis des chefs d\u2019\u00e9tablissement.<br>Le jury mixte de soutenance d\u00e9sign\u00e9 par les deux \u00e9tablissements partenaires est compos\u00e9 \u00e0&nbsp;parit\u00e9&nbsp;par des repr\u00e9sentants scientifiques des deux pays. Il comprend&nbsp;six (6) membres&nbsp;dont les deux directeurs de th\u00e8se. Pour les modalit\u00e9s de soutenance, voir&nbsp;<a href=\"https:\/\/fge.usthb.dz\/index.php\/modalites-de-soutenance\/\">Modalit\u00e9s de Soutenance<\/a><\/p>\n\n\n\n<h2 class=\"wp-block-heading\"><\/h2>\n\n\n\n<p><\/p>\n","protected":false},"excerpt":{"rendered":"<p>Pr\u00e9ambule La cotutelle de pr\u00e9paration de th\u00e8se de Doctorat s&#8217;inscrit <span class=\"readmore\"><a href=\"https:\/\/fge.usthb.dz\/index.php\/cotutelle\/\">Suite<\/a><\/span><\/p>\n","protected":false},"author":2,"featured_media":0,"parent":0,"menu_order":0,"comment_status":"closed","ping_status":"closed","template":"","meta":{"footnotes":""},"class_list":["post-1775","page","type-page","status-publish","hentry"],"_links":{"self":[{"href":"https:\/\/fge.usthb.dz\/index.php\/wp-json\/wp\/v2\/pages\/1775","targetHints":{"allow":["GET"]}}],"collection":[{"href":"https:\/\/fge.usthb.dz\/index.php\/wp-json\/wp\/v2\/pages"}],"about":[{"href":"https:\/\/fge.usthb.dz\/index.php\/wp-json\/wp\/v2\/types\/page"}],"author":[{"embeddable":true,"href":"https:\/\/fge.usthb.dz\/index.php\/wp-json\/wp\/v2\/users\/2"}],"replies":[{"embeddable":true,"href":"https:\/\/fge.usthb.dz\/index.php\/wp-json\/wp\/v2\/comments?post=1775"}],"version-history":[{"count":8,"href":"https:\/\/fge.usthb.dz\/index.php\/wp-json\/wp\/v2\/pages\/1775\/revisions"}],"predecessor-version":[{"id":1976,"href":"https:\/\/fge.usthb.dz\/index.php\/wp-json\/wp\/v2\/pages\/1775\/revisions\/1976"}],"wp:attachment":[{"href":"https:\/\/fge.usthb.dz\/index.php\/wp-json\/wp\/v2\/media?parent=1775"}],"curies":[{"name":"wp","href":"https:\/\/api.w.org\/{rel}","templated":true}]}}