{"id":1768,"date":"2022-03-31T08:44:55","date_gmt":"2022-03-31T08:44:55","guid":{"rendered":"https:\/\/fge.usthb.dz\/?page_id=1768"},"modified":"2022-04-11T08:40:42","modified_gmt":"2022-04-11T08:40:42","slug":"conditions-de-proposition-de-sujet","status":"publish","type":"page","link":"https:\/\/fge.usthb.dz\/index.php\/conditions-de-proposition-de-sujet\/","title":{"rendered":"Proposition de sujet"},"content":{"rendered":"\n<p><strong>Conditions de proposition de sujet<\/strong><\/p>\n\n\n\n<p><strong>Magister<\/strong><\/p>\n\n\n\n<ul class=\"wp-block-list\"><li>Attestation de succ\u00e8s de la premi\u00e8re ann\u00e9e de Magister ou d&#8217;un titre reconnu \u00e9quivalent.<\/li><li>Ad\u00e9quation du sujet propos\u00e9 avec la sp\u00e9cialit\u00e9 du candidat magist\u00e9rant.<\/li><li>Directeur de m\u00e9moire de rang magistral (Professeur ou Ma\u00eetre de conf\u00e9rences) ou chercheur permanent (Directeur ou ma\u00eetre de recherche) habilit\u00e9 par le comit\u00e9 de P.G.<\/li><\/ul>\n\n\n\n<p><strong>Doctorat<\/strong><\/p>\n\n\n\n<ul class=\"wp-block-list\"><li>Dipl\u00f4me de Magister<\/li><li>Ad\u00e9quation du sujet propos\u00e9 avec la sp\u00e9cialit\u00e9 du candidat doctorant.<\/li><li>Directeur de th\u00e8se rattach\u00e9 \u00c3&nbsp;la facult\u00e9.<\/li><li>Co-directeur de th\u00e8se dans le cas o\u00f9 le candidat effectue sa recherche dans un laboratoire et le directeur de th\u00e8se est hors USTHB.<\/li><\/ul>\n\n\n\n<p><strong>Constitution du dossier<\/strong><\/p>\n\n\n\n<ul class=\"wp-block-list\"><li>Pour le Magister, voir <a href=\"https:\/\/fge.usthb.dz\/index.php\/reinscription\/\">R\u00e9inscription<\/a><\/li><li>Pour le Doctorat, voir <a href=\"https:\/\/fge.usthb.dz\/index.php\/inscription\/\">Inscription<\/a><\/li><\/ul>\n","protected":false},"excerpt":{"rendered":"<p>Conditions de proposition de sujet Magister Attestation de succ\u00e8s de <span class=\"readmore\"><a href=\"https:\/\/fge.usthb.dz\/index.php\/conditions-de-proposition-de-sujet\/\">Suite<\/a><\/span><\/p>\n","protected":false},"author":2,"featured_media":0,"parent":0,"menu_order":0,"comment_status":"closed","ping_status":"closed","template":"","meta":{"footnotes":""},"class_list":["post-1768","page","type-page","status-publish","hentry"],"_links":{"self":[{"href":"https:\/\/fge.usthb.dz\/index.php\/wp-json\/wp\/v2\/pages\/1768","targetHints":{"allow":["GET"]}}],"collection":[{"href":"https:\/\/fge.usthb.dz\/index.php\/wp-json\/wp\/v2\/pages"}],"about":[{"href":"https:\/\/fge.usthb.dz\/index.php\/wp-json\/wp\/v2\/types\/page"}],"author":[{"embeddable":true,"href":"https:\/\/fge.usthb.dz\/index.php\/wp-json\/wp\/v2\/users\/2"}],"replies":[{"embeddable":true,"href":"https:\/\/fge.usthb.dz\/index.php\/wp-json\/wp\/v2\/comments?post=1768"}],"version-history":[{"count":5,"href":"https:\/\/fge.usthb.dz\/index.php\/wp-json\/wp\/v2\/pages\/1768\/revisions"}],"predecessor-version":[{"id":1952,"href":"https:\/\/fge.usthb.dz\/index.php\/wp-json\/wp\/v2\/pages\/1768\/revisions\/1952"}],"wp:attachment":[{"href":"https:\/\/fge.usthb.dz\/index.php\/wp-json\/wp\/v2\/media?parent=1768"}],"curies":[{"name":"wp","href":"https:\/\/api.w.org\/{rel}","templated":true}]}}