{"id":1764,"date":"2022-03-31T08:43:49","date_gmt":"2022-03-31T08:43:49","guid":{"rendered":"https:\/\/fge.usthb.dz\/?page_id=1764"},"modified":"2023-05-25T10:26:45","modified_gmt":"2023-05-25T10:26:45","slug":"changement-de-directeur-et-de-sujet","status":"publish","type":"page","link":"https:\/\/fge.usthb.dz\/index.php\/changement-de-directeur-et-de-sujet\/","title":{"rendered":"Changement de directeur et de sujet"},"content":{"rendered":"\n<p><strong>Condition de changement<\/strong><\/p>\n\n\n\n<p>La demande de changement de directeur et de sujet de m\u00e9moire de Magister ou th\u00e8se de Doctorat est accord\u00e9e au candidat avec un avis favorable prononc\u00e9 par l\u2019ancien directeur de m\u00e9moire ou th\u00e8se de Doctorat. Dans ce cas, le candidat devra fournir un dossier de r\u00e9inscription accompagn\u00e9 de l&#8217;avis favorable du directeur de m\u00e9moire ou th\u00e8se de Doctorat. Pour le dossier de r\u00e9nscription, voir <a href=\"https:\/\/fge.usthb.dz\/index.php\/reinscription\/\">R\u00e9inscription<\/a> .<br>Dans le cas d&#8217;un avis d\u00e9favorable du directeur de m\u00e9moire ou th\u00e8se de Doctorat, le candidat doit interrompre son inscription pendant une ann\u00e9e (ann\u00e9e blanche) puis introduire une nouvelle demande d&#8217;inscription, voir<a href=\"https:\/\/fge.usthb.dz\/index.php\/conditions-de-proposition-de-sujet\/\"> Proposition de sujet <\/a>.<br>Le changement de Directeur de th\u00e8se et sujet pour le Doctorat LMD n&#8217;est pas possible.<\/p>\n","protected":false},"excerpt":{"rendered":"<p>Condition de changement La demande de changement de directeur et <span class=\"readmore\"><a href=\"https:\/\/fge.usthb.dz\/index.php\/changement-de-directeur-et-de-sujet\/\">Suite<\/a><\/span><\/p>\n","protected":false},"author":2,"featured_media":0,"parent":0,"menu_order":0,"comment_status":"closed","ping_status":"closed","template":"","meta":{"footnotes":""},"class_list":["post-1764","page","type-page","status-publish","hentry"],"_links":{"self":[{"href":"https:\/\/fge.usthb.dz\/index.php\/wp-json\/wp\/v2\/pages\/1764","targetHints":{"allow":["GET"]}}],"collection":[{"href":"https:\/\/fge.usthb.dz\/index.php\/wp-json\/wp\/v2\/pages"}],"about":[{"href":"https:\/\/fge.usthb.dz\/index.php\/wp-json\/wp\/v2\/types\/page"}],"author":[{"embeddable":true,"href":"https:\/\/fge.usthb.dz\/index.php\/wp-json\/wp\/v2\/users\/2"}],"replies":[{"embeddable":true,"href":"https:\/\/fge.usthb.dz\/index.php\/wp-json\/wp\/v2\/comments?post=1764"}],"version-history":[{"count":4,"href":"https:\/\/fge.usthb.dz\/index.php\/wp-json\/wp\/v2\/pages\/1764\/revisions"}],"predecessor-version":[{"id":1953,"href":"https:\/\/fge.usthb.dz\/index.php\/wp-json\/wp\/v2\/pages\/1764\/revisions\/1953"}],"wp:attachment":[{"href":"https:\/\/fge.usthb.dz\/index.php\/wp-json\/wp\/v2\/media?parent=1764"}],"curies":[{"name":"wp","href":"https:\/\/api.w.org\/{rel}","templated":true}]}}