{"id":1762,"date":"2022-03-31T08:42:42","date_gmt":"2022-03-31T08:42:42","guid":{"rendered":"https:\/\/fge.usthb.dz\/?page_id=1762"},"modified":"2022-04-10T15:19:39","modified_gmt":"2022-04-10T15:19:39","slug":"changement-de-sujet","status":"publish","type":"page","link":"https:\/\/fge.usthb.dz\/index.php\/changement-de-sujet\/","title":{"rendered":"Changement de sujet"},"content":{"rendered":"\n<p><strong>Condition de changement<\/strong><\/p>\n\n\n\n<p>La demande de changement de sujet de m\u00e9moire de Magister ou th\u00e8se de Doctorat est accord\u00e9e au candidat d\u00fbment justifi\u00e9 par le directeur de m\u00e9moire ou th\u00e8se de Doctorat.<br>Pour le dossier de r\u00e9inscription, voir <a href=\"https:\/\/fge.usthb.dz\/index.php\/reinscription\/\">R\u00e9inscription<\/a><\/p>\n\n\n\n<p>Le changement de sujet de th\u00e8se de Doctorat LMD n&#8217;est pas possible.<\/p>\n","protected":false},"excerpt":{"rendered":"<p>Condition de changement La demande de changement de sujet de <span class=\"readmore\"><a href=\"https:\/\/fge.usthb.dz\/index.php\/changement-de-sujet\/\">Suite<\/a><\/span><\/p>\n","protected":false},"author":2,"featured_media":0,"parent":0,"menu_order":0,"comment_status":"closed","ping_status":"closed","template":"","meta":{"footnotes":""},"class_list":["post-1762","page","type-page","status-publish","hentry"],"_links":{"self":[{"href":"https:\/\/fge.usthb.dz\/index.php\/wp-json\/wp\/v2\/pages\/1762","targetHints":{"allow":["GET"]}}],"collection":[{"href":"https:\/\/fge.usthb.dz\/index.php\/wp-json\/wp\/v2\/pages"}],"about":[{"href":"https:\/\/fge.usthb.dz\/index.php\/wp-json\/wp\/v2\/types\/page"}],"author":[{"embeddable":true,"href":"https:\/\/fge.usthb.dz\/index.php\/wp-json\/wp\/v2\/users\/2"}],"replies":[{"embeddable":true,"href":"https:\/\/fge.usthb.dz\/index.php\/wp-json\/wp\/v2\/comments?post=1762"}],"version-history":[{"count":3,"href":"https:\/\/fge.usthb.dz\/index.php\/wp-json\/wp\/v2\/pages\/1762\/revisions"}],"predecessor-version":[{"id":1940,"href":"https:\/\/fge.usthb.dz\/index.php\/wp-json\/wp\/v2\/pages\/1762\/revisions\/1940"}],"wp:attachment":[{"href":"https:\/\/fge.usthb.dz\/index.php\/wp-json\/wp\/v2\/media?parent=1762"}],"curies":[{"name":"wp","href":"https:\/\/api.w.org\/{rel}","templated":true}]}}