{"id":1760,"date":"2022-03-31T08:25:07","date_gmt":"2022-03-31T08:25:07","guid":{"rendered":"https:\/\/fge.usthb.dz\/?page_id=1760"},"modified":"2023-05-25T10:22:59","modified_gmt":"2023-05-25T10:22:59","slug":"changement-de-directeur","status":"publish","type":"page","link":"https:\/\/fge.usthb.dz\/index.php\/changement-de-directeur\/","title":{"rendered":"Changement de Directeur"},"content":{"rendered":"\n<p><strong>Conditions de changement<\/strong><\/p>\n\n\n\n<p>La demande de changement de directeur de m\u00e9moire de Magister ou th\u00e8se de Doctorat est accord\u00e9e au candidat satisfaisant les conditions suivantes&nbsp;:<\/p>\n\n\n\n<ul class=\"wp-block-list\">\n<li>Avis favorable de l&#8217;ancien directeur de m\u00e9moire ou th\u00e8se de Doctorat<\/li>\n\n\n\n<li>Avis favorable du nouveau directeur de m\u00e9moire ou th\u00e8se de Doctorat<\/li>\n<\/ul>\n\n\n\n<p><strong>Remarque&nbsp;:<\/strong> Les ann\u00e9es d&#8217;inscription sont pr\u00e9serv\u00e9es.<\/p>\n\n\n\n<p>Pour le dossier de r\u00e9inscription, voir <a href=\"https:\/\/fge.usthb.dz\/index.php\/reinscription\/\">R\u00e9inscription<\/a><\/p>\n\n\n\n<p>Le changement de Directeur de th\u00e8se pour le Doctorat LMD n\u2019est pas possible.<\/p>\n","protected":false},"excerpt":{"rendered":"<p>Conditions de changement La demande de changement de directeur de <span class=\"readmore\"><a href=\"https:\/\/fge.usthb.dz\/index.php\/changement-de-directeur\/\">Suite<\/a><\/span><\/p>\n","protected":false},"author":2,"featured_media":0,"parent":0,"menu_order":0,"comment_status":"closed","ping_status":"closed","template":"","meta":{"footnotes":""},"class_list":["post-1760","page","type-page","status-publish","hentry"],"_links":{"self":[{"href":"https:\/\/fge.usthb.dz\/index.php\/wp-json\/wp\/v2\/pages\/1760","targetHints":{"allow":["GET"]}}],"collection":[{"href":"https:\/\/fge.usthb.dz\/index.php\/wp-json\/wp\/v2\/pages"}],"about":[{"href":"https:\/\/fge.usthb.dz\/index.php\/wp-json\/wp\/v2\/types\/page"}],"author":[{"embeddable":true,"href":"https:\/\/fge.usthb.dz\/index.php\/wp-json\/wp\/v2\/users\/2"}],"replies":[{"embeddable":true,"href":"https:\/\/fge.usthb.dz\/index.php\/wp-json\/wp\/v2\/comments?post=1760"}],"version-history":[{"count":5,"href":"https:\/\/fge.usthb.dz\/index.php\/wp-json\/wp\/v2\/pages\/1760\/revisions"}],"predecessor-version":[{"id":6270,"href":"https:\/\/fge.usthb.dz\/index.php\/wp-json\/wp\/v2\/pages\/1760\/revisions\/6270"}],"wp:attachment":[{"href":"https:\/\/fge.usthb.dz\/index.php\/wp-json\/wp\/v2\/media?parent=1760"}],"curies":[{"name":"wp","href":"https:\/\/api.w.org\/{rel}","templated":true}]}}