{"id":1758,"date":"2022-03-31T08:21:31","date_gmt":"2022-03-31T08:21:31","guid":{"rendered":"https:\/\/fge.usthb.dz\/?page_id=1758"},"modified":"2022-04-10T14:50:37","modified_gmt":"2022-04-10T14:50:37","slug":"habilitation-p-g-et-e-d","status":"publish","type":"page","link":"https:\/\/fge.usthb.dz\/index.php\/habilitation-p-g-et-e-d\/","title":{"rendered":"Habilitation P.G. et E.D."},"content":{"rendered":"\n<p>Les conditions d\u2019habilitation pour l\u2019ouverture, reconduction ou le gel d\u2019une Post-Graduation, d\u2019une Post-Graduation Sp\u00e9cialis\u00e9e ou d\u2019une Ecole Doctorale sont pr\u00e9cis\u00e9es sur le site de la conf\u00e9rence r\u00e9gionale centre. Pour de amples informations cliquez sur <a href=\"https:\/\/www.univ-boumerdes.dz\/\">Conf\u00e9rence R\u00e9gionale Centre<\/a><\/p>\n","protected":false},"excerpt":{"rendered":"<p>Les conditions d\u2019habilitation pour l\u2019ouverture, reconduction ou le gel d\u2019une <span class=\"readmore\"><a href=\"https:\/\/fge.usthb.dz\/index.php\/habilitation-p-g-et-e-d\/\">Suite<\/a><\/span><\/p>\n","protected":false},"author":2,"featured_media":0,"parent":0,"menu_order":0,"comment_status":"closed","ping_status":"closed","template":"","meta":{"footnotes":""},"class_list":["post-1758","page","type-page","status-publish","hentry"],"_links":{"self":[{"href":"https:\/\/fge.usthb.dz\/index.php\/wp-json\/wp\/v2\/pages\/1758","targetHints":{"allow":["GET"]}}],"collection":[{"href":"https:\/\/fge.usthb.dz\/index.php\/wp-json\/wp\/v2\/pages"}],"about":[{"href":"https:\/\/fge.usthb.dz\/index.php\/wp-json\/wp\/v2\/types\/page"}],"author":[{"embeddable":true,"href":"https:\/\/fge.usthb.dz\/index.php\/wp-json\/wp\/v2\/users\/2"}],"replies":[{"embeddable":true,"href":"https:\/\/fge.usthb.dz\/index.php\/wp-json\/wp\/v2\/comments?post=1758"}],"version-history":[{"count":2,"href":"https:\/\/fge.usthb.dz\/index.php\/wp-json\/wp\/v2\/pages\/1758\/revisions"}],"predecessor-version":[{"id":1911,"href":"https:\/\/fge.usthb.dz\/index.php\/wp-json\/wp\/v2\/pages\/1758\/revisions\/1911"}],"wp:attachment":[{"href":"https:\/\/fge.usthb.dz\/index.php\/wp-json\/wp\/v2\/media?parent=1758"}],"curies":[{"name":"wp","href":"https:\/\/api.w.org\/{rel}","templated":true}]}}