{"id":1756,"date":"2022-03-31T08:20:44","date_gmt":"2022-03-31T08:20:44","guid":{"rendered":"https:\/\/fge.usthb.dz\/?page_id=1756"},"modified":"2022-04-10T14:44:33","modified_gmt":"2022-04-10T14:44:33","slug":"doctorat-lmd","status":"publish","type":"page","link":"https:\/\/fge.usthb.dz\/index.php\/doctorat-lmd\/","title":{"rendered":"Doctorat LMD :"},"content":{"rendered":"\n<p><strong>Doctorat LMD<\/strong><\/p>\n\n\n\n<p>La premi\u00e8re inscription en th\u00e8se de doctorat LMD est accord\u00e9e aux \u00e9tudiants admis sur concours d&#8217;entr\u00e9e organis\u00e9 au d\u00e9but de chaque ann\u00e9e universitaire. L&#8217;inscription au concours est accord\u00e9 aux titulaires du diplome de Master ou d&#8217;un titre reconnu \u00e9quivalent.<\/p>\n\n\n\n<p><strong>Doctorat 98<\/strong><\/p>\n\n\n\n<p>La premi\u00e8re inscription en th\u00e8se de Doctorat en sciences est accord\u00e9e aux candidats titulaires d&#8217;un diplome de Magister ou d&#8217;un titre reconnu \u00e9quivalent.<\/p>\n\n\n\n<p><strong>Dossier d\u2019inscription<\/strong><\/p>\n\n\n\n<ul class=\"wp-block-list\"><li>Une demande d&#8217;inscription <a href=\"https:\/\/fge.usthb.dz\/wp-content\/uploads\/2022\/04\/Demande_Inscription_Magister.doc\">(T\u00e9l\u00e9charger)<\/a><\/li><li>Une autorisation d&#8217;inscription <a href=\"https:\/\/fge.usthb.dz\/wp-content\/uploads\/2022\/04\/Autorisation_Inscription.doc\">(T\u00e9l\u00e9charger)<\/a><\/li><li>Une demande d&#8217;inscription pour les candidats hors USTHB <a href=\"https:\/\/fge.usthb.dz\/wp-content\/uploads\/2022\/04\/Demande_Inscription_Hors_USTHB.doc\">(T\u00e9l\u00e9charger)<\/a><\/li><li>Fiche d&#8217;identification du sujet <a href=\"https:\/\/fge.usthb.dz\/wp-content\/uploads\/2022\/04\/Identification_Sujet.doc\">(T\u00e9l\u00e9charger)<\/a><\/li><li>Un extrait du P.V. du conseil Scientifique ayant statu\u00e9 la premi\u00e8re inscription du candidat d\u00e9livr\u00e9 par l\u2019administration<\/li><li>Une attestation d&#8217;\u00e9quivalences pour les diplomes obtenus \u00e0\u00a0l&#8217;\u00e9tranger<\/li><li>Les photocopies certifi\u00e9es des diplomes (y compris le Baccalaur\u00e9at)<\/li><li>Une fiche de synth\u00e8se de suivi p\u00e9dagogique (pour les \u00e9tudiants inscrits pour la 1\u00e8re fois en 1\u00e8re post-graduation ou en Doctorat LMD) <a href=\"https:\/\/fge.usthb.dz\/wp-content\/uploads\/2022\/04\/Fiche_Synthese_PG.doc\">(T\u00e9l\u00e9charger)<\/a><\/li><li>Une d\u00e9claration sur l&#8217;honneur pour les \u00e9tudiants n&#8217;exer\u00e7ant aucune activit\u00e9 r\u00e9mun\u00e9r\u00e9e <a href=\"https:\/\/fge.usthb.dz\/wp-content\/uploads\/2022\/04\/Declaration_Honneur.doc\">(T\u00e9l\u00e9charger)<\/a><\/li><li>Un extrait de naissance<\/li><li>Un certificat de nationalit\u00e9 pour les \u00e9tudiants n\u00e9s \u00e0\u00a0l&#8217;\u00e9tranger<\/li><li>Deux photographies d&#8217;identit\u00e9<\/li><li>Une attestation de fonction pour l&#8217;ann\u00e9e universitaire en cours<\/li><li>Une enveloppe timbr\u00e9e libell\u00e9e \u00e0 l&#8217;adresse du candidat.<\/li><li>R\u00e9c\u00e9piss\u00e9 portant paiement des droits d&#8217;inscription 200 DA (pour les candidats hors USTHB, et pour ceux qui n&#8217;exercent pas une activit\u00e9 r\u00e9mun\u00e9r\u00e9e).<\/li><li>Pour l&#8217;inscription en th\u00e8se de Doctorat, joindre deux (02) lettres de recommandation et relev\u00e9s des notes du cursus universitaire (Ing\u00e9niorat et Magister) pour les candidats hors USTHB titulaires d&#8217;un Magister.<\/li><\/ul>\n","protected":false},"excerpt":{"rendered":"<p>Doctorat LMD La premi\u00e8re inscription en th\u00e8se de doctorat LMD <span class=\"readmore\"><a href=\"https:\/\/fge.usthb.dz\/index.php\/doctorat-lmd\/\">Suite<\/a><\/span><\/p>\n","protected":false},"author":2,"featured_media":0,"parent":0,"menu_order":0,"comment_status":"closed","ping_status":"closed","template":"","meta":{"footnotes":""},"class_list":["post-1756","page","type-page","status-publish","hentry"],"_links":{"self":[{"href":"https:\/\/fge.usthb.dz\/index.php\/wp-json\/wp\/v2\/pages\/1756","targetHints":{"allow":["GET"]}}],"collection":[{"href":"https:\/\/fge.usthb.dz\/index.php\/wp-json\/wp\/v2\/pages"}],"about":[{"href":"https:\/\/fge.usthb.dz\/index.php\/wp-json\/wp\/v2\/types\/page"}],"author":[{"embeddable":true,"href":"https:\/\/fge.usthb.dz\/index.php\/wp-json\/wp\/v2\/users\/2"}],"replies":[{"embeddable":true,"href":"https:\/\/fge.usthb.dz\/index.php\/wp-json\/wp\/v2\/comments?post=1756"}],"version-history":[{"count":10,"href":"https:\/\/fge.usthb.dz\/index.php\/wp-json\/wp\/v2\/pages\/1756\/revisions"}],"predecessor-version":[{"id":1909,"href":"https:\/\/fge.usthb.dz\/index.php\/wp-json\/wp\/v2\/pages\/1756\/revisions\/1909"}],"wp:attachment":[{"href":"https:\/\/fge.usthb.dz\/index.php\/wp-json\/wp\/v2\/media?parent=1756"}],"curies":[{"name":"wp","href":"https:\/\/api.w.org\/{rel}","templated":true}]}}