{"id":1748,"date":"2022-03-31T08:17:15","date_gmt":"2022-03-31T08:17:15","guid":{"rendered":"https:\/\/fge.usthb.dz\/?page_id=1748"},"modified":"2025-06-18T09:03:49","modified_gmt":"2025-06-18T09:03:49","slug":"constitution-du-dossier","status":"publish","type":"page","link":"https:\/\/fge.usthb.dz\/index.php\/constitution-du-dossier\/","title":{"rendered":"Constitution du Dossier"},"content":{"rendered":"\n<p>Pour toute demande de formation \u00e0&nbsp;l&#8217;\u00e9tranger, le dossier de candidature doit \u00e8tre d\u00e9pos\u00e9 au plus tard <strong>30 jours<\/strong> avant la date de d\u00e9part.<\/p>\n\n\n\n<p><strong>S\u00e9jour scientifique de courte dur\u00e9e<\/strong><\/p>\n\n\n\n<p><strong>Au d\u00e9part \u00e0&nbsp;l&#8217;\u00e9tranger<\/strong><br>(<a href=\"https:\/\/fge.usthb.dz\/wp-content\/uploads\/2024\/07\/Candidature-sejour-scientifique.pdf\">T\u00e9l\u00e9charger fiche de candidature<\/a>)<\/p>\n\n\n\n<figure class=\"wp-block-table\"><table><tbody><tr><td><strong>Pi\u00e8ces \u00e0&nbsp;fournir au dossier<\/strong><\/td><td><strong>Nombre d&#8217;exemplaire<\/strong><\/td><\/tr><tr><td>Plan de travail vis\u00e9 par le candidat, le directeur de th\u00e8se ou de m\u00e9moire et le pr\u00e9sident du CSF<\/td><td>01<\/td><\/tr><tr><td>Autorisation d&#8217;absence<a href=\"https:\/\/fge.usthb.dz\/wp-content\/uploads\/2024\/06\/Autorisation_absence.pdf\"> (T\u00e9l\u00e9charger)<\/a><\/td><td>04<\/td><\/tr><tr><td>Certificat d&#8217;inscription en Doctorat (Pour le doctorant)<\/td><td>01<\/td><\/tr><tr><td>Copie de l&#8217;arr\u00e9t\u00e9 de nomination<\/td><td>01<\/td><\/tr><tr><td>Etat financier nominatif d\u00e9livr\u00e9 par le service P.G.<\/td><td>04<\/td><\/tr><\/tbody><\/table><\/figure>\n\n\n\n<p><strong>Au retour de l&#8217;\u00e9tranger<\/strong><br><a href=\"https:\/\/fge.usthb.dz\/wp-content\/uploads\/2024\/06\/Rapport_Formation_Etranger.pdf\">(T\u00e9l\u00e9charger canevas rapport de s\u00e9jour scientifique)<\/a><\/p>\n\n\n\n<figure class=\"wp-block-table\"><table><tbody><tr><td><strong>Pi\u00e8ces \u00e0&nbsp;fournir au dossier<\/strong><\/td><td><strong>Nombre d&#8217;exemplaire<\/strong><\/td><\/tr><tr><td>Rapport du s\u00e9jour scientifique vis\u00e9 par le responsable du stage<\/td><td>03<\/td><\/tr><tr><td>Souche du billet d&#8217;avion<\/td><td>02<\/td><\/tr><tr><td>Ordre de mission vis\u00e9 \u00e0&nbsp;l&#8217;entr\u00e9e\/sortie du territoire ou copie du passeport<\/td><td>02<\/td><\/tr><tr><td>Fiche jaune<\/td><td>02<\/td><\/tr><\/tbody><\/table><\/figure>\n\n\n\n<p><strong>Cong\u00e9 scientifique<\/strong><\/p>\n\n\n\n<p><strong>Au d\u00e9part \u00e0\u00a0l&#8217;\u00e9tranger<\/strong><\/p>\n\n\n\n<p><a href=\"https:\/\/fge.usthb.dz\/wp-content\/uploads\/2023\/05\/candidature_conge_scientifique.pdf\">(T\u00e9l\u00e9charger fiche de candidature) PDF<\/a><\/p>\n\n\n\n<figure class=\"wp-block-table\"><table><tbody><tr><td><strong>Pi\u00e8ces \u00e0&nbsp;fournir au dossier<\/strong><\/td><td><strong>Nombre d&#8217;exemplaire<\/strong><\/td><\/tr><tr><td>Lettre d&#8217;acceptation (original, fax ou courrier \u00e9lectronique)<\/td><td>04<\/td><\/tr><tr><td>Appel \u00e0&nbsp;communication pr\u00e9cisant le comit\u00e9 de lecture<\/td><td>04<\/td><\/tr><tr><td>Justificatifs des frais de participation<\/td><td>04<\/td><\/tr><tr><td>Autorisation d&#8217;absence <a href=\"https:\/\/fge.usthb.dz\/wp-content\/uploads\/2022\/04\/autorisation_absence-2.pdf\">(T\u00e9l\u00e9charger)<\/a><\/td><td>04<\/td><\/tr><tr><td>Etat d\u2019avancement (Pour le Doctorant) <a href=\"https:\/\/fge.usthb.dz\/wp-content\/uploads\/2022\/04\/Etat_Avancement.pdf\">(T\u00e9l\u00e9charger canevas)<\/a><\/td><td>01<\/td><\/tr><tr><td>Int\u00e9r\u00e8t scientifique <a href=\"https:\/\/fge.usthb.dz\/wp-content\/uploads\/2022\/04\/Interet_Scientifique.pdf\">(T\u00e9l\u00e9charger canevas)<\/a><\/td><td>01<\/td><\/tr><tr><td>Copie de la communication<\/td><td>01<\/td><\/tr><tr><td>Certificat d&#8217;inscription en Doctorat (Pour le doctorant)<\/td><td>01<\/td><\/tr><tr><td>Copie de l&#8217;arr\u00e8t\u00e9 de nomination<\/td><td>01<\/td><\/tr><tr><td>Etat financier nominatif d\u00e9ivr\u00e9 par le service P.G.<\/td><td>04<\/td><\/tr><\/tbody><\/table><\/figure>\n\n\n\n<p><strong>Au retour de l&#8217;\u00e8tranger<\/strong><br><a href=\"https:\/\/fge.usthb.dz\/wp-content\/uploads\/2022\/04\/Rapport_Formation_Etranger.pdf\">(T\u00e9l\u00e9charger canevas rapport de s\u00e9jour scientifique)<\/a><\/p>\n\n\n\n<figure class=\"wp-block-table\"><table><tbody><tr><td><strong>Pi\u00e8ces \u00e0&nbsp;fournir au dossier<\/strong><\/td><td><strong>Nombre d&#8217;exemplaire<\/strong><\/td><\/tr><tr><td>Rapport de formation \u00e0&nbsp;l&#8217;\u00e9tranger<\/td><td>03<\/td><\/tr><tr><td>Attestation de participation \u00e0&nbsp;la rencontre scientifique<\/td><td>03<\/td><\/tr><tr><td>Attestation du paiement des frais de participation<\/td><td>02<\/td><\/tr><tr><td>Souche du billet d&#8217;avion<\/td><td>02<\/td><\/tr><tr><td>Ordre de mission vis\u00e9 \u00e0&nbsp;l&#8217;entr\u00e9e\/sortie du territoire ou copie du passeport<\/td><td>02<\/td><\/tr><tr><td>Fiche jaune<\/td><td>02<\/td><\/tr><tr><td>Lettre d&#8217;acceptation<\/td><\/tr><\/tbody><\/table><\/figure>\n","protected":false},"excerpt":{"rendered":"<p>Pour toute demande de formation \u00e0&nbsp;l&#8217;\u00e9tranger, le dossier de candidature <span class=\"readmore\"><a href=\"https:\/\/fge.usthb.dz\/index.php\/constitution-du-dossier\/\">Suite<\/a><\/span><\/p>\n","protected":false},"author":2,"featured_media":0,"parent":0,"menu_order":0,"comment_status":"closed","ping_status":"closed","template":"","meta":{"footnotes":""},"class_list":["post-1748","page","type-page","status-publish","hentry"],"_links":{"self":[{"href":"https:\/\/fge.usthb.dz\/index.php\/wp-json\/wp\/v2\/pages\/1748","targetHints":{"allow":["GET"]}}],"collection":[{"href":"https:\/\/fge.usthb.dz\/index.php\/wp-json\/wp\/v2\/pages"}],"about":[{"href":"https:\/\/fge.usthb.dz\/index.php\/wp-json\/wp\/v2\/types\/page"}],"author":[{"embeddable":true,"href":"https:\/\/fge.usthb.dz\/index.php\/wp-json\/wp\/v2\/users\/2"}],"replies":[{"embeddable":true,"href":"https:\/\/fge.usthb.dz\/index.php\/wp-json\/wp\/v2\/comments?post=1748"}],"version-history":[{"count":39,"href":"https:\/\/fge.usthb.dz\/index.php\/wp-json\/wp\/v2\/pages\/1748\/revisions"}],"predecessor-version":[{"id":11244,"href":"https:\/\/fge.usthb.dz\/index.php\/wp-json\/wp\/v2\/pages\/1748\/revisions\/11244"}],"wp:attachment":[{"href":"https:\/\/fge.usthb.dz\/index.php\/wp-json\/wp\/v2\/media?parent=1748"}],"curies":[{"name":"wp","href":"https:\/\/api.w.org\/{rel}","templated":true}]}}