{"id":1746,"date":"2022-03-31T08:15:21","date_gmt":"2022-03-31T08:15:21","guid":{"rendered":"https:\/\/fge.usthb.dz\/?page_id=1746"},"modified":"2022-04-03T10:32:43","modified_gmt":"2022-04-03T10:32:43","slug":"conferences-ineligibles","status":"publish","type":"page","link":"https:\/\/fge.usthb.dz\/index.php\/conferences-ineligibles\/","title":{"rendered":"Conf\u00e9rences In\u00e9ligibles"},"content":{"rendered":"\n<ul class=\"wp-block-list\"><li>WSEAS<\/li><li>Enformatika<\/li><li>WASET<\/li><li>SETIT<\/li><li>ICEEDT<\/li><li>MEDISYS<\/li><li>TERRAGREEN<\/li><li>EMS (European Modeling and Simulation)<\/li><li>UKSIM<\/li><li>ICAIT<\/li><li>EEECEGC<\/li><li>CIMGLE<\/li><li>HKICEAS<\/li><li>ICEEE<\/li><li>Oxford Symposium on Religious Studies<\/li><li>Les conf\u00e9rences de la soci\u00e9t\u00e9 IACSIT (<a href=\"http:\/\/www.IACSIT.org\">www.IACSIT.org<\/a>)<\/li><\/ul>\n","protected":false},"excerpt":{"rendered":"<p>WSEAS Enformatika WASET SETIT ICEEDT MEDISYS TERRAGREEN EMS (European Modeling <span class=\"readmore\"><a href=\"https:\/\/fge.usthb.dz\/index.php\/conferences-ineligibles\/\">Suite<\/a><\/span><\/p>\n","protected":false},"author":2,"featured_media":0,"parent":0,"menu_order":0,"comment_status":"closed","ping_status":"closed","template":"","meta":{"footnotes":""},"class_list":["post-1746","page","type-page","status-publish","hentry"],"_links":{"self":[{"href":"https:\/\/fge.usthb.dz\/index.php\/wp-json\/wp\/v2\/pages\/1746","targetHints":{"allow":["GET"]}}],"collection":[{"href":"https:\/\/fge.usthb.dz\/index.php\/wp-json\/wp\/v2\/pages"}],"about":[{"href":"https:\/\/fge.usthb.dz\/index.php\/wp-json\/wp\/v2\/types\/page"}],"author":[{"embeddable":true,"href":"https:\/\/fge.usthb.dz\/index.php\/wp-json\/wp\/v2\/users\/2"}],"replies":[{"embeddable":true,"href":"https:\/\/fge.usthb.dz\/index.php\/wp-json\/wp\/v2\/comments?post=1746"}],"version-history":[{"count":2,"href":"https:\/\/fge.usthb.dz\/index.php\/wp-json\/wp\/v2\/pages\/1746\/revisions"}],"predecessor-version":[{"id":1837,"href":"https:\/\/fge.usthb.dz\/index.php\/wp-json\/wp\/v2\/pages\/1746\/revisions\/1837"}],"wp:attachment":[{"href":"https:\/\/fge.usthb.dz\/index.php\/wp-json\/wp\/v2\/media?parent=1746"}],"curies":[{"name":"wp","href":"https:\/\/api.w.org\/{rel}","templated":true}]}}