{"id":1742,"date":"2022-03-31T08:12:39","date_gmt":"2022-03-31T08:12:39","guid":{"rendered":"https:\/\/fge.usthb.dz\/?page_id=1742"},"modified":"2022-04-04T08:19:02","modified_gmt":"2022-04-04T08:19:02","slug":"conditions-dadmissibilite","status":"publish","type":"page","link":"https:\/\/fge.usthb.dz\/index.php\/conditions-dadmissibilite\/","title":{"rendered":"Conditions d&#8217;Admissibilit\u00e9"},"content":{"rendered":"\n<p>Conform\u00e9ment \u00e0\u00a0l&#8217;instruction N\u00b02 du 14 Juin 2017, la formation \u00e0\u00a0l&#8217;\u00e9tranger de courte dur\u00e9e est destin\u00e9e aux enseignant-chercheurs en position d&#8217;activit\u00e9 et comprend\u00a0:<\/p>\n\n\n\n<ul class=\"wp-block-list\"><li>Les stages de courte dur\u00e9e.<\/li><li>La participation \u00e0 des manifestations scientifiques.<\/li><\/ul>\n\n\n\n<p><strong>Stages de courte dur\u00e9e<\/strong><\/p>\n\n\n\n<p>&#8211; Les stages de courte dur\u00e9e peuvent \u00e8tre accord\u00e9s \u00e0&nbsp;concurrence des cr\u00e9dits budg\u00e9taires ouverts \u00e0&nbsp;ce titre au sein de l&#8217;\u00e9tablissement d&#8217;exercice apr\u00e8s avis du conseil scientifique, au profit des enseignants chercheurs et des Doctorants non salari\u00e9s justifiant&nbsp;:<\/p>\n\n\n\n<ul class=\"wp-block-list\"><li>D&#8217;une inscription en th\u00e8se de Doctorat.<\/li><li>D&#8217;un plan de travail vis\u00e9 par le directeur de th\u00e8se.<\/li><li>D&#8217;une lettre d&#8217;accueil dans une institution universitaire ou de recherche \u00e0&nbsp;l&#8217;\u00e9tranger.disposant de hautes capacit\u00e9s scientifiques et technologiques<\/li><\/ul>\n\n\n\n<p>&#8211; Les Professeurs et les Maitres de conf\u00e9rences classe A peuvent b\u00e9n\u00e9ficier d&#8217;un stage de courte dur\u00e9e d&#8217;une dur\u00e9e maximale de sept (07) jours par ann\u00e9e (selon le plan de formation) pour perfectionnement ou recyclage apr\u00e8s avis du conseil scientifique.<\/p>\n\n\n\n<p>&#8211; Les Maitres de conf\u00e9rences classe B, les Maitres assistants A et B peuvent b\u00e9n\u00e9ficier d&#8217;un stage de courte dur\u00e9e d&#8217;une dur\u00e9e maximale de trente (30) jours par ann\u00e9e (selon le plan de formation) pour perfectionnement ou recyclage apr\u00e8s avis du conseil scientifique.<\/p>\n\n\n\n<p>&#8211; Les Doctorants ( 98, LMD) non salari\u00e9s peuvent b\u00e9n\u00e9ficier d&#8217;un stage de courte dur\u00e9e d&#8217;une dur\u00e9e maximale de trente (30) jours par ann\u00e9e ( selon la programmation des laboratoires) pour perfectionnement ou recyclage apr\u00e8s avis du conseil scientifique.<\/p>\n\n\n\n<p><strong>Cong\u00e9s scientifiques<\/strong><\/p>\n\n\n\n<p>Les enseignant-chercheurs peuvent b\u00e9n\u00e9ficier d\u2019un cong\u00e9 scientifique par ann\u00e9e (selon le plan de formation), d&#8217;une dur\u00e9e n&#8217;exc\u00e9dant pas cinq (5) jours, au titre de la formation courte dur\u00e9e, pour participation aux s\u00e9minaires et congr\u00e8s scientifiques s&#8217;ils justifient d&#8217;une invitation \u00e0\u00a0communiquer dans le cadre d&#8217;un s\u00e9minaire ou d&#8217;un congr\u00e8s scientifique \u00c3\u00a0caract\u00e8re international et d\u2019un int\u00e9r\u00e9t scientifique av\u00e9r\u00e9.<\/p>\n\n\n\n<p><strong>Prise en charge<\/strong><\/p>\n\n\n\n<p>Les candidats aux cong\u00e9s scientifiques b\u00e9n\u00e9ficient de l&#8217;allocation dont le taux est fix\u00e9 par la r\u00e9glementation en vigueur.<br>L&#8217;\u00e9tablissement concern\u00e9 prend en charge les frais d&#8217;inscription des enseignant-chercheurs b\u00e9n\u00e9ficiaires d&#8217;un cong\u00e9 scientifique si le candidat n&#8217;est pas pris en charge par l&#8217;organisme \u00e9tranger d&#8217;accueil.<\/p>\n","protected":false},"excerpt":{"rendered":"<p>Conform\u00e9ment \u00e0\u00a0l&#8217;instruction N\u00b02 du 14 Juin 2017, la formation \u00e0\u00a0l&#8217;\u00e9tranger <span class=\"readmore\"><a href=\"https:\/\/fge.usthb.dz\/index.php\/conditions-dadmissibilite\/\">Suite<\/a><\/span><\/p>\n","protected":false},"author":2,"featured_media":0,"parent":0,"menu_order":0,"comment_status":"closed","ping_status":"closed","template":"","meta":{"footnotes":""},"class_list":["post-1742","page","type-page","status-publish","hentry"],"_links":{"self":[{"href":"https:\/\/fge.usthb.dz\/index.php\/wp-json\/wp\/v2\/pages\/1742","targetHints":{"allow":["GET"]}}],"collection":[{"href":"https:\/\/fge.usthb.dz\/index.php\/wp-json\/wp\/v2\/pages"}],"about":[{"href":"https:\/\/fge.usthb.dz\/index.php\/wp-json\/wp\/v2\/types\/page"}],"author":[{"embeddable":true,"href":"https:\/\/fge.usthb.dz\/index.php\/wp-json\/wp\/v2\/users\/2"}],"replies":[{"embeddable":true,"href":"https:\/\/fge.usthb.dz\/index.php\/wp-json\/wp\/v2\/comments?post=1742"}],"version-history":[{"count":7,"href":"https:\/\/fge.usthb.dz\/index.php\/wp-json\/wp\/v2\/pages\/1742\/revisions"}],"predecessor-version":[{"id":1854,"href":"https:\/\/fge.usthb.dz\/index.php\/wp-json\/wp\/v2\/pages\/1742\/revisions\/1854"}],"wp:attachment":[{"href":"https:\/\/fge.usthb.dz\/index.php\/wp-json\/wp\/v2\/media?parent=1742"}],"curies":[{"name":"wp","href":"https:\/\/api.w.org\/{rel}","templated":true}]}}