{"id":1740,"date":"2022-03-31T08:10:56","date_gmt":"2022-03-31T08:10:56","guid":{"rendered":"https:\/\/fge.usthb.dz\/?page_id=1740"},"modified":"2022-04-03T08:00:13","modified_gmt":"2022-04-03T08:00:13","slug":"critaires-pfd-2018","status":"publish","type":"page","link":"https:\/\/fge.usthb.dz\/index.php\/critaires-pfd-2018\/","title":{"rendered":"Critaires PFD 2018"},"content":{"rendered":"\n<p><strong>Crit\u00e8res PFD pour l\u2019ann\u00e9e 2018<\/strong><\/p>\n\n\n\n<p><img loading=\"lazy\" decoding=\"async\" width=\"8\" height=\"11\" src=\"https:\/\/fge.usthb.dz\/csfei\/local\/cache-vignettes\/L8xH11\/puce-32883.gif?1646833752\" alt=\"-\">\u00a0Lors de la session du CSF du <strong>14 Mars 2018<\/strong>, des crit\u00e8res pour le PFD 2018 ont \u00e9t\u00e9 arr\u00e9t\u00e9s par le CSF (<a href=\"https:\/\/fge.usthb.dz\/wp-content\/uploads\/2022\/04\/criterespfd2018.pdf\">T\u00e9l\u00e9charger PV de CSF du 14 Mars 2018<\/a>) \u00a0:<\/p>\n","protected":false},"excerpt":{"rendered":"<p>Crit\u00e8res PFD pour l\u2019ann\u00e9e 2018 \u00a0Lors de la session du <span class=\"readmore\"><a href=\"https:\/\/fge.usthb.dz\/index.php\/critaires-pfd-2018\/\">Suite<\/a><\/span><\/p>\n","protected":false},"author":2,"featured_media":0,"parent":0,"menu_order":0,"comment_status":"closed","ping_status":"closed","template":"","meta":{"footnotes":""},"class_list":["post-1740","page","type-page","status-publish","hentry"],"_links":{"self":[{"href":"https:\/\/fge.usthb.dz\/index.php\/wp-json\/wp\/v2\/pages\/1740","targetHints":{"allow":["GET"]}}],"collection":[{"href":"https:\/\/fge.usthb.dz\/index.php\/wp-json\/wp\/v2\/pages"}],"about":[{"href":"https:\/\/fge.usthb.dz\/index.php\/wp-json\/wp\/v2\/types\/page"}],"author":[{"embeddable":true,"href":"https:\/\/fge.usthb.dz\/index.php\/wp-json\/wp\/v2\/users\/2"}],"replies":[{"embeddable":true,"href":"https:\/\/fge.usthb.dz\/index.php\/wp-json\/wp\/v2\/comments?post=1740"}],"version-history":[{"count":3,"href":"https:\/\/fge.usthb.dz\/index.php\/wp-json\/wp\/v2\/pages\/1740\/revisions"}],"predecessor-version":[{"id":1817,"href":"https:\/\/fge.usthb.dz\/index.php\/wp-json\/wp\/v2\/pages\/1740\/revisions\/1817"}],"wp:attachment":[{"href":"https:\/\/fge.usthb.dz\/index.php\/wp-json\/wp\/v2\/media?parent=1740"}],"curies":[{"name":"wp","href":"https:\/\/api.w.org\/{rel}","templated":true}]}}