{"id":1370,"date":"2022-03-23T10:32:33","date_gmt":"2022-03-23T10:32:33","guid":{"rendered":"https:\/\/fge.usthb.dz\/?page_id=1370"},"modified":"2024-05-16T10:51:47","modified_gmt":"2024-05-16T10:51:47","slug":"presentation","status":"publish","type":"page","link":"https:\/\/fge.usthb.dz\/index.php\/presentation\/","title":{"rendered":"Pr\u00e9sentation"},"content":{"rendered":"\n<p class=\"has-text-color\" style=\"color:#61198e\">Mot du Doyen de la facult\u00e9 de G\u00e9nie \u00c9lectrique<\/p>\n\n\n\n<p>La Facult\u00e9 de G\u00e9nie \u00c9lectrique (FGE) est issue de la restructuration de l\u2019ex facult\u00e9 d\u2019\u00c9lectronique et d\u2019Informatique, scind\u00e9e en deux facult\u00e9s en vertu du d\u00e9cret ex\u00e9cutif n\u00b0 21-467 du 16 Rabie Ethani 1443 correspondant au <strong>21 novembre 2021<\/strong> modifiant et compl\u00e9tant le d\u00e9cret n\u00b0 84-210 du 18 ao\u00fbt 1984 relatif \u00e0 l\u2019organisation et au fonctionnement de l&#8217;universit\u00e9 des sciences et de la technologie Houari Boumedi\u00e8ne.<\/p>\n\n\n\n<p>La Facult\u00e9 de G\u00e9nie \u00c9lectrique assure des parcours de formation licence, master et doctorat dans 04 fili\u00e8res (T\u00e9l\u00e9communications, \u00c9lectronique, \u00c9lectrotechnique et Automatique) rattach\u00e9es \u00e0 04 d\u00e9partements&nbsp;:&nbsp;<\/p>\n\n\n\n<ul class=\"wp-block-list\">\n<li><a href=\"https:\/\/fge.usthb.dz\/dept_electro\/\">D\u00e9partement d&#8217;\u00c9lectronique<\/a><\/li>\n\n\n\n<li><a href=\"https:\/\/fge.usthb.dz\/dept_auto\/\">D\u00e9partement d&#8217;Automatique<\/a><\/li>\n\n\n\n<li><a href=\"https:\/\/fge.usthb.dz\/dept_electrotec\/\">D\u00e9partement d&#8217;\u00c9lectrotechnique<\/a><\/li>\n\n\n\n<li><a href=\"https:\/\/fge.usthb.dz\/dept_telecom\/\">D\u00e9partement de T\u00e9l\u00e9communication<\/a><\/li>\n<\/ul>\n\n\n\n<p>La Facult\u00e9 propose&nbsp;:<\/p>\n\n\n\n<ul class=\"wp-block-list\">\n<li>aux \u00e9tudiants L1_ST 04 formations de licence acad\u00e9mique r\u00e9parties sur les quatre fili\u00e8res du G\u00e9nie \u00c9lectrique.<\/li>\n\n\n\n<li>aux \u00e9tudiants Licenci\u00e9s dans les fili\u00e8res de G\u00e9nie \u00c9lectrique 12 formations Masers (03 professionnalisantes et 09 acad\u00e9miques) r\u00e9parties sur les quatre fili\u00e8res.<\/li>\n\n\n\n<li>aux \u00e9tudiants Masters 04 formations Doctorales dans les diff\u00e9rentes sp\u00e9cialit\u00e9s des 04 fili\u00e8res de G\u00e9nie \u00c9lectrique.<\/li>\n<\/ul>\n\n\n\n<p>La&nbsp;recherche&nbsp;\u00e0 la Facult\u00e9 de G\u00e9nie \u00c9lectrique s\u2019appuie sur 07 laboratoires de recherche (LINS, LTIR, LCPTS, LSEI, LRPE, LISIC, LCDEP) couvrant de larges th\u00e9matiques en : \u00c9lectronique, \u00c9lectrotechnique, \u00c9nergie renouvelable, Automatique et T\u00e9l\u00e9communications.<\/p>\n\n\n\n<p> La Facult\u00e9 de G\u00e9nie \u00c9lectrique est encadr\u00e9e par un staff administratif tr\u00e8s motiv\u00e9, un potentiel d\u2019Enseignants chercheurs tr\u00e8s comp\u00e9tents, une biblioth\u00e8que avec salle de lecture et un personnel ATS tr\u00e8s d\u00e9vou\u00e9.<\/p>\n\n\n\n<p>                                                                                      Dr. BOUDJIT KAMEL <\/p>\n\n\n\n<p><\/p>\n\n\n\n<p><\/p>\n\n\n\n<p><\/p>\n\n\n\n<p><\/p>\n\n\n\n<p><\/p>\n\n\n\n<p><\/p>\n\n\n\n<p><\/p>\n","protected":false},"excerpt":{"rendered":"<p>Mot du Doyen de la facult\u00e9 de G\u00e9nie \u00c9lectrique La <span class=\"readmore\"><a href=\"https:\/\/fge.usthb.dz\/index.php\/presentation\/\">Suite<\/a><\/span><\/p>\n","protected":false},"author":2,"featured_media":0,"parent":0,"menu_order":0,"comment_status":"closed","ping_status":"closed","template":"","meta":{"footnotes":""},"class_list":["post-1370","page","type-page","status-publish","hentry"],"_links":{"self":[{"href":"https:\/\/fge.usthb.dz\/index.php\/wp-json\/wp\/v2\/pages\/1370","targetHints":{"allow":["GET"]}}],"collection":[{"href":"https:\/\/fge.usthb.dz\/index.php\/wp-json\/wp\/v2\/pages"}],"about":[{"href":"https:\/\/fge.usthb.dz\/index.php\/wp-json\/wp\/v2\/types\/page"}],"author":[{"embeddable":true,"href":"https:\/\/fge.usthb.dz\/index.php\/wp-json\/wp\/v2\/users\/2"}],"replies":[{"embeddable":true,"href":"https:\/\/fge.usthb.dz\/index.php\/wp-json\/wp\/v2\/comments?post=1370"}],"version-history":[{"count":12,"href":"https:\/\/fge.usthb.dz\/index.php\/wp-json\/wp\/v2\/pages\/1370\/revisions"}],"predecessor-version":[{"id":9113,"href":"https:\/\/fge.usthb.dz\/index.php\/wp-json\/wp\/v2\/pages\/1370\/revisions\/9113"}],"wp:attachment":[{"href":"https:\/\/fge.usthb.dz\/index.php\/wp-json\/wp\/v2\/media?parent=1370"}],"curies":[{"name":"wp","href":"https:\/\/api.w.org\/{rel}","templated":true}]}}