{"id":1357,"date":"2022-03-22T12:08:23","date_gmt":"2022-03-22T12:08:23","guid":{"rendered":"https:\/\/fge.usthb.dz\/?page_id=1357"},"modified":"2025-10-06T13:21:00","modified_gmt":"2025-10-06T13:21:00","slug":"licence","status":"publish","type":"page","link":"https:\/\/fge.usthb.dz\/index.php\/licence\/","title":{"rendered":"Licence"},"content":{"rendered":"\n<p><strong>Licences<\/strong>&nbsp;: La facult\u00e9 re\u00e7oit des \u00e9tudiants ayant pass\u00e9 avec succ\u00e8s la premi\u00e8re ann\u00e9e des domaines math\u00e9matiques-informatique (MI) , et sciences et techniques (ST) et apr\u00e9s \u00e9tude de fiches de voeux sur la base des places disponibles.<\/p>\n\n\n\n<ul class=\"wp-block-list\">\n<li><a href=\"https:\/\/fge.usthb.dz\/wp-content\/uploads\/2025\/09\/A3-Licence-Electronique_MAJ-2025.pdf\">Licence \u00c9lectronique<\/a><\/li>\n\n\n\n<li><a href=\"https:\/\/fge.usthb.dz\/wp-content\/uploads\/2025\/10\/AUTO-Licence-Automatique-MAJ-2025-1.pdf\">Licence Automatique<\/a><\/li>\n\n\n\n<li><a href=\"https:\/\/fge.usthb.dz\/wp-content\/uploads\/2025\/10\/A4-Licence-Electrotechnique_MAJ-2025.pdf\">Licence \u00c9lectrotechnique<\/a><\/li>\n\n\n\n<li><a href=\"https:\/\/fge.usthb.dz\/wp-content\/uploads\/2023\/01\/Licence_Telecom.pdf\">Licence T\u00e9l\u00e9communication<\/a><\/li>\n<\/ul>\n","protected":false},"excerpt":{"rendered":"<p>Licences&nbsp;: La facult\u00e9 re\u00e7oit des \u00e9tudiants ayant pass\u00e9 avec succ\u00e8s <span class=\"readmore\"><a href=\"https:\/\/fge.usthb.dz\/index.php\/licence\/\">Suite<\/a><\/span><\/p>\n","protected":false},"author":2,"featured_media":0,"parent":0,"menu_order":0,"comment_status":"closed","ping_status":"closed","template":"","meta":{"footnotes":""},"class_list":["post-1357","page","type-page","status-publish","hentry"],"_links":{"self":[{"href":"https:\/\/fge.usthb.dz\/index.php\/wp-json\/wp\/v2\/pages\/1357","targetHints":{"allow":["GET"]}}],"collection":[{"href":"https:\/\/fge.usthb.dz\/index.php\/wp-json\/wp\/v2\/pages"}],"about":[{"href":"https:\/\/fge.usthb.dz\/index.php\/wp-json\/wp\/v2\/types\/page"}],"author":[{"embeddable":true,"href":"https:\/\/fge.usthb.dz\/index.php\/wp-json\/wp\/v2\/users\/2"}],"replies":[{"embeddable":true,"href":"https:\/\/fge.usthb.dz\/index.php\/wp-json\/wp\/v2\/comments?post=1357"}],"version-history":[{"count":17,"href":"https:\/\/fge.usthb.dz\/index.php\/wp-json\/wp\/v2\/pages\/1357\/revisions"}],"predecessor-version":[{"id":11748,"href":"https:\/\/fge.usthb.dz\/index.php\/wp-json\/wp\/v2\/pages\/1357\/revisions\/11748"}],"wp:attachment":[{"href":"https:\/\/fge.usthb.dz\/index.php\/wp-json\/wp\/v2\/media?parent=1357"}],"curies":[{"name":"wp","href":"https:\/\/api.w.org\/{rel}","templated":true}]}}