{"id":1309,"date":"2022-03-20T09:12:15","date_gmt":"2022-03-20T09:12:15","guid":{"rendered":"https:\/\/fge.usthb.dz\/?page_id=1309"},"modified":"2026-02-10T13:07:33","modified_gmt":"2026-02-10T13:07:33","slug":"inscription","status":"publish","type":"page","link":"https:\/\/fge.usthb.dz\/index.php\/inscription\/","title":{"rendered":"Inscription"},"content":{"rendered":"\n<p><strong>Dossier  de 1\u00e8re inscription<\/strong><\/p>\n\n\n\n<ul class=\"wp-block-list\">\n<li>Une demande d&#8217;inscription en Doctorat <a href=\"https:\/\/fge.usthb.dz\/wp-content\/uploads\/2023\/02\/demandeinscriptiondoctoratfeiusthb3.doc\">(T\u00e9l\u00e9charger) <\/a> <\/li>\n\n\n\n<li>Un CV d\u00e9taill\u00e9 retra\u00e7ant le parcours du candidat ***<\/li>\n\n\n\n<li>Une autorisation d&#8217;inscription en post-graduation <a href=\"https:\/\/fge.usthb.dz\/wp-content\/uploads\/2023\/02\/Autorisation_Inscription-1.doc\">(T\u00e9l\u00e9charger)  <\/a><\/li>\n\n\n\n<li>Une demande d&#8217;inscription pour les candidats hors USTHB <a href=\"https:\/\/fge.usthb.dz\/wp-content\/uploads\/2023\/02\/Demande_Inscription_Hors_USTHB-1.doc\">(T\u00e9l\u00e9charger)  <\/a><\/li>\n\n\n\n<li>Fiche d&#8217;identification du sujet <a href=\"https:\/\/fge.usthb.dz\/wp-content\/uploads\/2022\/04\/Identification_Sujet-1.doc\">(T\u00e9l\u00e9charger)<\/a> <\/li>\n\n\n\n<li>Un extrait du P.V. du conseil Scientifique ayant statu\u00e9 la premi\u00e8re inscription du candidat.<\/li>\n\n\n\n<li>Une attestation d&#8217;\u00e9quivalences pour les diplomes obtenus \u00e0\u00a0l&#8217;\u00e9tranger<\/li>\n\n\n\n<li>Les photocopies certifi\u00e9es des diplomes (y compris le Baccalaur\u00e9at)<\/li>\n\n\n\n<li>Une fiche de synth\u00e8se de suivi p\u00e9dagogique (pour les \u00e9tudiants inscrits pour la 1\u00e8re fois en 1\u00e8re post-graduation)<a href=\"https:\/\/fge.usthb.dz\/wp-content\/uploads\/2022\/04\/Fiche_Synthese_PG-1.doc\"> (T\u00e9l\u00e9charger)<\/a><\/li>\n\n\n\n<li>Une d\u00e9claration sur l&#8217;honneur pour les \u00e9tudiants n&#8217;exer\u00e7ant aucune activit\u00e9 r\u00e9mun\u00e9r\u00e9e <a href=\"https:\/\/fge.usthb.dz\/wp-content\/uploads\/2022\/04\/Identification_Sujet-1.doc\">(T\u00e9l\u00e9charger)<\/a><\/li>\n\n\n\n<li>Un extrait de naissance.<\/li>\n\n\n\n<li>Un certificat de nationalit\u00e9 pour les \u00e8tudiants n\u00e9s \u00e0\u00a0l&#8217;\u00e9tranger.<\/li>\n\n\n\n<li>Deux photographies d&#8217;identit\u00e9.<\/li>\n\n\n\n<li>Une attestation de fonction pour l&#8217;ann\u00e9e universitaire en cour. <\/li>\n\n\n\n<li>Une enveloppe timbr\u00e9e libell\u00e9e \u00e0\u00a0l&#8217;adresse du candidat. <\/li>\n\n\n\n<li>R\u00e9c\u00e9piss\u00e9 portant paiement des droits d&#8217;inscription 200.00 DA (pour les candidats hors USTHB, et pour ceux qui n&#8217;exercent pas une activit\u00e9 r\u00e9mun\u00e9r\u00e9e). <\/li>\n\n\n\n<li>Pour l&#8217;inscription en th\u00e8se de Doctorat, joindre deux (02) lettres de recommandation et relev\u00e9s des notes du cursus universitaire (Ing\u00e9niorat et Magister) pour les candidats hors USTHB titulaires d&#8217;un Magister.<\/li>\n<\/ul>\n\n\n\n<p>NB: LES DOSSIERS SERONT TRAITES AU MOMENT M\u00c8ME DU D\u00c9POT ET TOUT DOSSIER INCOMPLET OU NON CONFORME SERA REJETE<\/p>\n\n\n\n<p>A REMPLIR AVEC LE PLUS GRAND SOIN ET DE FA\u00c7ON LISIBLE<\/p>\n","protected":false},"excerpt":{"rendered":"<p>Dossier de 1\u00e8re inscription NB: LES DOSSIERS SERONT TRAITES AU <span class=\"readmore\"><a href=\"https:\/\/fge.usthb.dz\/index.php\/inscription\/\">Suite<\/a><\/span><\/p>\n","protected":false},"author":2,"featured_media":0,"parent":0,"menu_order":0,"comment_status":"closed","ping_status":"closed","template":"","meta":{"footnotes":""},"class_list":["post-1309","page","type-page","status-publish","hentry"],"_links":{"self":[{"href":"https:\/\/fge.usthb.dz\/index.php\/wp-json\/wp\/v2\/pages\/1309","targetHints":{"allow":["GET"]}}],"collection":[{"href":"https:\/\/fge.usthb.dz\/index.php\/wp-json\/wp\/v2\/pages"}],"about":[{"href":"https:\/\/fge.usthb.dz\/index.php\/wp-json\/wp\/v2\/types\/page"}],"author":[{"embeddable":true,"href":"https:\/\/fge.usthb.dz\/index.php\/wp-json\/wp\/v2\/users\/2"}],"replies":[{"embeddable":true,"href":"https:\/\/fge.usthb.dz\/index.php\/wp-json\/wp\/v2\/comments?post=1309"}],"version-history":[{"count":25,"href":"https:\/\/fge.usthb.dz\/index.php\/wp-json\/wp\/v2\/pages\/1309\/revisions"}],"predecessor-version":[{"id":12328,"href":"https:\/\/fge.usthb.dz\/index.php\/wp-json\/wp\/v2\/pages\/1309\/revisions\/12328"}],"wp:attachment":[{"href":"https:\/\/fge.usthb.dz\/index.php\/wp-json\/wp\/v2\/media?parent=1309"}],"curies":[{"name":"wp","href":"https:\/\/api.w.org\/{rel}","templated":true}]}}