{"id":12238,"date":"2026-01-22T12:51:41","date_gmt":"2026-01-22T12:51:41","guid":{"rendered":"https:\/\/fge.usthb.dz\/?page_id=12238"},"modified":"2026-01-22T13:00:06","modified_gmt":"2026-01-22T13:00:06","slug":"concours-de-doctorat","status":"publish","type":"page","link":"https:\/\/fge.usthb.dz\/index.php\/concours-de-doctorat\/","title":{"rendered":"Concours de doctorat"},"content":{"rendered":"\n<p><strong>Avis aux candidats \u2013 Planning du concours de doctorat 3\u00e8me cycle 2025\/2026<\/strong><\/p>\n\n\n\n<p>Nous portons \u00e0 la connaissance de l\u2019ensemble des candidats inscrits au concours de doctorat de troisi\u00e8me cycle pour l\u2019ann\u00e9e universitaire 2025\/2026 que le d\u00e9roulement des \u00e9preuves aura lieu <strong>selon le calendrier indiqu\u00e9 ci-apr\u00e8s<\/strong>, en tenant compte de la fili\u00e8re et de la sp\u00e9cialit\u00e9 choisies. Il est demand\u00e9 aux candidats de consulter avec attention les dates, les horaires ainsi que les lieux qui les concernent et de s\u2019y conformer rigoureusement. La pr\u00e9sence aux \u00e9preuves dans les d\u00e9lais impartis, accompagn\u00e9e des documents exig\u00e9s, est obligatoire. Les candidats sont \u00e9galement invit\u00e9s \u00e0 rester attentifs \u00e0 toute information ou modification diffus\u00e9e par les canaux officiels.<\/p>\n\n\n\n<p><a href=\"https:\/\/fge.usthb.dz\/wp-content\/uploads\/2026\/01\/Concours-dacces-a-la-formation-de-troisieme-cycle-25_26.pdf\">Concours d\u2019acc\u00e8s \u00e0 la formation de troisi\u00e8me cycle 25_26<\/a><\/p>\n","protected":false},"excerpt":{"rendered":"<p>Avis aux candidats \u2013 Planning du concours de doctorat 3\u00e8me <span class=\"readmore\"><a href=\"https:\/\/fge.usthb.dz\/index.php\/concours-de-doctorat\/\">Suite<\/a><\/span><\/p>\n","protected":false},"author":2,"featured_media":12244,"parent":0,"menu_order":0,"comment_status":"closed","ping_status":"closed","template":"","meta":{"footnotes":""},"class_list":["post-12238","page","type-page","status-publish","has-post-thumbnail","hentry"],"_links":{"self":[{"href":"https:\/\/fge.usthb.dz\/index.php\/wp-json\/wp\/v2\/pages\/12238","targetHints":{"allow":["GET"]}}],"collection":[{"href":"https:\/\/fge.usthb.dz\/index.php\/wp-json\/wp\/v2\/pages"}],"about":[{"href":"https:\/\/fge.usthb.dz\/index.php\/wp-json\/wp\/v2\/types\/page"}],"author":[{"embeddable":true,"href":"https:\/\/fge.usthb.dz\/index.php\/wp-json\/wp\/v2\/users\/2"}],"replies":[{"embeddable":true,"href":"https:\/\/fge.usthb.dz\/index.php\/wp-json\/wp\/v2\/comments?post=12238"}],"version-history":[{"count":2,"href":"https:\/\/fge.usthb.dz\/index.php\/wp-json\/wp\/v2\/pages\/12238\/revisions"}],"predecessor-version":[{"id":12243,"href":"https:\/\/fge.usthb.dz\/index.php\/wp-json\/wp\/v2\/pages\/12238\/revisions\/12243"}],"wp:featuredmedia":[{"embeddable":true,"href":"https:\/\/fge.usthb.dz\/index.php\/wp-json\/wp\/v2\/media\/12244"}],"wp:attachment":[{"href":"https:\/\/fge.usthb.dz\/index.php\/wp-json\/wp\/v2\/media?parent=12238"}],"curies":[{"name":"wp","href":"https:\/\/api.w.org\/{rel}","templated":true}]}}