{"id":11719,"date":"2025-10-06T08:51:02","date_gmt":"2025-10-06T08:51:02","guid":{"rendered":"https:\/\/fge.usthb.dz\/?page_id=11719"},"modified":"2025-10-12T13:13:46","modified_gmt":"2025-10-12T13:13:46","slug":"emplois-du-temps-de-2eme-annee-ing-groupe-de-filiere-a","status":"publish","type":"page","link":"https:\/\/fge.usthb.dz\/index.php\/emplois-du-temps-de-2eme-annee-ing-groupe-de-filiere-a\/","title":{"rendered":"Emplois du temps de 2\u00e8me ann\u00e9e ING groupe de fili\u00e8re A"},"content":{"rendered":"\n<p><a href=\"https:\/\/fge.usthb.dz\/wp-content\/uploads\/2025\/10\/2-ING-M-A-J-scaled.jpg\">Emplois du temps de 2\u00e8me ann\u00e9e ING groupe de fili\u00e8re A Section A<\/a><\/p>\n\n\n\n<p><a href=\"https:\/\/fge.usthb.dz\/wp-content\/uploads\/2025\/10\/ING-2-B-scaled.jpg\">Emplois du temps de 2\u00e8me ann\u00e9e ING groupe de fili\u00e8re A section B<\/a><\/p>\n\n\n\n<p><\/p>\n","protected":false},"excerpt":{"rendered":"<p>Emplois du temps de 2\u00e8me ann\u00e9e ING groupe de fili\u00e8re <span class=\"readmore\"><a href=\"https:\/\/fge.usthb.dz\/index.php\/emplois-du-temps-de-2eme-annee-ing-groupe-de-filiere-a\/\">Suite<\/a><\/span><\/p>\n","protected":false},"author":2,"featured_media":11728,"parent":0,"menu_order":0,"comment_status":"closed","ping_status":"closed","template":"","meta":{"footnotes":""},"class_list":["post-11719","page","type-page","status-publish","has-post-thumbnail","hentry"],"_links":{"self":[{"href":"https:\/\/fge.usthb.dz\/index.php\/wp-json\/wp\/v2\/pages\/11719","targetHints":{"allow":["GET"]}}],"collection":[{"href":"https:\/\/fge.usthb.dz\/index.php\/wp-json\/wp\/v2\/pages"}],"about":[{"href":"https:\/\/fge.usthb.dz\/index.php\/wp-json\/wp\/v2\/types\/page"}],"author":[{"embeddable":true,"href":"https:\/\/fge.usthb.dz\/index.php\/wp-json\/wp\/v2\/users\/2"}],"replies":[{"embeddable":true,"href":"https:\/\/fge.usthb.dz\/index.php\/wp-json\/wp\/v2\/comments?post=11719"}],"version-history":[{"count":9,"href":"https:\/\/fge.usthb.dz\/index.php\/wp-json\/wp\/v2\/pages\/11719\/revisions"}],"predecessor-version":[{"id":11778,"href":"https:\/\/fge.usthb.dz\/index.php\/wp-json\/wp\/v2\/pages\/11719\/revisions\/11778"}],"wp:featuredmedia":[{"embeddable":true,"href":"https:\/\/fge.usthb.dz\/index.php\/wp-json\/wp\/v2\/media\/11728"}],"wp:attachment":[{"href":"https:\/\/fge.usthb.dz\/index.php\/wp-json\/wp\/v2\/media?parent=11719"}],"curies":[{"name":"wp","href":"https:\/\/api.w.org\/{rel}","templated":true}]}}