{"id":11465,"date":"2025-09-11T07:58:08","date_gmt":"2025-09-11T07:58:08","guid":{"rendered":"https:\/\/fge.usthb.dz\/?page_id=11465"},"modified":"2025-09-14T08:48:58","modified_gmt":"2025-09-14T08:48:58","slug":"ingenieur","status":"publish","type":"page","link":"https:\/\/fge.usthb.dz\/index.php\/ingenieur\/","title":{"rendered":"Ing\u00e9niorat"},"content":{"rendered":"\n<h2 class=\"wp-block-heading\">La Formation Ing\u00e9nieur en G\u00e9nie \u00c9lectrique (Nouveau Syst\u00e8me)<\/h2>\n\n\n\n<p>Pour l\u2019ann\u00e9e 2023 2024, la facult\u00e9 de g\u00e9nie \u00e9lectrique a initi\u00e9 la formation des ing\u00e9nieurs par l\u2019insertion du parcours ing\u00e9nieur d\u2019\u00e9tat dans la fili\u00e8re g\u00e9nie \u00e9lectrique. Pour l\u2019ann\u00e9e 2024 2025, elle a continu\u00e9 ce parcours en int\u00e9grant la formation en troisi\u00e8me ann\u00e9e ing\u00e9nieur en technologies avanc\u00e9es en t\u00e9l\u00e9communication et en g\u00e9nie \u00e9lectronique industrielle. Pour l\u2019ann\u00e9e 2025\/2026 trois autres formations ont \u00e9t\u00e9 introduite \u00e0 la facult\u00e9, il s\u2019agit de\u00a0: Robotique et syst\u00e8me intelligents, syst\u00e8mes \u00e9lectriques industriels et \u00e9lectricit\u00e9 industrielle. La derni\u00e8re formation est r\u00e9serv\u00e9e pour les \u00e9tudiants qui ont un bac technique math\u00e9matique en g\u00e9nie \u00e9lectrique.<\/p>\n\n\n\n<p><a href=\"https:\/\/fge.usthb.dz\/wp-content\/uploads\/2025\/09\/genie-Electronique-industrielle-MIJ-2025-Cr.pdf\">G\u00e9nie \u00e9lectronique industrielle<\/a><\/p>\n\n\n\n<p><em><a href=\"https:\/\/fge.usthb.dz\/wp-content\/uploads\/2025\/09\/Robotique-et-systemes-intelligents-MAJ-2025.pdf\">Robotique et syst\u00e8mes Intelligents<\/a><\/em><\/p>\n\n\n\n<p><em><a href=\"https:\/\/fge.usthb.dz\/wp-content\/uploads\/2025\/09\/Systemes-electriques-industriels_MAJ_Mai_25.pdf\">Syst\u00e8mes Electriques Industriels<\/a><\/em><\/p>\n\n\n\n<p><em><a href=\"https:\/\/fge.usthb.dz\/wp-content\/uploads\/2025\/09\/Electricite-_Industrielle_MAJ_2025.pdf\">Electricit\u00e9 Industrielle<\/a><\/em><\/p>\n\n\n\n<p><em><a href=\"https:\/\/fge.usthb.dz\/wp-content\/uploads\/2025\/09\/Advanced-Technologies-in-telecommunications_MAJ_Mai_25.pdf\">Technologies Avanc\u00e9es en Telecommunications<\/a><\/em><\/p>\n\n\n\n<p><\/p>\n\n\n\n<p><\/p>\n","protected":false},"excerpt":{"rendered":"<p>La Formation Ing\u00e9nieur en G\u00e9nie \u00c9lectrique (Nouveau Syst\u00e8me) Pour l\u2019ann\u00e9e <span class=\"readmore\"><a href=\"https:\/\/fge.usthb.dz\/index.php\/ingenieur\/\">Suite<\/a><\/span><\/p>\n","protected":false},"author":2,"featured_media":0,"parent":0,"menu_order":0,"comment_status":"closed","ping_status":"closed","template":"","meta":{"footnotes":""},"class_list":["post-11465","page","type-page","status-publish","hentry"],"_links":{"self":[{"href":"https:\/\/fge.usthb.dz\/index.php\/wp-json\/wp\/v2\/pages\/11465","targetHints":{"allow":["GET"]}}],"collection":[{"href":"https:\/\/fge.usthb.dz\/index.php\/wp-json\/wp\/v2\/pages"}],"about":[{"href":"https:\/\/fge.usthb.dz\/index.php\/wp-json\/wp\/v2\/types\/page"}],"author":[{"embeddable":true,"href":"https:\/\/fge.usthb.dz\/index.php\/wp-json\/wp\/v2\/users\/2"}],"replies":[{"embeddable":true,"href":"https:\/\/fge.usthb.dz\/index.php\/wp-json\/wp\/v2\/comments?post=11465"}],"version-history":[{"count":17,"href":"https:\/\/fge.usthb.dz\/index.php\/wp-json\/wp\/v2\/pages\/11465\/revisions"}],"predecessor-version":[{"id":11497,"href":"https:\/\/fge.usthb.dz\/index.php\/wp-json\/wp\/v2\/pages\/11465\/revisions\/11497"}],"wp:attachment":[{"href":"https:\/\/fge.usthb.dz\/index.php\/wp-json\/wp\/v2\/media?parent=11465"}],"curies":[{"name":"wp","href":"https:\/\/api.w.org\/{rel}","templated":true}]}}