{"id":1132,"date":"2022-03-15T08:29:51","date_gmt":"2022-03-15T08:29:51","guid":{"rendered":"https:\/\/fge.usthb.dz\/?page_id=1132"},"modified":"2025-10-17T21:02:19","modified_gmt":"2025-10-17T21:02:19","slug":"documents-administratifs","status":"publish","type":"page","link":"https:\/\/fge.usthb.dz\/index.php\/documents-administratifs\/","title":{"rendered":"Notes aux \u00e9tudiants"},"content":{"rendered":"\n<p><a href=\"https:\/\/fge.usthb.dz\/wp-content\/uploads\/2025\/10\/Liste-etudiants-nouveau-Master.pdf\">Liste finale des candidats s\u00e9lectionn\u00e9s<\/a><\/p>\n\n\n\n<p><a href=\"https:\/\/fge.usthb.dz\/index.php\/annexe\/\">Annexe descriptive<\/a><\/p>\n\n\n\n<p><a href=\"https:\/\/fge.usthb.dz\/index.php\/orientation-2025-2026\/\">R\u00e9sultats d\u2019orientation des \u00e9tudiants L3 en master 2025<\/a><\/p>\n\n\n\n<p><a href=\"https:\/\/fge.usthb.dz\/index.php\/fiche-de-voeux\/\">Fiche de v\u0153ux<\/a><\/p>\n\n\n\n<p><a href=\"https:\/\/docs.google.com\/forms\/d\/1H4B8Nrq-0R3vSIMkW-ENtHj1qIV5ly9vtrpOMCwc0lk\/edit\">Demande de r\u00e9int\u00e9gration<\/a><\/p>\n\n\n\n<p class=\"has-text-color\" style=\"color:#b91717\">Documents Administratifs pour \u00c9tudiant<\/p>\n\n\n\n<p><a href=\"https:\/\/fge.usthb.dz\/index.php\/documents-administratifs-2\/\">Fourmulaires administratifs<\/a><\/p>\n\n\n\n<p><a href=\"https:\/\/fge.usthb.dz\/wp-content\/uploads\/2023\/01\/Ministere-de-l.pdf\">Authentification<\/a><\/p>\n\n\n\n<p><a href=\"https:\/\/fge.usthb.dz\/index.php\/fiches-technique\/\">Fiches technique<\/a><\/p>\n\n\n\n<p><a href=\"https:\/\/progres.mesrs.dz\/webfve\/\">Acc\u00e8s \u00e0 la plate forme progres(compte progres)<\/a><\/p>\n\n\n\n<p><a href=\"https:\/\/ent.usthb.dz\/index.php\/accueil\/\">Espace Num\u00e9rique de Travail (ENT)<\/a><\/p>\n\n\n\n<p class=\"has-text-color\" style=\"color:#b91717\"><\/p>\n\n\n\n<p><\/p>\n\n\n\n<p><a href=\"https:\/\/fge.usthb.dz\/wp-admin\/post.php?post=138&amp;action=edit\"><\/a><\/p>\n","protected":false},"excerpt":{"rendered":"<p>Liste finale des candidats s\u00e9lectionn\u00e9s Annexe descriptive R\u00e9sultats d\u2019orientation des <span class=\"readmore\"><a href=\"https:\/\/fge.usthb.dz\/index.php\/documents-administratifs\/\">Suite<\/a><\/span><\/p>\n","protected":false},"author":2,"featured_media":11352,"parent":0,"menu_order":0,"comment_status":"closed","ping_status":"closed","template":"","meta":{"footnotes":""},"class_list":["post-1132","page","type-page","status-publish","has-post-thumbnail","hentry"],"_links":{"self":[{"href":"https:\/\/fge.usthb.dz\/index.php\/wp-json\/wp\/v2\/pages\/1132","targetHints":{"allow":["GET"]}}],"collection":[{"href":"https:\/\/fge.usthb.dz\/index.php\/wp-json\/wp\/v2\/pages"}],"about":[{"href":"https:\/\/fge.usthb.dz\/index.php\/wp-json\/wp\/v2\/types\/page"}],"author":[{"embeddable":true,"href":"https:\/\/fge.usthb.dz\/index.php\/wp-json\/wp\/v2\/users\/2"}],"replies":[{"embeddable":true,"href":"https:\/\/fge.usthb.dz\/index.php\/wp-json\/wp\/v2\/comments?post=1132"}],"version-history":[{"count":227,"href":"https:\/\/fge.usthb.dz\/index.php\/wp-json\/wp\/v2\/pages\/1132\/revisions"}],"predecessor-version":[{"id":11831,"href":"https:\/\/fge.usthb.dz\/index.php\/wp-json\/wp\/v2\/pages\/1132\/revisions\/11831"}],"wp:featuredmedia":[{"embeddable":true,"href":"https:\/\/fge.usthb.dz\/index.php\/wp-json\/wp\/v2\/media\/11352"}],"wp:attachment":[{"href":"https:\/\/fge.usthb.dz\/index.php\/wp-json\/wp\/v2\/media?parent=1132"}],"curies":[{"name":"wp","href":"https:\/\/api.w.org\/{rel}","templated":true}]}}