{"id":11159,"date":"2025-04-22T13:39:29","date_gmt":"2025-04-22T13:39:29","guid":{"rendered":"https:\/\/fge.usthb.dz\/?page_id=11159"},"modified":"2025-12-25T16:06:34","modified_gmt":"2025-12-25T16:06:34","slug":"consultations-2025","status":"publish","type":"page","link":"https:\/\/fge.usthb.dz\/index.php\/consultations-2025\/","title":{"rendered":"Consultations 2025"},"content":{"rendered":"\n<p>Consultation (N\u00b0023\/FGE\/SG\/2025) relative aux prestations de gardiennage de la facult\u00e9<\/p>\n\n\n\n<p><a href=\"https:\/\/fge.usthb.dz\/wp-content\/uploads\/2025\/12\/CamScanner-23-12-2025-13.48.pdf\">Consultation (N\u00b0023\/FGE\/SG\/2025)<\/a><\/p>\n\n\n\n<p>Consultation (N\u00b0021\/FGE\/SG\/2025) relative \u00e0 l\u2019acquisition du mat\u00e9riels et consommables des laboratoires et ateliers d&#8217;enseignement<\/p>\n\n\n\n<p><a href=\"https:\/\/fge.usthb.dz\/wp-content\/uploads\/2025\/12\/consultation21.pdf\">Consultation (N\u00b0021\/FGE\/SG\/2025)<\/a><\/p>\n\n\n\n<p>Consultation (N\u00b0020\/FGE\/SG\/2025) reIative aux travaux de nettoyage du couloir et les sanitaires de la facult\u00e9<\/p>\n\n\n\n<p><a href=\"https:\/\/fge.usthb.dz\/wp-content\/uploads\/2025\/11\/consultation20.pdf\">Consultation (N\u00b0020\/FGE\/SG\/2025)<\/a><\/p>\n\n\n\n<p>Consultation (N\u00b0019\/FGE\/SG\/2025) reIative \u00e0 l\u2019acquisition de mobilier et mat\u00e9riels et outils et \u00e9quipements scientifiques pour les laboratoires de recherche par lot<\/p>\n\n\n\n<p><a href=\"https:\/\/fge.usthb.dz\/wp-content\/uploads\/2025\/11\/consultation19.pdf\">Consultation (N\u00b0019\/FGE\/SG\/2025)<\/a><\/p>\n\n\n\n<p>Consultation (N\u00b0018\/FGE\/SG\/2025) reIative \u00e0 l\u2019acquisition des  fournitures et prestations de service li\u00e9es aux projets startup <\/p>\n\n\n\n<p><a href=\"https:\/\/fge.usthb.dz\/wp-content\/uploads\/2025\/11\/consultation18.pdf\">Consultation (N\u00b0018\/FGE\/SG\/2025)<\/a><\/p>\n\n\n\n<p><\/p>\n\n\n\n<p>Consultation (N\u00b0016\/FGE\/SG\/2025) relative \u00e0 l\u2019acquisition des composants et consommables aux profits des \u00e9tudiants porteur projets startup <\/p>\n\n\n\n<p><a href=\"https:\/\/fge.usthb.dz\/wp-content\/uploads\/2025\/10\/consultation16.pdf\">Consultation (N\u00b0016\/FGE\/SG\/2025)<\/a><\/p>\n\n\n\n<p>Consultation (N\u00b0015\/FGE\/SG\/2025) relative \u00e0 l\u2019acquisition du mobilier et mat\u00e9riel et outils et \u00e9quipements scientifiques pour les laboratoires de recherche par lot<\/p>\n\n\n\n<p><a href=\"https:\/\/fge.usthb.dz\/wp-content\/uploads\/2025\/10\/consultation15.pdf\">Consultation (N\u00b0015\/FGE\/SG\/2025)<\/a><\/p>\n\n\n\n<p>Consultation (N\u00b0008\/FGE\/SG\/2025) reIative \u00e0 l\u2019acquisition papeterie et fourniture de bureau et d\u2019enseignement par lot<\/p>\n\n\n\n<p><a href=\"https:\/\/lcdep.usthb.dz\/wp-content\/uploads\/2025\/06\/consultation-n%C2%B008.pdf\">Consultation (N\u00b0008\/FGE\/SG\/2025)<\/a><\/p>\n\n\n\n<p>Consultation (N\u00b0007\/FGE\/SG\/2025) reIative \u00e0 l\u2019acquisition des fournitures y compris les composants \u00e9lectroniques et m\u00e9caniques audiovisuels et accessoires et besoins des laboratoires, composants et fournitures li\u00e9es \u00e0 la post graduation par lot<\/p>\n\n\n\n<p><a href=\"https:\/\/lcdep.usthb.dz\/wp-content\/uploads\/2025\/06\/CONSULTATION-N07.pdf\">Consultation (N\u00b0007\/FGE\/SG\/2025)<\/a><\/p>\n\n\n\n<p>Consultation (N\u00b0006\/FGE\/SG\/2025) reIative \u00e0 l\u2019acquisition et mise en marche des cameras de surveillance<\/p>\n\n\n\n<p><a href=\"https:\/\/lcdep.usthb.dz\/wp-content\/uploads\/2025\/06\/consultation-n%C2%B006.pdf\">Consultation (N\u00b0006\/FGE\/SG\/2025)<\/a><\/p>\n\n\n\n<p>Consultation (N\u00b0005\/FGE\/2025) reIative \u00e0 l\u2019acquisition des d\u00e9tergents<\/p>\n\n\n\n<p><a href=\"https:\/\/lcdep.usthb.dz\/wp-content\/uploads\/2025\/06\/consultation-N%C2%B005.pdf\">Consultation (N\u00b0005\/FGE\/2025)<\/a><\/p>\n\n\n\n<p><a href=\"https:\/\/lcdep.usthb.dz\/wp-content\/uploads\/2025\/06\/avis-dinfructuosite.pdf\">Avis d\u2019infructuosit\u00e9 des lots N\u00b0 03, N\u00b005, N\u00b006 de la consultation N\u00b004\/FGE\/SG\/2025<\/a><\/p>\n\n\n\n<p>Consultation (N\u00b0003\/FGE\/2025) reIative aux divers travaux \u00e0 effectuer par lot<\/p>\n\n\n\n<p><a href=\"https:\/\/lcdep.usthb.dz\/wp-content\/uploads\/2025\/06\/consultation-N%C2%B003.pdf\">Consultation (N\u00b0003\/FGE\/2025)&nbsp;<\/a><\/p>\n\n\n\n<p>Consultation (N\u00b0002\/FGE\/2025) reIative \u00e0 la fourniture des billets promotionnels vers l\u2019international et national au profit de la Facult\u00e9 de G\u00e9nie \u00c9lectrique.<\/p>\n\n\n\n<p><a href=\"https:\/\/fge.usthb.dz\/wp-content\/uploads\/2025\/04\/consultation-N%C2%B02-relative-a-la-fourniture-des-billets.pdf\">Consultation (N\u00b0002\/FGE\/2025)<\/a><\/p>\n\n\n\n<p>Consultation (N\u00b0001\/FGE\/2025) reIative \u00e0 la Restauration au profit de la Facult\u00e9 de G\u00e9nie \u00c9lectrique.<\/p>\n\n\n\n<p><a href=\"https:\/\/fge.usthb.dz\/wp-content\/uploads\/2025\/04\/consultation-N%C2%B01relative-a-la-restauration.pdf\">Consultation (N\u00b0001\/FGE\/2025)<\/a><\/p>\n\n\n\n<p><\/p>\n\n\n\n<p><\/p>\n\n\n\n<p><\/p>\n\n\n\n<p><\/p>\n","protected":false},"excerpt":{"rendered":"<p>Consultation (N\u00b0023\/FGE\/SG\/2025) relative aux prestations de gardiennage de la facult\u00e9 <span class=\"readmore\"><a href=\"https:\/\/fge.usthb.dz\/index.php\/consultations-2025\/\">Suite<\/a><\/span><\/p>\n","protected":false},"author":2,"featured_media":11893,"parent":0,"menu_order":0,"comment_status":"closed","ping_status":"closed","template":"","meta":{"footnotes":""},"class_list":["post-11159","page","type-page","status-publish","has-post-thumbnail","hentry"],"_links":{"self":[{"href":"https:\/\/fge.usthb.dz\/index.php\/wp-json\/wp\/v2\/pages\/11159","targetHints":{"allow":["GET"]}}],"collection":[{"href":"https:\/\/fge.usthb.dz\/index.php\/wp-json\/wp\/v2\/pages"}],"about":[{"href":"https:\/\/fge.usthb.dz\/index.php\/wp-json\/wp\/v2\/types\/page"}],"author":[{"embeddable":true,"href":"https:\/\/fge.usthb.dz\/index.php\/wp-json\/wp\/v2\/users\/2"}],"replies":[{"embeddable":true,"href":"https:\/\/fge.usthb.dz\/index.php\/wp-json\/wp\/v2\/comments?post=11159"}],"version-history":[{"count":37,"href":"https:\/\/fge.usthb.dz\/index.php\/wp-json\/wp\/v2\/pages\/11159\/revisions"}],"predecessor-version":[{"id":12134,"href":"https:\/\/fge.usthb.dz\/index.php\/wp-json\/wp\/v2\/pages\/11159\/revisions\/12134"}],"wp:featuredmedia":[{"embeddable":true,"href":"https:\/\/fge.usthb.dz\/index.php\/wp-json\/wp\/v2\/media\/11893"}],"wp:attachment":[{"href":"https:\/\/fge.usthb.dz\/index.php\/wp-json\/wp\/v2\/media?parent=11159"}],"curies":[{"name":"wp","href":"https:\/\/api.w.org\/{rel}","templated":true}]}}