{"id":106,"date":"2022-02-06T08:30:36","date_gmt":"2022-02-06T08:30:36","guid":{"rendered":"http:\/\/193.194.89.192\/?page_id=106"},"modified":"2026-04-28T09:11:58","modified_gmt":"2026-04-28T09:11:58","slug":"page7-2","status":"publish","type":"page","link":"https:\/\/fge.usthb.dz\/index.php\/page7-2\/","title":{"rendered":"Examens"},"content":{"rendered":"\n<p class=\"has-luminous-dusk-gradient-background has-background\"><strong>Planning des examens S2 de l\u2019ann\u00e9e 2025-2026<\/strong><\/p>\n\n\n\n<figure class=\"wp-block-table\"><table class=\"has-blush-light-purple-gradient-background has-background\"><tbody><tr><td><strong><a href=\"https:\/\/fge.usthb.dz\/dept_electrotec\/index.php\/examen\/\">Planning des examens de d\u00e9partement d\u2019\u00c9lectrotechnique <\/a><\/strong><\/td><\/tr><tr><td><strong><a href=\"https:\/\/fge.usthb.dz\/dept_electro\/index.php\/exmens\/\">Planning des examens de d\u00e9partement d&#8217;\u00c9lectronique<\/a><\/strong><\/td><\/tr><tr><td><strong><a href=\"https:\/\/fge.usthb.dz\/dept_telecom\/index.php\/examen\/\">Planning des examens de d\u00e9partement de T\u00e9l\u00e9communication <\/a><\/strong><\/td><\/tr><tr><td><strong><a href=\"https:\/\/fge.usthb.dz\/dept_auto\/index.php\/examen\/\">Planning des examens de d\u00e9partement d\u2019Automatique <\/a><\/strong><\/td><\/tr><\/tbody><\/table><\/figure>\n\n\n\n<p><a href=\"https:\/\/fge.usthb.dz\/wp-content\/uploads\/2026\/04\/Planning-des-Examens-S2-Groupe-de-filiere_A.pdf\">Planning des Examens du 2\u00e9me Ann\u00e9e ING Groupe de fili\u00e9re A sec A-B<\/a><\/p>\n\n\n\n<p><a href=\"https:\/\/fge.usthb.dz\/wp-content\/uploads\/2026\/04\/L2-2026-04-28-10-37-07.png\"> <\/a><\/p>\n\n\n\n<p><\/p>\n\n\n\n<p><\/p>\n\n\n\n<p><\/p>\n\n\n\n<p><\/p>\n\n\n\n<p><\/p>\n\n\n\n<p><\/p>\n\n\n\n<p><\/p>\n\n\n\n<p><\/p>\n\n\n\n<p><br><br><br><br><br><br><\/p>\n\n\n\n<p><\/p>\n\n\n\n<p><\/p>\n\n\n\n<p><\/p>\n\n\n\n<p><\/p>\n\n\n\n<p><\/p>\n\n\n\n<p><\/p>\n\n\n\n<p><\/p>\n\n\n\n<p><\/p>\n\n\n\n<p><\/p>\n\n\n\n<p><\/p>\n\n\n\n<p><\/p>\n\n\n\n<p><\/p>\n\n\n\n<p><\/p>\n\n\n\n<p><\/p>\n\n\n\n<p><\/p>\n\n\n\n<p><\/p>\n\n\n\n<p><\/p>\n\n\n\n<p><\/p>\n\n\n\n<p><\/p>\n","protected":false},"excerpt":{"rendered":"<p>Planning des examens S2 de l\u2019ann\u00e9e 2025-2026 Planning des examens <span class=\"readmore\"><a href=\"https:\/\/fge.usthb.dz\/index.php\/page7-2\/\">Suite<\/a><\/span><\/p>\n","protected":false},"author":2,"featured_media":11182,"parent":0,"menu_order":0,"comment_status":"closed","ping_status":"closed","template":"","meta":{"footnotes":""},"class_list":["post-106","page","type-page","status-publish","has-post-thumbnail","hentry"],"_links":{"self":[{"href":"https:\/\/fge.usthb.dz\/index.php\/wp-json\/wp\/v2\/pages\/106","targetHints":{"allow":["GET"]}}],"collection":[{"href":"https:\/\/fge.usthb.dz\/index.php\/wp-json\/wp\/v2\/pages"}],"about":[{"href":"https:\/\/fge.usthb.dz\/index.php\/wp-json\/wp\/v2\/types\/page"}],"author":[{"embeddable":true,"href":"https:\/\/fge.usthb.dz\/index.php\/wp-json\/wp\/v2\/users\/2"}],"replies":[{"embeddable":true,"href":"https:\/\/fge.usthb.dz\/index.php\/wp-json\/wp\/v2\/comments?post=106"}],"version-history":[{"count":297,"href":"https:\/\/fge.usthb.dz\/index.php\/wp-json\/wp\/v2\/pages\/106\/revisions"}],"predecessor-version":[{"id":12505,"href":"https:\/\/fge.usthb.dz\/index.php\/wp-json\/wp\/v2\/pages\/106\/revisions\/12505"}],"wp:featuredmedia":[{"embeddable":true,"href":"https:\/\/fge.usthb.dz\/index.php\/wp-json\/wp\/v2\/media\/11182"}],"wp:attachment":[{"href":"https:\/\/fge.usthb.dz\/index.php\/wp-json\/wp\/v2\/media?parent=106"}],"curies":[{"name":"wp","href":"https:\/\/api.w.org\/{rel}","templated":true}]}}