{"id":102,"date":"2022-02-06T08:27:02","date_gmt":"2022-02-06T08:27:02","guid":{"rendered":"http:\/\/193.194.89.192\/?page_id=102"},"modified":"2026-02-08T08:53:07","modified_gmt":"2026-02-08T08:53:07","slug":"page5-3","status":"publish","type":"page","link":"https:\/\/fge.usthb.dz\/index.php\/page5-3\/","title":{"rendered":"Emplois du temps"},"content":{"rendered":"\n<p><a href=\"https:\/\/docs.google.com\/document\/d\/1qxL_xw6EnU-7x_wkHRQOV0Cm0sHmfUE5\/edit?usp=drive_link&amp;ouid=112509407296254993597&amp;rtpof=true&amp;sd=true\">Emplois du temps de d\u00e9partement de T\u00e9l\u00e9communication 2025-2026 S2<\/a><\/p>\n\n\n\n<p><a href=\"https:\/\/drive.google.com\/drive\/folders\/1Pn3LvaRpTPR6mERn3_EgqEPf_YwZu8xQ?usp=drive_link\">Emplois du temps de d\u00e9partement d&#8217;\u00c9lectrotechnique 2025-2026 S2<\/a> <\/p>\n\n\n\n<p><a href=\"https:\/\/drive.google.com\/drive\/folders\/1zoHIQoLMmkixsbblIBHiw4jHNuErLzvO?usp=sharing\">Emplois du temps de d\u00e9partement d&#8217;\u00c9lectronique 2025-2026 S2<\/a><\/p>\n\n\n\n<p><a href=\"https:\/\/drive.google.com\/drive\/folders\/11SrIwkles_f501bXNjxSx1MV-esZFvhz?usp=drive_link\">Emplois du temps de d\u00e9partement d&#8217;Automatique 2025-2026 S2<\/a><\/p>\n\n\n\n<h1 class=\"wp-block-heading has-text-color has-link-color has-small-font-size wp-elements-05d8a95cd7231de338fd07e0b46ba9c8\" style=\"color:#811111\">Emplois du temps de 2\u00e8me ann\u00e9e ING groupe de fili\u00e8re A 2025-2026:<\/h1>\n\n\n\n<p>Emplois du temps de 2\u00e8me ann\u00e9e ING groupe de fili\u00e8re A Section A<\/p>\n\n\n\n<p>Emplois du temps de 2\u00e8me ann\u00e9e ING groupe de fili\u00e8re A section B<\/p>\n\n\n\n<p><\/p>\n\n\n\n<p><\/p>\n\n\n\n<p><\/p>\n\n\n\n<p><\/p>\n\n\n\n<p><\/p>\n\n\n\n<p><\/p>\n\n\n\n<p><\/p>\n\n\n\n<p><\/p>\n\n\n\n<p><\/p>\n\n\n\n<p><\/p>\n\n\n\n<p><\/p>\n","protected":false},"excerpt":{"rendered":"<p>Emplois du temps de d\u00e9partement de T\u00e9l\u00e9communication 2025-2026 S2 Emplois <span class=\"readmore\"><a href=\"https:\/\/fge.usthb.dz\/index.php\/page5-3\/\">Suite<\/a><\/span><\/p>\n","protected":false},"author":2,"featured_media":11611,"parent":0,"menu_order":0,"comment_status":"closed","ping_status":"closed","template":"","meta":{"footnotes":""},"class_list":["post-102","page","type-page","status-publish","has-post-thumbnail","hentry"],"_links":{"self":[{"href":"https:\/\/fge.usthb.dz\/index.php\/wp-json\/wp\/v2\/pages\/102","targetHints":{"allow":["GET"]}}],"collection":[{"href":"https:\/\/fge.usthb.dz\/index.php\/wp-json\/wp\/v2\/pages"}],"about":[{"href":"https:\/\/fge.usthb.dz\/index.php\/wp-json\/wp\/v2\/types\/page"}],"author":[{"embeddable":true,"href":"https:\/\/fge.usthb.dz\/index.php\/wp-json\/wp\/v2\/users\/2"}],"replies":[{"embeddable":true,"href":"https:\/\/fge.usthb.dz\/index.php\/wp-json\/wp\/v2\/comments?post=102"}],"version-history":[{"count":107,"href":"https:\/\/fge.usthb.dz\/index.php\/wp-json\/wp\/v2\/pages\/102\/revisions"}],"predecessor-version":[{"id":12299,"href":"https:\/\/fge.usthb.dz\/index.php\/wp-json\/wp\/v2\/pages\/102\/revisions\/12299"}],"wp:featuredmedia":[{"embeddable":true,"href":"https:\/\/fge.usthb.dz\/index.php\/wp-json\/wp\/v2\/media\/11611"}],"wp:attachment":[{"href":"https:\/\/fge.usthb.dz\/index.php\/wp-json\/wp\/v2\/media?parent=102"}],"curies":[{"name":"wp","href":"https:\/\/api.w.org\/{rel}","templated":true}]}}